{"id":151918,"date":"2021-01-15T12:02:20","date_gmt":"2021-01-15T12:02:20","guid":{"rendered":"https:\/\/codengine3.ch\/?product=import-placeholder-for-202907"},"modified":"2021-01-15T12:52:20","modified_gmt":"2021-01-15T12:52:20","slug":"die-schoensten-bergwanderungen-in-oesterreich","status":"publish","type":"product","link":"https:\/\/pizbube.ch\/en\/shop\/die-schoensten-bergwanderungen-in-oesterreich\/","title":{"rendered":"Die sch\u00f6nsten Bergwanderungen in \u00d6sterreich"},"content":{"rendered":"<p>Berge soweit das Auge reicht: Von Silvretta und R\u00e4tikon \u00fcber Karwendel und<br \/>\nDachstein bis hin zu Hochschwab und Wiener Schneeberg. Der Bergkenner Helmut<br \/>\nDumler beschreibt die 36 sch\u00f6nsten Bergwanderungen f\u00fcr Familien, Geniesser und<br \/>\nanspruchsvolle Bergsteiger. Kenntnisreiche Texte zu den einzelnen Gebieten und<br \/>\nherrliche Aufnahmen laden ein zum Entdecken und Schm\u00f6kern, zum Planen und<br \/>\nNacherleben. Bergtouren zum Tr\u00e4umen mit allen wichtigen Informationen f\u00fcr die<br \/>\neigene Wanderung.<br \/>\nPanoramapl\u00e4tze, H\u00f6henwege, Gipfelziele. Farb. Fotos, Karten. 143 S.  <\/p>","protected":false},"excerpt":{"rendered":"<p>Berge soweit das Auge reicht: Von Silvretta und R\u00e4tikon \u00fcber Karwendel und Dachstein bis hin zu Hochschwab und Wiener Schneeberg. Der Bergkenner Helmut Dumler beschreibt die 36 sch\u00f6nsten Bergwanderungen f\u00fcr Familien, Geniesser und anspruchsvolle Bergsteiger. Kenntnisreiche Texte zu den einzelnen Gebieten und herrliche Aufnahmen laden ein zum Entdecken und Schm\u00f6kern, zum Planen und Nacherleben. Bergtouren [&#8230;]\n","protected":false},"featured_media":30388,"template":"","meta":[],"product_brand":[],"product_cat":[21605],"product_tag":[],"class_list":{"0":"post-151918","1":"product","2":"type-product","3":"status-publish","4":"has-post-thumbnail","6":"product_cat-wanderfuehrer-trekking","7":"pa_autor-dumler","8":"pa_erscheinungsjahr-22292","9":"pa_region-oesterreich","10":"pa_sprache-de","12":"first","13":"outofstock","14":"taxable","15":"shipping-taxable","16":"purchasable","17":"product-type-simple"},"_links":{"self":[{"href":"https:\/\/pizbube.ch\/en\/wp-json\/wp\/v2\/product\/151918","targetHints":{"allow":["GET"]}}],"collection":[{"href":"https:\/\/pizbube.ch\/en\/wp-json\/wp\/v2\/product"}],"about":[{"href":"https:\/\/pizbube.ch\/en\/wp-json\/wp\/v2\/types\/product"}],"wp:featuredmedia":[{"embeddable":true,"href":"https:\/\/pizbube.ch\/en\/wp-json\/wp\/v2\/media\/30388"}],"wp:attachment":[{"href":"https:\/\/pizbube.ch\/en\/wp-json\/wp\/v2\/media?parent=151918"}],"wp:term":[{"taxonomy":"product_brand","embeddable":true,"href":"https:\/\/pizbube.ch\/en\/wp-json\/wp\/v2\/product_brand?post=151918"},{"taxonomy":"product_cat","embeddable":true,"href":"https:\/\/pizbube.ch\/en\/wp-json\/wp\/v2\/product_cat?post=151918"},{"taxonomy":"product_tag","embeddable":true,"href":"https:\/\/pizbube.ch\/en\/wp-json\/wp\/v2\/product_tag?post=151918"}],"curies":[{"name":"wp","href":"https:\/\/api.w.org\/{rel}","templated":true}]}}