{"id":151919,"date":"2021-01-15T12:02:20","date_gmt":"2021-01-15T12:02:20","guid":{"rendered":"https:\/\/codengine3.ch\/?product=import-placeholder-for-206006"},"modified":"2024-06-13T09:24:24","modified_gmt":"2024-06-13T07:24:24","slug":"defereggental-villgrater-tal-lasoerlinggruppe-1-50000","status":"publish","type":"product","link":"https:\/\/pizbube.ch\/en\/shop\/defereggental-villgrater-tal-lasoerlinggruppe-1-50000\/","title":{"rendered":"Defereggental &#8211; Villgrater Tal &#8211; Las\u00f6rlinggruppe 1: 50`000"},"content":{"rendered":"<p>Defereggental, Las\u00f6rlinggruppe.; 1:50`000<br \/>\nKurzf\u00fchrer, alpine Skirouten. WK 45<\/p>\n<p>5in1 Wanderkarte 1:50000 mit Panorama, Aktiv Guide und Detailkarten inklusive<br \/>\nKarte zur offline Verwendung in der KOMPASS-App. Fahrradfahren. Skitouren.<br \/>\nLanglaufen.<\/p>\n<p>KOMPASS-Wanderkarten enthalten alles Wissenswerte f\u00fcr Wanderer wie aktuelle<br \/>\nWanderwege mit Markierungen, empfehlenswerte Radrouten und wichtige<br \/>\ntouristische Informationen.<br \/>\nDer topographische Inhalt wird bei aller Detailgenauigkeit leicht lesbar und<br \/>\nanschaulich dargestellt.<\/p>\n<p>Ein \u00fcbersichtlich gestaltetes Beiheft mit zahlreichen Farbfotos informiert<br \/>\n\u00fcber Orte und Schutzh\u00fctten sowie empfehlenswerte Touren, Sehensw\u00fcrdigkeiten<br \/>\nund Freizeiteinrichtungen.<\/p>","protected":false},"excerpt":{"rendered":"<p>Defereggental, Las\u00f6rlinggruppe.; 1:50`000 Kurzf\u00fchrer, alpine Skirouten. WK 45 5in1 Wanderkarte 1:50000 mit Panorama, Aktiv Guide und Detailkarten inklusive Karte zur offline Verwendung in der KOMPASS-App. Fahrradfahren. Skitouren. Langlaufen. KOMPASS-Wanderkarten enthalten alles Wissenswerte f\u00fcr Wanderer wie aktuelle Wanderwege mit Markierungen, empfehlenswerte Radrouten und wichtige touristische Informationen. Der topographische Inhalt wird bei aller Detailgenauigkeit leicht lesbar und [&#8230;]\n","protected":false},"featured_media":173395,"template":"","meta":[],"product_brand":[],"product_cat":[21543],"product_tag":[],"class_list":{"0":"post-151919","1":"product","2":"type-product","3":"status-publish","4":"has-post-thumbnail","6":"product_cat-landkarten","7":"pa_autor-kompass","8":"pa_erscheinungsjahr-27013","9":"pa_region-oesterreich","10":"pa_sprache-de","12":"first","13":"instock","14":"taxable","15":"shipping-taxable","16":"purchasable","17":"product-type-simple"},"_links":{"self":[{"href":"https:\/\/pizbube.ch\/en\/wp-json\/wp\/v2\/product\/151919","targetHints":{"allow":["GET"]}}],"collection":[{"href":"https:\/\/pizbube.ch\/en\/wp-json\/wp\/v2\/product"}],"about":[{"href":"https:\/\/pizbube.ch\/en\/wp-json\/wp\/v2\/types\/product"}],"wp:featuredmedia":[{"embeddable":true,"href":"https:\/\/pizbube.ch\/en\/wp-json\/wp\/v2\/media\/173395"}],"wp:attachment":[{"href":"https:\/\/pizbube.ch\/en\/wp-json\/wp\/v2\/media?parent=151919"}],"wp:term":[{"taxonomy":"product_brand","embeddable":true,"href":"https:\/\/pizbube.ch\/en\/wp-json\/wp\/v2\/product_brand?post=151919"},{"taxonomy":"product_cat","embeddable":true,"href":"https:\/\/pizbube.ch\/en\/wp-json\/wp\/v2\/product_cat?post=151919"},{"taxonomy":"product_tag","embeddable":true,"href":"https:\/\/pizbube.ch\/en\/wp-json\/wp\/v2\/product_tag?post=151919"}],"curies":[{"name":"wp","href":"https:\/\/api.w.org\/{rel}","templated":true}]}}