{"id":151923,"date":"2021-01-15T12:02:26","date_gmt":"2021-01-15T12:02:26","guid":{"rendered":"https:\/\/codengine3.ch\/?product=import-placeholder-for-206936"},"modified":"2021-12-04T15:09:54","modified_gmt":"2021-12-04T14:09:54","slug":"alpwandern","status":"publish","type":"product","link":"https:\/\/pizbube.ch\/en\/shop\/alpwandern\/","title":{"rendered":"Alpwandern"},"content":{"rendered":"<p>16 Touren zu Kuh-, Ziegen-und Schafalpen im Schweizer Alpenbogen<\/p>\n<p>Eines haben die 16 in diesem Buch vereinten Alpbetriebe zwischen Wallis und<br \/>\nGraub\u00fcnden gemeinsam: Sie sind nur zu Fuss erreichbar. Die Zug\u00e4nge f\u00fchren<br \/>\ndurch Schluchten in abgeschiedene Hocht\u00e4ler, \u00fcber K\u00e4mme zu H\u00fctten \u00fcber der<br \/>\nBaumgrenze, durch Bergw\u00e4lder auf sonnige Hangschultern. Alpwege sind<br \/>\nArbeitswege, kurz und einfach hier, lang und anstrengend dort. Beschrieben<br \/>\nwerden jedoch auch Wege \u00fcber die Alp hinaus zu hoch gelegenen Weiden, \u00fcber ein<br \/>\nJoch zur Nachbaralp oder ins Nebental.<\/p>\n<p>Die Routen f\u00fchren zu Kuh- und Ziegenalpen, auf denen K\u00e4se hergestellt wird, zu Schaf-, Rinder- und<br \/>\nMutterkuhalpen. Zusammen ergeben sie einen Querschnitt durch das heutige<br \/>\nSchweizer Alpwesen mit seinen Betriebsformen, Produktionsweisen,<br \/>\nArbeitsbedingungen. Auf- und Abstiege lassen sich in einem Tag machen. Es<br \/>\nfehlen aber auch nicht Angaben zu \u00dcbernachtungs- und Verpflegungsm\u00f6glichkeiten<br \/>\nauf den Touren.<\/p>\n<p>176 Seite; zahlreiche Karten und farbige Abbildungen<\/p>","protected":false},"excerpt":{"rendered":"<p>16 Touren zu Kuh-, Ziegen-und Schafalpen im Schweizer Alpenbogen Eines haben die 16 in diesem Buch vereinten Alpbetriebe zwischen Wallis und Graub\u00fcnden gemeinsam: Sie sind nur zu Fuss erreichbar. Die Zug\u00e4nge f\u00fchren durch Schluchten in abgeschiedene Hocht\u00e4ler, \u00fcber K\u00e4mme zu H\u00fctten \u00fcber der Baumgrenze, durch Bergw\u00e4lder auf sonnige Hangschultern. Alpwege sind Arbeitswege, kurz und einfach [&#8230;]\n","protected":false},"featured_media":36476,"template":"","meta":[],"product_brand":[],"product_cat":[21605],"product_tag":[],"class_list":{"0":"post-151923","1":"product","2":"type-product","3":"status-publish","4":"has-post-thumbnail","6":"product_cat-wanderfuehrer-trekking","7":"pa_autor-ganz-valance","8":"pa_erscheinungsjahr-21610","9":"pa_region-schweiz","10":"pa_sprache-de","12":"first","13":"instock","14":"taxable","15":"shipping-taxable","16":"purchasable","17":"product-type-simple"},"_links":{"self":[{"href":"https:\/\/pizbube.ch\/en\/wp-json\/wp\/v2\/product\/151923","targetHints":{"allow":["GET"]}}],"collection":[{"href":"https:\/\/pizbube.ch\/en\/wp-json\/wp\/v2\/product"}],"about":[{"href":"https:\/\/pizbube.ch\/en\/wp-json\/wp\/v2\/types\/product"}],"wp:featuredmedia":[{"embeddable":true,"href":"https:\/\/pizbube.ch\/en\/wp-json\/wp\/v2\/media\/36476"}],"wp:attachment":[{"href":"https:\/\/pizbube.ch\/en\/wp-json\/wp\/v2\/media?parent=151923"}],"wp:term":[{"taxonomy":"product_brand","embeddable":true,"href":"https:\/\/pizbube.ch\/en\/wp-json\/wp\/v2\/product_brand?post=151923"},{"taxonomy":"product_cat","embeddable":true,"href":"https:\/\/pizbube.ch\/en\/wp-json\/wp\/v2\/product_cat?post=151923"},{"taxonomy":"product_tag","embeddable":true,"href":"https:\/\/pizbube.ch\/en\/wp-json\/wp\/v2\/product_tag?post=151923"}],"curies":[{"name":"wp","href":"https:\/\/api.w.org\/{rel}","templated":true}]}}