{"id":151928,"date":"2021-01-15T12:02:27","date_gmt":"2021-01-15T12:02:27","guid":{"rendered":"https:\/\/codengine3.ch\/?product=import-placeholder-for-207077"},"modified":"2021-01-15T14:54:55","modified_gmt":"2021-01-15T14:54:55","slug":"puigmal-vall-de-nuria-ulldeter-125000","status":"publish","type":"product","link":"https:\/\/pizbube.ch\/en\/shop\/puigmal-vall-de-nuria-ulldeter-125000\/","title":{"rendered":"Puigmal &#8211; Vall de Nuria &#8211; Ulldeter 1:25&#8217;000"},"content":{"rendered":"<p>\nPuigmal-Vall de Nuria-Ulldeter<\/p>\n<p>Wanderkarte mit Wanderf\u00fchrer, 140 Seiten.<br \/>\nKomplett in Klarsichth\u00fclle  <\/p>\n<p>Escala 1:25.000  <\/p>\n<p>Idioma espanyol, angl\u00e8s,franc\u00e9s  <\/p>\n<p>\u2022 Carpeta i mapa Excursionista<br \/>\n\u2022 Escala: 1: 25.000<br \/>\n\u2022 Equidist\u00e0ncia: 10 m<br \/>\n\u2022 Corbes mestres: a 50 m<br \/>\n\u2022 Informacions d\u2019inter\u00e8s excursionista<br \/>\n\u2022 Usos del s\u00f2l representats a 3 nivells<br \/>\n\u2022 Quadr\u00edcula UTM amb divisions d\u20191 km<br \/>\n\u2022 Compatible GPS  <\/p>","protected":false},"excerpt":{"rendered":"<p>Puigmal-Vall de Nuria-Ulldeter Wanderkarte mit Wanderf\u00fchrer, 140 Seiten. Komplett in Klarsichth\u00fclle Escala 1:25.000 Idioma espanyol, angl\u00e8s,franc\u00e9s \u2022 Carpeta i mapa Excursionista \u2022 Escala: 1: 25.000 \u2022 Equidist\u00e0ncia: 10 m \u2022 Corbes mestres: a 50 m \u2022 Informacions d\u2019inter\u00e8s excursionista \u2022 Usos del s\u00f2l representats a 3 nivells \u2022 Quadr\u00edcula UTM amb divisions d\u20191 km \u2022 [&#8230;]\n","protected":false},"featured_media":40183,"template":"","meta":[],"product_brand":[],"product_cat":[21543],"product_tag":[],"class_list":{"0":"post-151928","1":"product","2":"type-product","3":"status-publish","4":"has-post-thumbnail","6":"product_cat-landkarten","7":"pa_autor-alpina","8":"pa_erscheinungsjahr-21586","9":"pa_region-spanien","10":"pa_sprache-es-fr-en","12":"first","13":"instock","14":"taxable","15":"shipping-taxable","16":"purchasable","17":"product-type-simple"},"_links":{"self":[{"href":"https:\/\/pizbube.ch\/en\/wp-json\/wp\/v2\/product\/151928","targetHints":{"allow":["GET"]}}],"collection":[{"href":"https:\/\/pizbube.ch\/en\/wp-json\/wp\/v2\/product"}],"about":[{"href":"https:\/\/pizbube.ch\/en\/wp-json\/wp\/v2\/types\/product"}],"wp:featuredmedia":[{"embeddable":true,"href":"https:\/\/pizbube.ch\/en\/wp-json\/wp\/v2\/media\/40183"}],"wp:attachment":[{"href":"https:\/\/pizbube.ch\/en\/wp-json\/wp\/v2\/media?parent=151928"}],"wp:term":[{"taxonomy":"product_brand","embeddable":true,"href":"https:\/\/pizbube.ch\/en\/wp-json\/wp\/v2\/product_brand?post=151928"},{"taxonomy":"product_cat","embeddable":true,"href":"https:\/\/pizbube.ch\/en\/wp-json\/wp\/v2\/product_cat?post=151928"},{"taxonomy":"product_tag","embeddable":true,"href":"https:\/\/pizbube.ch\/en\/wp-json\/wp\/v2\/product_tag?post=151928"}],"curies":[{"name":"wp","href":"https:\/\/api.w.org\/{rel}","templated":true}]}}