{"id":151932,"date":"2021-01-15T12:02:27","date_gmt":"2021-01-15T12:02:27","guid":{"rendered":"https:\/\/codengine3.ch\/?product=import-placeholder-for-205624"},"modified":"2021-01-15T14:42:40","modified_gmt":"2021-01-15T14:42:40","slug":"corredores-de-andorra","status":"publish","type":"product","link":"https:\/\/pizbube.ch\/en\/shop\/corredores-de-andorra\/","title":{"rendered":"Corredores de Andorra"},"content":{"rendered":"<p>126 itinerarios de hielo, mixto y nieve  <\/p>\n<p>La gu\u00eda presenta un total de 126 corredores de hielo, mixto y nieve del<br \/>\nterritorio andorrano (distribuidas en dos partes diferenciadas: las situadas<br \/>\nal norte y al sur del r\u00edo Valira), e incluye adem\u00e1s la zona francesa que<br \/>\ndiscurre de Porte Puimorens a Pas de la Casa. M\u00e1s conocida para los<br \/>\nexcursionistas y esquiadores que recorren las monta\u00f1as de Andorra, los amantes<br \/>\nde los corredores de nieve descubrir\u00e1n gracias a este trabajo un excelente<br \/>\nterreno de juego para sus aventuras en el que, como reconoce el autor, todav\u00eda<br \/>\nhay lugar para la apertura de nuevos itinerarios.  <\/p>","protected":false},"excerpt":{"rendered":"<p>126 itinerarios de hielo, mixto y nieve La gu\u00eda presenta un total de 126 corredores de hielo, mixto y nieve del territorio andorrano (distribuidas en dos partes diferenciadas: las situadas al norte y al sur del r\u00edo Valira), e incluye adem\u00e1s la zona francesa que discurre de Porte Puimorens a Pas de la Casa. M\u00e1s [&#8230;]\n","protected":false},"featured_media":34405,"template":"","meta":[],"product_brand":[],"product_cat":[21540],"product_tag":[],"class_list":{"0":"post-151932","1":"product","2":"type-product","3":"status-publish","4":"has-post-thumbnail","6":"product_cat-fuehrerliteratur-alpin-winter","7":"pa_autor-sanchez","8":"pa_erscheinungsjahr-21693","9":"pa_region-spanien","10":"pa_sprache-sp","12":"first","13":"instock","14":"taxable","15":"shipping-taxable","16":"purchasable","17":"product-type-simple"},"_links":{"self":[{"href":"https:\/\/pizbube.ch\/en\/wp-json\/wp\/v2\/product\/151932","targetHints":{"allow":["GET"]}}],"collection":[{"href":"https:\/\/pizbube.ch\/en\/wp-json\/wp\/v2\/product"}],"about":[{"href":"https:\/\/pizbube.ch\/en\/wp-json\/wp\/v2\/types\/product"}],"wp:featuredmedia":[{"embeddable":true,"href":"https:\/\/pizbube.ch\/en\/wp-json\/wp\/v2\/media\/34405"}],"wp:attachment":[{"href":"https:\/\/pizbube.ch\/en\/wp-json\/wp\/v2\/media?parent=151932"}],"wp:term":[{"taxonomy":"product_brand","embeddable":true,"href":"https:\/\/pizbube.ch\/en\/wp-json\/wp\/v2\/product_brand?post=151932"},{"taxonomy":"product_cat","embeddable":true,"href":"https:\/\/pizbube.ch\/en\/wp-json\/wp\/v2\/product_cat?post=151932"},{"taxonomy":"product_tag","embeddable":true,"href":"https:\/\/pizbube.ch\/en\/wp-json\/wp\/v2\/product_tag?post=151932"}],"curies":[{"name":"wp","href":"https:\/\/api.w.org\/{rel}","templated":true}]}}