{"id":151938,"date":"2021-01-15T12:02:27","date_gmt":"2021-01-15T12:02:27","guid":{"rendered":"https:\/\/codengine3.ch\/?product=import-placeholder-for-205111"},"modified":"2026-03-25T11:47:06","modified_gmt":"2026-03-25T10:47:06","slug":"52-balades-a-skis-dans-les-pyrenees-centrales","status":"publish","type":"product","link":"https:\/\/pizbube.ch\/en\/shop\/52-balades-a-skis-dans-les-pyrenees-centrales\/","title":{"rendered":"52 balades \u00e0 skis dans les Pyr\u00e9n\u00e9es Centrales"},"content":{"rendered":"<p>Vall\u00e9e de Luchon, Encantats, vall\u00e9es d&#8217;Aure et du Louron, Aneto.<\/p>\n<p>Taill\u00e9e pile au centre des Pyr\u00e9n\u00e9es, la haute vall\u00e9e de Luchon cache une<br \/>\nconcentration de sommets de plus de 3 000 m unique dans la cha\u00eene. Autour de<br \/>\nce bouquet de hautes cimes accroch\u00e9es sur la fronti\u00e8re espagnole, des<br \/>\nbelv\u00e9d\u00e8res, plus facilement accessibles \u00e0 skis, ne manquent pas pour admirer<br \/>\nces g\u00e9ants de pierre, sculpt\u00e9s et rabot\u00e9s par des glaciers aujourd&#8217;hui en<br \/>\nperdition. Juste au sud, au-dessus de la vall\u00e9e de B\u00e9nasque, le massif de<br \/>\nl&#8217;Aneto domine tranquillement le reste de la cha\u00eene du haut de ses 3 404 m.<\/p>\n<p>\u00c0 l&#8217;est, c&#8217;estdepuis le val d&#8217;Aran voisin que l&#8217;on entre dans le parc national<br \/>\nespagnol des Aygues Tortes, o\u00f9 le c\u00e9l\u00e9brissime sommet des Encantats a donn\u00e9<br \/>\nson nom au plus beau massif qui soit ; \u00e0 parcourir de long en large, skis aux<br \/>\npieds et sans mod\u00e9ration. C&#8217;est juste \u00e0 l&#8217;ouest, enfin, sur les hauteurs de la<br \/>\nvall\u00e9e d&#8217;Aure, que le parc national des Pyr\u00e9n\u00e9es abrite la r\u00e9gion lacustre du<br \/>\nN\u00e9ouvielle.<\/p>\n<p>Ici, les sommets sont encore granitiques, mais au-del\u00e0, les perspectives<br \/>\ns&#8217;ouvrent d\u00e9j\u00e0 sur des Pyr\u00e9n\u00e9es diff\u00e9rentes, des panoramas cette fois taill\u00e9s<br \/>\ndans le calcaire. Gr\u00e2ce \u00e0 des reliefs, des paysages et des ambiances tr\u00e8s<br \/>\nvari\u00e9s, chacun trouvera la randonn\u00e9e adapt\u00e9e \u00e0 son niveau et \u00e0 son go\u00fbt, dans<br \/>\ncette portion unique des Pyr\u00e9n\u00e9es centrales.<\/p>\n<p>127 pages<\/p>","protected":false},"excerpt":{"rendered":"<p>Vall\u00e9e de Luchon, Encantats, vall\u00e9es d&#8217;Aure et du Louron, Aneto. Taill\u00e9e pile au centre des Pyr\u00e9n\u00e9es, la haute vall\u00e9e de Luchon cache une concentration de sommets de plus de 3 000 m unique dans la cha\u00eene. Autour de ce bouquet de hautes cimes accroch\u00e9es sur la fronti\u00e8re espagnole, des belv\u00e9d\u00e8res, plus facilement accessibles \u00e0 skis, [&#8230;]\n","protected":false},"featured_media":171400,"template":"","meta":[],"product_brand":[],"product_cat":[21540],"product_tag":[],"class_list":{"0":"post-151938","1":"product","2":"type-product","3":"status-publish","4":"has-post-thumbnail","6":"product_cat-fuehrerliteratur-alpin-winter","7":"pa_autor-laurens","8":"pa_erscheinungsjahr-21842","9":"pa_region-frankreich","10":"pa_sprache-fr","12":"first","13":"instock","14":"taxable","15":"shipping-taxable","16":"purchasable","17":"product-type-simple"},"_links":{"self":[{"href":"https:\/\/pizbube.ch\/en\/wp-json\/wp\/v2\/product\/151938","targetHints":{"allow":["GET"]}}],"collection":[{"href":"https:\/\/pizbube.ch\/en\/wp-json\/wp\/v2\/product"}],"about":[{"href":"https:\/\/pizbube.ch\/en\/wp-json\/wp\/v2\/types\/product"}],"wp:featuredmedia":[{"embeddable":true,"href":"https:\/\/pizbube.ch\/en\/wp-json\/wp\/v2\/media\/171400"}],"wp:attachment":[{"href":"https:\/\/pizbube.ch\/en\/wp-json\/wp\/v2\/media?parent=151938"}],"wp:term":[{"taxonomy":"product_brand","embeddable":true,"href":"https:\/\/pizbube.ch\/en\/wp-json\/wp\/v2\/product_brand?post=151938"},{"taxonomy":"product_cat","embeddable":true,"href":"https:\/\/pizbube.ch\/en\/wp-json\/wp\/v2\/product_cat?post=151938"},{"taxonomy":"product_tag","embeddable":true,"href":"https:\/\/pizbube.ch\/en\/wp-json\/wp\/v2\/product_tag?post=151938"}],"curies":[{"name":"wp","href":"https:\/\/api.w.org\/{rel}","templated":true}]}}