{"id":151939,"date":"2021-01-15T12:02:27","date_gmt":"2021-01-15T12:02:27","guid":{"rendered":"https:\/\/codengine3.ch\/?product=import-placeholder-for-206079"},"modified":"2026-03-10T15:20:22","modified_gmt":"2026-03-10T14:20:22","slug":"val-daran-esqui-de-montana-y-raquetas-75-itinerarios","status":"publish","type":"product","link":"https:\/\/pizbube.ch\/en\/shop\/val-daran-esqui-de-montana-y-raquetas-75-itinerarios\/","title":{"rendered":"Val d&#8217;Aran &#8211; Esqu\u00ed de monta\u00f1a y raquetas 75 itinerarios"},"content":{"rendered":"<p>Esta gu\u00eda nace con el objetivo de recopilar toda la informaci\u00f3n publicada<br \/>\nsobre esta zona, complementando las excursiones cl\u00e1sicas del valle, como el<br \/>\nTuc de Salana, Montardo, Vaciv\u00e8r o Tuc dera Pinc\u00e8la, con otras salidas<br \/>\nin\u00e9ditas, ofreciendo la posibilidad de elegir entre 75 itinerarios de variada<br \/>\ndificultad y horario. No se ha buscado realizar una descripci\u00f3n exhaustiva de<br \/>\ntodas las posibilidades del valle, m\u00e1s bien la intenci\u00f3n de este trabajo es<br \/>\nservir de punto de partida para conocer la zona, que nos puede llevar a<br \/>\nexplorar nuevas rutas o combinar salidas ya definidas.<\/p>\n<p>Los 75 itinerarios se presentan con su trazado en el mapa y representativas<br \/>\nfotograf\u00edas a todo color, as\u00ed como una detallada descripci\u00f3n del recorrido y<br \/>\ntoda la informaci\u00f3n necesaria para su repetici\u00f3n: punto de partida, desnivel,<br \/>\norientaci\u00f3n, dificultad, horario aproximado y \u00e9poca recomendada. A estas<br \/>\npropuestas se a\u00f1ade la alta ruta por excelencia del Pirineo: &#8218;Carros de Foc&#8216;<br \/>\ncon esqu\u00eds, traves\u00eda de gran belleza que pasa por los refugios del Parque<br \/>\nNacional d\u2019Aig\u00fcestortes y que cruza \u2013 en ocho etapas \u2013 las comarcas catalanas<br \/>\nde Aran, Pallars y Ribagorza.<\/p>\n<p>Adem\u00e1s, atendiendo al auge que se est\u00e1 produciendo entre los aficionados a la<br \/>\nmonta\u00f1a el uso de raquetas de nieve, cada ficha contiene las observaciones<br \/>\nnecesarias para realizar con raquetas las mismas excursiones descritas para<br \/>\nesqu\u00eds.<\/p>","protected":false},"excerpt":{"rendered":"<p>Esta gu\u00eda nace con el objetivo de recopilar toda la informaci\u00f3n publicada sobre esta zona, complementando las excursiones cl\u00e1sicas del valle, como el Tuc de Salana, Montardo, Vaciv\u00e8r o Tuc dera Pinc\u00e8la, con otras salidas in\u00e9ditas, ofreciendo la posibilidad de elegir entre 75 itinerarios de variada dificultad y horario. No se ha buscado realizar una [&#8230;]\n","protected":false},"featured_media":170903,"template":"","meta":[],"product_brand":[],"product_cat":[21540],"product_tag":[27699],"class_list":{"0":"post-151939","1":"product","2":"type-product","3":"status-publish","4":"has-post-thumbnail","6":"product_cat-fuehrerliteratur-alpin-winter","7":"product_tag-pyrenaeen-skitourenfuehrer","8":"pa_autor-roman","9":"pa_erscheinungsjahr-21597","10":"pa_region-spanien","11":"pa_sprache-es","13":"first","14":"instock","15":"taxable","16":"shipping-taxable","17":"purchasable","18":"product-type-simple"},"_links":{"self":[{"href":"https:\/\/pizbube.ch\/en\/wp-json\/wp\/v2\/product\/151939","targetHints":{"allow":["GET"]}}],"collection":[{"href":"https:\/\/pizbube.ch\/en\/wp-json\/wp\/v2\/product"}],"about":[{"href":"https:\/\/pizbube.ch\/en\/wp-json\/wp\/v2\/types\/product"}],"wp:featuredmedia":[{"embeddable":true,"href":"https:\/\/pizbube.ch\/en\/wp-json\/wp\/v2\/media\/170903"}],"wp:attachment":[{"href":"https:\/\/pizbube.ch\/en\/wp-json\/wp\/v2\/media?parent=151939"}],"wp:term":[{"taxonomy":"product_brand","embeddable":true,"href":"https:\/\/pizbube.ch\/en\/wp-json\/wp\/v2\/product_brand?post=151939"},{"taxonomy":"product_cat","embeddable":true,"href":"https:\/\/pizbube.ch\/en\/wp-json\/wp\/v2\/product_cat?post=151939"},{"taxonomy":"product_tag","embeddable":true,"href":"https:\/\/pizbube.ch\/en\/wp-json\/wp\/v2\/product_tag?post=151939"}],"curies":[{"name":"wp","href":"https:\/\/api.w.org\/{rel}","templated":true}]}}