{"id":151941,"date":"2021-01-15T12:02:28","date_gmt":"2021-01-15T12:02:28","guid":{"rendered":"https:\/\/codengine3.ch\/?product=import-placeholder-for-203208"},"modified":"2021-01-15T12:55:06","modified_gmt":"2021-01-15T12:55:06","slug":"aneto-guia-montanera","status":"publish","type":"product","link":"https:\/\/pizbube.ch\/en\/shop\/aneto-guia-montanera\/","title":{"rendered":"Aneto. Gu\u00eda monta\u00f1era"},"content":{"rendered":"<p>Ascensiones, traves\u00edas y escaladas: Ascensiones, Traves\u00edas, Crestas y aristas,<br \/>\nEscalada en roca, Escalada en hielo y nieve.  <\/p>\n<p>Si fuese preciso destacar una sola cumbre de todo el Pirineo, seguro que el<br \/>\ngrueso de los consultados se decantar\u00eda por el Aneto. No es \u00fanicamente la<br \/>\nc\u00faspide de esta cordillera, sino que constituye el epicentro de los llamados<br \/>\nMontes Malditos, el coraz\u00f3n de un universo deslumbrante de hielo y granito.<br \/>\nAdem\u00e1s de la incuestionable personalidad de estas monta\u00f1as, que se alzan a<br \/>\ncaballo entre la vega del \u00c9sera y la del Noguera Ribagorzana, es preciso<br \/>\na\u00f1adir a la balanza el peso enorme que tanto el Aneto como sus ac\u00f3licos tienen<br \/>\ndentro de la historia del pirine\u00edsmo. El valor de una tradici\u00f3n de m\u00e1s de dos<br \/>\nsiglos de antig\u00fcedad se siente con cada metro que se asciende. No vamos a<br \/>\nhollar unas rocas vulgares; eso est\u00e1 m\u00e1s que claro.  <\/p>","protected":false},"excerpt":{"rendered":"<p>Ascensiones, traves\u00edas y escaladas: Ascensiones, Traves\u00edas, Crestas y aristas, Escalada en roca, Escalada en hielo y nieve. Si fuese preciso destacar una sola cumbre de todo el Pirineo, seguro que el grueso de los consultados se decantar\u00eda por el Aneto. No es \u00fanicamente la c\u00faspide de esta cordillera, sino que constituye el epicentro de los [&#8230;]\n","protected":false},"featured_media":30757,"template":"","meta":[],"product_brand":[],"product_cat":[21544],"product_tag":[],"class_list":{"0":"post-151941","1":"product","2":"type-product","3":"status-publish","4":"has-post-thumbnail","6":"product_cat-fuehrerliteratur-alpin-sommer","7":"pa_autor-embid-gomez","8":"pa_erscheinungsjahr-21842","9":"pa_region-spanien","10":"pa_sprache-sp","12":"first","13":"instock","14":"taxable","15":"shipping-taxable","16":"purchasable","17":"product-type-simple"},"_links":{"self":[{"href":"https:\/\/pizbube.ch\/en\/wp-json\/wp\/v2\/product\/151941","targetHints":{"allow":["GET"]}}],"collection":[{"href":"https:\/\/pizbube.ch\/en\/wp-json\/wp\/v2\/product"}],"about":[{"href":"https:\/\/pizbube.ch\/en\/wp-json\/wp\/v2\/types\/product"}],"wp:featuredmedia":[{"embeddable":true,"href":"https:\/\/pizbube.ch\/en\/wp-json\/wp\/v2\/media\/30757"}],"wp:attachment":[{"href":"https:\/\/pizbube.ch\/en\/wp-json\/wp\/v2\/media?parent=151941"}],"wp:term":[{"taxonomy":"product_brand","embeddable":true,"href":"https:\/\/pizbube.ch\/en\/wp-json\/wp\/v2\/product_brand?post=151941"},{"taxonomy":"product_cat","embeddable":true,"href":"https:\/\/pizbube.ch\/en\/wp-json\/wp\/v2\/product_cat?post=151941"},{"taxonomy":"product_tag","embeddable":true,"href":"https:\/\/pizbube.ch\/en\/wp-json\/wp\/v2\/product_tag?post=151941"}],"curies":[{"name":"wp","href":"https:\/\/api.w.org\/{rel}","templated":true}]}}