{"id":151944,"date":"2021-01-15T12:02:28","date_gmt":"2021-01-15T12:02:28","guid":{"rendered":"https:\/\/codengine3.ch\/?product=import-placeholder-for-204198"},"modified":"2021-01-15T14:30:49","modified_gmt":"2021-01-15T14:30:49","slug":"pyrenaeen-4","status":"publish","type":"product","link":"https:\/\/pizbube.ch\/en\/shop\/pyrenaeen-4\/","title":{"rendered":"Pyren\u00e4en"},"content":{"rendered":"<p>Sanfte Bergk\u00e4mme mit Panoramablick, tosende Wasserf\u00e4lle, glitzernde Bergseen<br \/>\nund beeindruckende Dreitausender: Die franz\u00f6sischen Zentralpyren\u00e4en sind eine<br \/>\nWanderregion, wie man sie sich sch\u00f6ner und abwechslungsreicher kaum vorstellen<br \/>\nkann. Egal ob Anf\u00e4nger oder erfahrener Bergwanderer: In den Pyren\u00e4en findet<br \/>\njeder seine passende Tour. Und dazu gibt es mittelalterliche Bergd\u00f6rfer,<br \/>\ngeheimnisvolle Grotten oder informative Nationalparkmuseen zu entdecken. 144<br \/>\nSeiten, plus Extra-Faltkarte<\/p>","protected":false},"excerpt":{"rendered":"<p>Sanfte Bergk\u00e4mme mit Panoramablick, tosende Wasserf\u00e4lle, glitzernde Bergseen und beeindruckende Dreitausender: Die franz\u00f6sischen Zentralpyren\u00e4en sind eine Wanderregion, wie man sie sich sch\u00f6ner und abwechslungsreicher kaum vorstellen kann. Egal ob Anf\u00e4nger oder erfahrener Bergwanderer: In den Pyren\u00e4en findet jeder seine passende Tour. Und dazu gibt es mittelalterliche Bergd\u00f6rfer, geheimnisvolle Grotten oder informative Nationalparkmuseen zu entdecken. 144 [&#8230;]\n","protected":false},"featured_media":31987,"template":"","meta":[],"product_brand":[],"product_cat":[21605],"product_tag":[],"class_list":{"0":"post-151944","1":"product","2":"type-product","3":"status-publish","4":"has-post-thumbnail","6":"product_cat-wanderfuehrer-trekking","7":"pa_autor-proettel","8":"pa_erscheinungsjahr-21763","9":"pa_region-frankreich","10":"pa_sprache-de","12":"first","13":"outofstock","14":"taxable","15":"shipping-taxable","16":"purchasable","17":"product-type-simple"},"_links":{"self":[{"href":"https:\/\/pizbube.ch\/en\/wp-json\/wp\/v2\/product\/151944","targetHints":{"allow":["GET"]}}],"collection":[{"href":"https:\/\/pizbube.ch\/en\/wp-json\/wp\/v2\/product"}],"about":[{"href":"https:\/\/pizbube.ch\/en\/wp-json\/wp\/v2\/types\/product"}],"wp:featuredmedia":[{"embeddable":true,"href":"https:\/\/pizbube.ch\/en\/wp-json\/wp\/v2\/media\/31987"}],"wp:attachment":[{"href":"https:\/\/pizbube.ch\/en\/wp-json\/wp\/v2\/media?parent=151944"}],"wp:term":[{"taxonomy":"product_brand","embeddable":true,"href":"https:\/\/pizbube.ch\/en\/wp-json\/wp\/v2\/product_brand?post=151944"},{"taxonomy":"product_cat","embeddable":true,"href":"https:\/\/pizbube.ch\/en\/wp-json\/wp\/v2\/product_cat?post=151944"},{"taxonomy":"product_tag","embeddable":true,"href":"https:\/\/pizbube.ch\/en\/wp-json\/wp\/v2\/product_tag?post=151944"}],"curies":[{"name":"wp","href":"https:\/\/api.w.org\/{rel}","templated":true}]}}