{"id":151946,"date":"2021-01-15T12:02:28","date_gmt":"2021-01-15T12:02:28","guid":{"rendered":"https:\/\/codengine3.ch\/?product=import-placeholder-for-205231"},"modified":"2021-01-15T14:39:42","modified_gmt":"2021-01-15T14:39:42","slug":"ordesa-y-monte-perdido","status":"publish","type":"product","link":"https:\/\/pizbube.ch\/en\/shop\/ordesa-y-monte-perdido\/","title":{"rendered":"Ordesa y Monte Perdido"},"content":{"rendered":"<p>Gu\u00eda monta\u00f1era. Ascensiones, traves\u00edas y escaladas  <\/p>\n<p>Durante lustros, el Monte Perdido constituy\u00f3 la cima m\u00e1s reputada de los<br \/>\nPirineos. A tenor del elevado n\u00famero de visitantes que actualmente acoge su<br \/>\npuntal de 3.355 metros, parece que los monta\u00f1eros le han perdonado el no ser &#8211;<br \/>\ncomo inicialmente se pens\u00f3- la c\u00faspide de la cadena. Su v\u00e9rtice ocupa una<br \/>\ndigna tercera posici\u00f3n.  <\/p>\n<p>El macizo, conocido en tierras aragonesas como Treserols o Tres Sorores y en<br \/>\nFrancia como Marbor\u00e9, forma parte del Parque Nacional de Ordesa y Monte<br \/>\nPerdido, que lo abarca por completo en su vertiente espa\u00f1ola. En esta gu\u00eda no<br \/>\nnos limitaremos a lo que es estrictamente el macizo, sino que vamos a ser m\u00e1s<br \/>\nambiciosos y abarcaremos todo el Parque Nacional, as\u00ed como su rec\u00edproco<br \/>\nfranc\u00e9s (Parc National des Pyr\u00e9n\u00e9es) en la regi\u00f3n de Gavarnie, por lo que<br \/>\ntambi\u00e9n encontrar\u00e1s v\u00edas de escalada de la vertiente Norte.<br \/>\nAscensiones<br \/>\nTraves\u00edas, Crestas y aristas, Escalada en roca, Escalada en hielo y nieve  <\/p>","protected":false},"excerpt":{"rendered":"<p>Gu\u00eda monta\u00f1era. Ascensiones, traves\u00edas y escaladas Durante lustros, el Monte Perdido constituy\u00f3 la cima m\u00e1s reputada de los Pirineos. A tenor del elevado n\u00famero de visitantes que actualmente acoge su puntal de 3.355 metros, parece que los monta\u00f1eros le han perdonado el no ser &#8211; como inicialmente se pens\u00f3- la c\u00faspide de la cadena. Su [&#8230;]\n","protected":false},"featured_media":33878,"template":"","meta":[],"product_brand":[],"product_cat":[21544],"product_tag":[],"class_list":{"0":"post-151946","1":"product","2":"type-product","3":"status-publish","4":"has-post-thumbnail","6":"product_cat-fuehrerliteratur-alpin-sommer","7":"pa_autor-gomez-embid","8":"pa_erscheinungsjahr-21842","9":"pa_region-spanien","10":"pa_sprache-sp","12":"first","13":"instock","14":"taxable","15":"shipping-taxable","16":"purchasable","17":"product-type-simple"},"_links":{"self":[{"href":"https:\/\/pizbube.ch\/en\/wp-json\/wp\/v2\/product\/151946","targetHints":{"allow":["GET"]}}],"collection":[{"href":"https:\/\/pizbube.ch\/en\/wp-json\/wp\/v2\/product"}],"about":[{"href":"https:\/\/pizbube.ch\/en\/wp-json\/wp\/v2\/types\/product"}],"wp:featuredmedia":[{"embeddable":true,"href":"https:\/\/pizbube.ch\/en\/wp-json\/wp\/v2\/media\/33878"}],"wp:attachment":[{"href":"https:\/\/pizbube.ch\/en\/wp-json\/wp\/v2\/media?parent=151946"}],"wp:term":[{"taxonomy":"product_brand","embeddable":true,"href":"https:\/\/pizbube.ch\/en\/wp-json\/wp\/v2\/product_brand?post=151946"},{"taxonomy":"product_cat","embeddable":true,"href":"https:\/\/pizbube.ch\/en\/wp-json\/wp\/v2\/product_cat?post=151946"},{"taxonomy":"product_tag","embeddable":true,"href":"https:\/\/pizbube.ch\/en\/wp-json\/wp\/v2\/product_tag?post=151946"}],"curies":[{"name":"wp","href":"https:\/\/api.w.org\/{rel}","templated":true}]}}