{"id":151947,"date":"2021-01-15T12:02:28","date_gmt":"2021-01-15T12:02:28","guid":{"rendered":"https:\/\/codengine3.ch\/?product=import-placeholder-for-204848"},"modified":"2021-01-15T14:36:44","modified_gmt":"2021-01-15T14:36:44","slug":"les-hautes-pyrenees-a-pied","status":"publish","type":"product","link":"https:\/\/pizbube.ch\/en\/shop\/les-hautes-pyrenees-a-pied\/","title":{"rendered":"LES HAUTES-PYRENEES \u00e0 pied"},"content":{"rendered":"<p>Tarbes, Bagn\u00e8res-de-Bigorre ou Gavarnie. Vous \u00eates au coeur des Pyr\u00e9n\u00e9es.<br \/>\nL&#8217;altitude des Hautes-Pyr\u00e9n\u00e9es varie de 124 \u00e0 3 298 m\u00e8tres ! Un relief qui<br \/>\nparle au randonneur et qui d\u00e9coupe les milieux naturels en une formidable<br \/>\nmosa\u00efque : des plaines fertiles et agricoles de l&#8217;Adour au Nord, aux parois<br \/>\nvertigineuses du cirque de Gavarnie au Sud. Ces montagnes, pays du lys des<br \/>\nPyr\u00e9n\u00e9es, abritent l&#8217;isard et le gypa\u00e8te barbu, plus grand rapace d&#8217;Europe,<br \/>\ntous les deux prot\u00e9g\u00e9s par la cr\u00e9ation du Parc national des Pyr\u00e9n\u00e9es. C&#8217;est<br \/>\naussi au creux de ces montagnes que se d\u00e9veloppa au 19\u00e8 si\u00e8cle le thermalisme,<br \/>\nqui donna naissance \u00e0 l&#8217;architecture si sp\u00e9ciale de villes comme Bagn\u00e8res et<br \/>\nCauterets.<\/p>","protected":false},"excerpt":{"rendered":"<p>Tarbes, Bagn\u00e8res-de-Bigorre ou Gavarnie. Vous \u00eates au coeur des Pyr\u00e9n\u00e9es. L&#8217;altitude des Hautes-Pyr\u00e9n\u00e9es varie de 124 \u00e0 3 298 m\u00e8tres ! Un relief qui parle au randonneur et qui d\u00e9coupe les milieux naturels en une formidable mosa\u00efque : des plaines fertiles et agricoles de l&#8217;Adour au Nord, aux parois vertigineuses du cirque de Gavarnie au [&#8230;]\n","protected":false},"featured_media":33383,"template":"","meta":[],"product_brand":[],"product_cat":[21605],"product_tag":[],"class_list":{"0":"post-151947","1":"product","2":"type-product","3":"status-publish","4":"has-post-thumbnail","6":"product_cat-wanderfuehrer-trekking","7":"pa_autor-ffrandonnee","8":"pa_erscheinungsjahr-21763","9":"pa_region-frankreich","10":"pa_sprache-fr","12":"first","13":"instock","14":"taxable","15":"shipping-taxable","16":"purchasable","17":"product-type-simple"},"_links":{"self":[{"href":"https:\/\/pizbube.ch\/en\/wp-json\/wp\/v2\/product\/151947","targetHints":{"allow":["GET"]}}],"collection":[{"href":"https:\/\/pizbube.ch\/en\/wp-json\/wp\/v2\/product"}],"about":[{"href":"https:\/\/pizbube.ch\/en\/wp-json\/wp\/v2\/types\/product"}],"wp:featuredmedia":[{"embeddable":true,"href":"https:\/\/pizbube.ch\/en\/wp-json\/wp\/v2\/media\/33383"}],"wp:attachment":[{"href":"https:\/\/pizbube.ch\/en\/wp-json\/wp\/v2\/media?parent=151947"}],"wp:term":[{"taxonomy":"product_brand","embeddable":true,"href":"https:\/\/pizbube.ch\/en\/wp-json\/wp\/v2\/product_brand?post=151947"},{"taxonomy":"product_cat","embeddable":true,"href":"https:\/\/pizbube.ch\/en\/wp-json\/wp\/v2\/product_cat?post=151947"},{"taxonomy":"product_tag","embeddable":true,"href":"https:\/\/pizbube.ch\/en\/wp-json\/wp\/v2\/product_tag?post=151947"}],"curies":[{"name":"wp","href":"https:\/\/api.w.org\/{rel}","templated":true}]}}