{"id":151952,"date":"2021-01-15T12:02:29","date_gmt":"2021-01-15T12:02:29","guid":{"rendered":"https:\/\/codengine3.ch\/?product=import-placeholder-for-204109"},"modified":"2021-01-15T14:29:53","modified_gmt":"2021-01-15T14:29:53","slug":"escalades-en-pyrenees-orientales-maury","status":"publish","type":"product","link":"https:\/\/pizbube.ch\/en\/shop\/escalades-en-pyrenees-orientales-maury\/","title":{"rendered":"Escalades en Pyr\u00e9n\u00e9es-Orientales &#8211; Maury"},"content":{"rendered":"<p>Maury est situ\u00e9 \u00e0 une trentaine de kilom\u00e8tres au nord-ouest de Perpignan, dans<br \/>\nles Pyr\u00e9n\u00e9es-Orientales.<br \/>\nMaury est implant\u00e9 dans une vall\u00e9e au paysage \u00e9tonnant : un long couloir de<br \/>\nvignes de 17 km de long et de 4 km de large, prot\u00e9g\u00e9 au nord par la cha\u00eene des<br \/>\nCorbi\u00e8res domin\u00e9e par le ch\u00e2teau cathare de Qu\u00e9ribus (728 m) et par les<br \/>\npremiers contreforts des Pyr\u00e9n\u00e9es au sud. Cette morphologie du paysage en fait<br \/>\nune terre de contrastes qui conjugue marnes schisteuses et calcaire,<br \/>\nv\u00e9g\u00e9tation m\u00e9diterran\u00e9enne et vignes.<br \/>\nEn bref, un petit site ensoleill\u00e9 o\u00f9 escalade rime avec d\u00e9tente et bons vins.<\/p>","protected":false},"excerpt":{"rendered":"<p>Maury est situ\u00e9 \u00e0 une trentaine de kilom\u00e8tres au nord-ouest de Perpignan, dans les Pyr\u00e9n\u00e9es-Orientales. Maury est implant\u00e9 dans une vall\u00e9e au paysage \u00e9tonnant : un long couloir de vignes de 17 km de long et de 4 km de large, prot\u00e9g\u00e9 au nord par la cha\u00eene des Corbi\u00e8res domin\u00e9e par le ch\u00e2teau cathare de [&#8230;]\n","protected":false},"featured_media":31862,"template":"","meta":[],"product_brand":[],"product_cat":[21539],"product_tag":[],"class_list":{"0":"post-151952","1":"product","2":"type-product","3":"status-publish","4":"has-post-thumbnail","6":"product_cat-fuehrerliteratur-sportklettern-bouldern","7":"pa_autor-achard","8":"pa_erscheinungsjahr-21920","9":"pa_region-frankreich","10":"pa_sprache-fr","12":"first","13":"outofstock","14":"taxable","15":"shipping-taxable","16":"purchasable","17":"product-type-simple"},"_links":{"self":[{"href":"https:\/\/pizbube.ch\/en\/wp-json\/wp\/v2\/product\/151952","targetHints":{"allow":["GET"]}}],"collection":[{"href":"https:\/\/pizbube.ch\/en\/wp-json\/wp\/v2\/product"}],"about":[{"href":"https:\/\/pizbube.ch\/en\/wp-json\/wp\/v2\/types\/product"}],"wp:featuredmedia":[{"embeddable":true,"href":"https:\/\/pizbube.ch\/en\/wp-json\/wp\/v2\/media\/31862"}],"wp:attachment":[{"href":"https:\/\/pizbube.ch\/en\/wp-json\/wp\/v2\/media?parent=151952"}],"wp:term":[{"taxonomy":"product_brand","embeddable":true,"href":"https:\/\/pizbube.ch\/en\/wp-json\/wp\/v2\/product_brand?post=151952"},{"taxonomy":"product_cat","embeddable":true,"href":"https:\/\/pizbube.ch\/en\/wp-json\/wp\/v2\/product_cat?post=151952"},{"taxonomy":"product_tag","embeddable":true,"href":"https:\/\/pizbube.ch\/en\/wp-json\/wp\/v2\/product_tag?post=151952"}],"curies":[{"name":"wp","href":"https:\/\/api.w.org\/{rel}","templated":true}]}}