{"id":151966,"date":"2021-01-15T12:02:37","date_gmt":"2021-01-15T12:02:37","guid":{"rendered":"https:\/\/codengine3.ch\/?product=import-placeholder-for-202515"},"modified":"2026-03-19T10:48:08","modified_gmt":"2026-03-19T09:48:08","slug":"queyras","status":"publish","type":"product","link":"https:\/\/pizbube.ch\/en\/shop\/queyras\/","title":{"rendered":"Queyras"},"content":{"rendered":"<p>toponeige de ski<br \/>\nLe volume couvre les bassins du Guil et de la Durance, du col de Montgen\u00e8vre \u00e0<br \/>\nSerre-Pon\u00e7on.<\/p>\n<p>Il est limit\u00e9 \u00e0 l`est par la cha\u00eene fronti\u00e8re avec le Pi\u00e9mont et au sud par la<br \/>\nligne de cr\u00eate commune avec l`Ubaye. Au Queyras proprement dit s`ajoutent donc<br \/>\nles ensembles de Rochebrune et du Parpaillon. Au d\u00e9part des zones d\u00e9crites,<br \/>\nfigurent aussi de nombreux tours transfrontaliers avec le Pi\u00e9mont (Viso<br \/>\nnotamment) et l`Ubaye.<\/p>\n<p>Le nombre de courses de base est de 200 avec une quantit\u00e9 tr\u00e8s importante de<br \/>\nvariantes. Le niveau d`ensemble des courses, tant du point de vue technique<br \/>\nque des d\u00e9nivel\u00e9s, fait du toponeige Queyras, le plus abordable de tous ceux<br \/>\npubli\u00e9s jusqu`\u00e0 pr\u00e9sent, m\u00eame si le ski de pente raide n`est pas sacrifi\u00e9 pour<br \/>\nautant.<\/p>\n<p>Les fiches techniques d\u00e9crivent en d\u00e9tail **213** itin\u00e9raires de base (et 500<br \/>\nvariantes), trac\u00e9s sur **300** photos.<\/p>","protected":false},"excerpt":{"rendered":"<p>toponeige de ski Le volume couvre les bassins du Guil et de la Durance, du col de Montgen\u00e8vre \u00e0 Serre-Pon\u00e7on. Il est limit\u00e9 \u00e0 l`est par la cha\u00eene fronti\u00e8re avec le Pi\u00e9mont et au sud par la ligne de cr\u00eate commune avec l`Ubaye. Au Queyras proprement dit s`ajoutent donc les ensembles de Rochebrune et du [&#8230;]\n","protected":false},"featured_media":183509,"template":"","meta":[],"product_brand":[],"product_cat":[21540],"product_tag":[],"class_list":{"0":"post-151966","1":"product","2":"type-product","3":"status-publish","4":"has-post-thumbnail","6":"product_cat-fuehrerliteratur-alpin-winter","7":"pa_autor-tassan-volle","8":"pa_erscheinungsjahr-27129","9":"pa_region-frankreich","10":"pa_sprache-fr","12":"first","13":"instock","14":"taxable","15":"shipping-taxable","16":"purchasable","17":"product-type-simple"},"_links":{"self":[{"href":"https:\/\/pizbube.ch\/en\/wp-json\/wp\/v2\/product\/151966","targetHints":{"allow":["GET"]}}],"collection":[{"href":"https:\/\/pizbube.ch\/en\/wp-json\/wp\/v2\/product"}],"about":[{"href":"https:\/\/pizbube.ch\/en\/wp-json\/wp\/v2\/types\/product"}],"wp:featuredmedia":[{"embeddable":true,"href":"https:\/\/pizbube.ch\/en\/wp-json\/wp\/v2\/media\/183509"}],"wp:attachment":[{"href":"https:\/\/pizbube.ch\/en\/wp-json\/wp\/v2\/media?parent=151966"}],"wp:term":[{"taxonomy":"product_brand","embeddable":true,"href":"https:\/\/pizbube.ch\/en\/wp-json\/wp\/v2\/product_brand?post=151966"},{"taxonomy":"product_cat","embeddable":true,"href":"https:\/\/pizbube.ch\/en\/wp-json\/wp\/v2\/product_cat?post=151966"},{"taxonomy":"product_tag","embeddable":true,"href":"https:\/\/pizbube.ch\/en\/wp-json\/wp\/v2\/product_tag?post=151966"}],"curies":[{"name":"wp","href":"https:\/\/api.w.org\/{rel}","templated":true}]}}