{"id":151967,"date":"2021-01-15T12:02:37","date_gmt":"2021-01-15T12:02:37","guid":{"rendered":"https:\/\/codengine3.ch\/?product=import-placeholder-for-205142"},"modified":"2025-06-11T16:26:05","modified_gmt":"2025-06-11T14:26:05","slug":"carte-de-randonnees-a6-ecrins-150000","status":"publish","type":"product","link":"https:\/\/pizbube.ch\/en\/shop\/carte-de-randonnees-a6-ecrins-150000\/","title":{"rendered":"Carte de randonn\u00e9es A6 &#8211; Ecrins 1:50&#8217;000"},"content":{"rendered":"<p>Ecrins, Bourg-d&#8217;Oisans, Brian\u00e7on<\/p>\n<p>Cartographie r\u00e9alis\u00e9e sur la base des fonds topographiques de l&#8217;Institut<br \/>\nG\u00e9ographique National, avec surimpression des itin\u00e9raires de randonn\u00e9es et de<br \/>\npromenades \u00e0 pied, \u00e0 ski, \u00e0 VTT.<br \/>\nLocalisation des refuges gard\u00e9s, g\u00eetes d&#8217;\u00e9tape, Rando&#8217;Plume, campings, zones<br \/>\nde bivouac, indications d&#8217;ordre touristique (points de vues, sites), culturel<br \/>\n(mus\u00e9es, etc.), sportif (centres d&#8217;activit\u00e9s \u00e9questres, VTT, vol libre,<br \/>\nescalades, canyoning, rafting).<\/p>","protected":false},"excerpt":{"rendered":"<p>Ecrins, Bourg-d&#8217;Oisans, Brian\u00e7on Cartographie r\u00e9alis\u00e9e sur la base des fonds topographiques de l&#8217;Institut G\u00e9ographique National, avec surimpression des itin\u00e9raires de randonn\u00e9es et de promenades \u00e0 pied, \u00e0 ski, \u00e0 VTT. Localisation des refuges gard\u00e9s, g\u00eetes d&#8217;\u00e9tape, Rando&#8217;Plume, campings, zones de bivouac, indications d&#8217;ordre touristique (points de vues, sites), culturel (mus\u00e9es, etc.), sportif (centres d&#8217;activit\u00e9s \u00e9questres, [&#8230;]\n","protected":false},"featured_media":33765,"template":"","meta":[],"product_brand":[],"product_cat":[21543],"product_tag":[],"class_list":{"0":"post-151967","1":"product","2":"type-product","3":"status-publish","4":"has-post-thumbnail","6":"product_cat-landkarten","7":"pa_autor-rando","8":"pa_erscheinungsjahr-21776","9":"pa_region-frankreich","10":"pa_sprache-fr-en","12":"first","13":"outofstock","14":"taxable","15":"shipping-taxable","16":"purchasable","17":"product-type-simple"},"_links":{"self":[{"href":"https:\/\/pizbube.ch\/en\/wp-json\/wp\/v2\/product\/151967","targetHints":{"allow":["GET"]}}],"collection":[{"href":"https:\/\/pizbube.ch\/en\/wp-json\/wp\/v2\/product"}],"about":[{"href":"https:\/\/pizbube.ch\/en\/wp-json\/wp\/v2\/types\/product"}],"wp:featuredmedia":[{"embeddable":true,"href":"https:\/\/pizbube.ch\/en\/wp-json\/wp\/v2\/media\/33765"}],"wp:attachment":[{"href":"https:\/\/pizbube.ch\/en\/wp-json\/wp\/v2\/media?parent=151967"}],"wp:term":[{"taxonomy":"product_brand","embeddable":true,"href":"https:\/\/pizbube.ch\/en\/wp-json\/wp\/v2\/product_brand?post=151967"},{"taxonomy":"product_cat","embeddable":true,"href":"https:\/\/pizbube.ch\/en\/wp-json\/wp\/v2\/product_cat?post=151967"},{"taxonomy":"product_tag","embeddable":true,"href":"https:\/\/pizbube.ch\/en\/wp-json\/wp\/v2\/product_tag?post=151967"}],"curies":[{"name":"wp","href":"https:\/\/api.w.org\/{rel}","templated":true}]}}