{"id":151968,"date":"2021-01-15T12:02:37","date_gmt":"2021-01-15T12:02:37","guid":{"rendered":"https:\/\/codengine3.ch\/?product=import-placeholder-for-207128"},"modified":"2021-01-15T14:55:23","modified_gmt":"2021-01-15T14:55:23","slug":"arves-rousses-taillefer","status":"publish","type":"product","link":"https:\/\/pizbube.ch\/en\/shop\/arves-rousses-taillefer\/","title":{"rendered":"Arves &#8211; Rousses &#8211; Taillefer"},"content":{"rendered":"<p>Toponeige de ski ARVES-ROUSSES-TAILLEFER se compose de deux ensembles se<br \/>\nrejoignant en &#8218;Oisans&#8216; (bassin de la Romanche).  <\/p>\n<p>&#8211; Arves et Rousses sont compris entre les cols du Galibier et du Glandon,<br \/>\ndominant au nord la vall\u00e9e de l\u2019Arc (Maurienne) et au sud celle de la Romanche<br \/>\n.<br \/>\n&#8211; Le Taillefer est limit\u00e9 au nord par la Romanche et au sud par le Drac et<br \/>\nses affluents.  <\/p>\n<p>&#8211; Format : 110&#215;170 mm. Reliure rigide, signet. 320 pages en couleurs.<br \/>\n&#8211; Le tout se compose d\u2019itin\u00e9raires vari\u00e9s par l\u2019altitude (de 1600 \u00e0 3500 m)<br \/>\npar la difficult\u00e9 et les conditions de p\u00e9n\u00e9tration. 177 itin\u00e9raires de base<br \/>\n(et 246 variantes), trac\u00e9s sur 296 photos.  <\/p>","protected":false},"excerpt":{"rendered":"<p>Toponeige de ski ARVES-ROUSSES-TAILLEFER se compose de deux ensembles se rejoignant en &#8218;Oisans&#8216; (bassin de la Romanche). &#8211; Arves et Rousses sont compris entre les cols du Galibier et du Glandon, dominant au nord la vall\u00e9e de l\u2019Arc (Maurienne) et au sud celle de la Romanche . &#8211; Le Taillefer est limit\u00e9 au nord par [&#8230;]\n","protected":false},"featured_media":36740,"template":"","meta":[],"product_brand":[],"product_cat":[21540],"product_tag":[],"class_list":{"0":"post-151968","1":"product","2":"type-product","3":"status-publish","4":"has-post-thumbnail","6":"product_cat-fuehrerliteratur-alpin-winter","7":"pa_autor-shahshahani-abele-volle","8":"pa_erscheinungsjahr-21610","9":"pa_region-frankreich","10":"pa_sprache-fr","12":"first","13":"instock","14":"taxable","15":"shipping-taxable","16":"purchasable","17":"product-type-simple"},"_links":{"self":[{"href":"https:\/\/pizbube.ch\/en\/wp-json\/wp\/v2\/product\/151968","targetHints":{"allow":["GET"]}}],"collection":[{"href":"https:\/\/pizbube.ch\/en\/wp-json\/wp\/v2\/product"}],"about":[{"href":"https:\/\/pizbube.ch\/en\/wp-json\/wp\/v2\/types\/product"}],"wp:featuredmedia":[{"embeddable":true,"href":"https:\/\/pizbube.ch\/en\/wp-json\/wp\/v2\/media\/36740"}],"wp:attachment":[{"href":"https:\/\/pizbube.ch\/en\/wp-json\/wp\/v2\/media?parent=151968"}],"wp:term":[{"taxonomy":"product_brand","embeddable":true,"href":"https:\/\/pizbube.ch\/en\/wp-json\/wp\/v2\/product_brand?post=151968"},{"taxonomy":"product_cat","embeddable":true,"href":"https:\/\/pizbube.ch\/en\/wp-json\/wp\/v2\/product_cat?post=151968"},{"taxonomy":"product_tag","embeddable":true,"href":"https:\/\/pizbube.ch\/en\/wp-json\/wp\/v2\/product_tag?post=151968"}],"curies":[{"name":"wp","href":"https:\/\/api.w.org\/{rel}","templated":true}]}}