{"id":151969,"date":"2021-01-15T12:02:37","date_gmt":"2021-01-15T12:02:37","guid":{"rendered":"https:\/\/codengine3.ch\/?product=import-placeholder-for-202806"},"modified":"2021-01-15T12:39:27","modified_gmt":"2021-01-15T12:39:27","slug":"ecrins-sud","status":"publish","type":"product","link":"https:\/\/pizbube.ch\/en\/shop\/ecrins-sud\/","title":{"rendered":"Ecrins Sud"},"content":{"rendered":"<p>\nToponeige Ecrins Sud<br \/>\nLes vall\u00e9es de la Durance (depuis Serre-Pon\u00e7on), le Gapen\u00e7ais, le Champsaur et<br \/>\nle Valgaudemar- principaux groupes concern\u00e9s :<\/p>\n<p>Mourre-Froid, Chabri\u00e8res, Piolit, Autanes, Piniers, Chaillol, Sirac, Bans,<br \/>\nRouies  <\/p>\n<p>151 courses de base d&#8217;un acc\u00e8s rapide depuis Gap, Brian\u00e7on, Grenoble<\/p>\n<p>&#8211; Format : 110&#215;170 mm. Reliure rigide, signet.<br \/>\n&#8211; 288 pages en couleurs<\/p>","protected":false},"excerpt":{"rendered":"<p>Toponeige Ecrins Sud Les vall\u00e9es de la Durance (depuis Serre-Pon\u00e7on), le Gapen\u00e7ais, le Champsaur et le Valgaudemar- principaux groupes concern\u00e9s : Mourre-Froid, Chabri\u00e8res, Piolit, Autanes, Piniers, Chaillol, Sirac, Bans, Rouies 151 courses de base d&#8217;un acc\u00e8s rapide depuis Gap, Brian\u00e7on, Grenoble &#8211; Format : 110&#215;170 mm. Reliure rigide, signet. &#8211; 288 pages en couleurs<\/p>","protected":false},"featured_media":30252,"template":"","meta":[],"product_brand":[],"product_cat":[21540],"product_tag":[],"class_list":{"0":"post-151969","1":"product","2":"type-product","3":"status-publish","4":"has-post-thumbnail","6":"product_cat-fuehrerliteratur-alpin-winter","7":"pa_autor-tassan-volle","8":"pa_erscheinungsjahr-22144","9":"pa_region-frankreich","10":"pa_sprache-fr","12":"first","13":"instock","14":"taxable","15":"shipping-taxable","16":"purchasable","17":"product-type-simple"},"_links":{"self":[{"href":"https:\/\/pizbube.ch\/en\/wp-json\/wp\/v2\/product\/151969","targetHints":{"allow":["GET"]}}],"collection":[{"href":"https:\/\/pizbube.ch\/en\/wp-json\/wp\/v2\/product"}],"about":[{"href":"https:\/\/pizbube.ch\/en\/wp-json\/wp\/v2\/types\/product"}],"wp:featuredmedia":[{"embeddable":true,"href":"https:\/\/pizbube.ch\/en\/wp-json\/wp\/v2\/media\/30252"}],"wp:attachment":[{"href":"https:\/\/pizbube.ch\/en\/wp-json\/wp\/v2\/media?parent=151969"}],"wp:term":[{"taxonomy":"product_brand","embeddable":true,"href":"https:\/\/pizbube.ch\/en\/wp-json\/wp\/v2\/product_brand?post=151969"},{"taxonomy":"product_cat","embeddable":true,"href":"https:\/\/pizbube.ch\/en\/wp-json\/wp\/v2\/product_cat?post=151969"},{"taxonomy":"product_tag","embeddable":true,"href":"https:\/\/pizbube.ch\/en\/wp-json\/wp\/v2\/product_tag?post=151969"}],"curies":[{"name":"wp","href":"https:\/\/api.w.org\/{rel}","templated":true}]}}