{"id":151976,"date":"2021-01-15T12:02:38","date_gmt":"2021-01-15T12:02:38","guid":{"rendered":"https:\/\/codengine3.ch\/?product=import-placeholder-for-208022"},"modified":"2021-01-15T17:49:22","modified_gmt":"2021-01-15T17:49:22","slug":"polarfrauen-mutige-gefaehrtinnen-grosser-entdecker","status":"publish","type":"product","link":"https:\/\/pizbube.ch\/en\/shop\/polarfrauen-mutige-gefaehrtinnen-grosser-entdecker\/","title":{"rendered":"Polarfrauen &#8211; Mutige Gef\u00e4hrtinnen gro\u00dfer Entdecker"},"content":{"rendered":"<p>Shackleton, Franklin, Scott &#8211; jeder kennt die Namen der gro\u00dfen Polarforscher.<br \/>\nDoch wenig ist bekannt \u00fcber die Frauen an ihrer Seite, denen die Polarhelden<br \/>\nihren Ruhm &#8211; und oft auch ihr \u00dcberleben &#8211; verdanken. Kari Herbert, die in<br \/>\nGr\u00f6nland aufgewachsene Tochter des britischen Polarforschers Sir Wally<br \/>\nHerbert, hat jahrelang recherchiert und bisher ungesichtete Aufzeichnungen,<br \/>\nTageb\u00fccher und Briefe der Polarfrauen und ihrer M\u00e4nner studiert. Mit ihren<br \/>\neinf\u00fchlsam und fesselnd erz\u00e4hlten Lebensbildern von Jo Peary, Kathleen Scott,<br \/>\nEmily Shackleton, Marie Herbert, Eleanor Anne und Jane Franklin r\u00fcckt sie 200<br \/>\nJahre Polargeschichte in ein neues Licht.<\/p>","protected":false},"excerpt":{"rendered":"<p>Shackleton, Franklin, Scott &#8211; jeder kennt die Namen der gro\u00dfen Polarforscher. Doch wenig ist bekannt \u00fcber die Frauen an ihrer Seite, denen die Polarhelden ihren Ruhm &#8211; und oft auch ihr \u00dcberleben &#8211; verdanken. Kari Herbert, die in Gr\u00f6nland aufgewachsene Tochter des britischen Polarforschers Sir Wally Herbert, hat jahrelang recherchiert und bisher ungesichtete Aufzeichnungen, Tageb\u00fccher [&#8230;]\n","protected":false},"featured_media":39124,"template":"","meta":[],"product_brand":[],"product_cat":[21542],"product_tag":[],"class_list":{"0":"post-151976","1":"product","2":"type-product","3":"status-publish","4":"has-post-thumbnail","6":"product_cat-sachbuecher-dokumentationen","7":"pa_autor-herbert","8":"pa_erscheinungsjahr-21621","9":"pa_region-arktis-antarktis-groenland-island","10":"pa_sprache-de","12":"first","13":"outofstock","14":"taxable","15":"shipping-taxable","16":"purchasable","17":"product-type-simple"},"_links":{"self":[{"href":"https:\/\/pizbube.ch\/en\/wp-json\/wp\/v2\/product\/151976","targetHints":{"allow":["GET"]}}],"collection":[{"href":"https:\/\/pizbube.ch\/en\/wp-json\/wp\/v2\/product"}],"about":[{"href":"https:\/\/pizbube.ch\/en\/wp-json\/wp\/v2\/types\/product"}],"wp:featuredmedia":[{"embeddable":true,"href":"https:\/\/pizbube.ch\/en\/wp-json\/wp\/v2\/media\/39124"}],"wp:attachment":[{"href":"https:\/\/pizbube.ch\/en\/wp-json\/wp\/v2\/media?parent=151976"}],"wp:term":[{"taxonomy":"product_brand","embeddable":true,"href":"https:\/\/pizbube.ch\/en\/wp-json\/wp\/v2\/product_brand?post=151976"},{"taxonomy":"product_cat","embeddable":true,"href":"https:\/\/pizbube.ch\/en\/wp-json\/wp\/v2\/product_cat?post=151976"},{"taxonomy":"product_tag","embeddable":true,"href":"https:\/\/pizbube.ch\/en\/wp-json\/wp\/v2\/product_tag?post=151976"}],"curies":[{"name":"wp","href":"https:\/\/api.w.org\/{rel}","templated":true}]}}