{"id":151977,"date":"2021-01-15T12:02:38","date_gmt":"2021-01-15T12:02:38","guid":{"rendered":"https:\/\/codengine3.ch\/?product=import-placeholder-for-208092"},"modified":"2021-01-15T17:50:07","modified_gmt":"2021-01-15T17:50:07","slug":"die-schlimmste-reise-der-welt-die-antarktis-expedition-1910-1913","status":"publish","type":"product","link":"https:\/\/pizbube.ch\/en\/shop\/die-schlimmste-reise-der-welt-die-antarktis-expedition-1910-1913\/","title":{"rendered":"Die schlimmste Reise der Welt &#8211; Die Antarktis-Expedition 1910-1913"},"content":{"rendered":"<p>Als die Wege in die Antarktis noch \u00bbheroischen Charakter\u00ab hatten, machte sich<br \/>\nApsley Cherry-Garrard, Spross einer altenglischen Familie, erst 24-j\u00e4hrig auf,<br \/>\ndem ber\u00fchmten Polarforscher Scott zum S\u00fcdpol zu folgen. Die Expedition<br \/>\nmisslang; Scott und einige seiner Gef\u00e4hrten verloren ihr Leben. Cherry-Garrard<br \/>\njedoch gelang die Heimkehr, zahnlos fast, aber von der Berufung beseelt, die<br \/>\nGeschichte dieser unmenschlich entbehrungsreichen Mission aufzuschreiben. Die<br \/>\nGeschichte eines Scheiterns, aber zugleich auch ein Monument der Freundschaft<br \/>\nund des Idealismus: wie man sich in die ewige Nacht aufmacht, nur um das Ei<br \/>\neines Kaiserpinguins zu finden.<\/p>\n<p>Apsley Cherry-Garrard (1886-1959), Spross einer altenglischen Familie, stie\u00df<br \/>\n24-j\u00e4hrig als j\u00fcngstes (und zahlendes) Mitglied zu Scotts Antarktis-<br \/>\nExpedition. Dank seines loyalen Wesens wurde er schnell zu einem wesentlichen<br \/>\nMitglied &#8211; und nach dem Tod seiner Gef\u00e4hrten zum hervorragenden Chronisten.<\/p>","protected":false},"excerpt":{"rendered":"<p>Als die Wege in die Antarktis noch \u00bbheroischen Charakter\u00ab hatten, machte sich Apsley Cherry-Garrard, Spross einer altenglischen Familie, erst 24-j\u00e4hrig auf, dem ber\u00fchmten Polarforscher Scott zum S\u00fcdpol zu folgen. Die Expedition misslang; Scott und einige seiner Gef\u00e4hrten verloren ihr Leben. Cherry-Garrard jedoch gelang die Heimkehr, zahnlos fast, aber von der Berufung beseelt, die Geschichte dieser [&#8230;]\n","protected":false},"featured_media":39320,"template":"","meta":[],"product_brand":[],"product_cat":[21542],"product_tag":[],"class_list":{"0":"post-151977","1":"product","2":"type-product","3":"status-publish","4":"has-post-thumbnail","6":"product_cat-sachbuecher-dokumentationen","7":"pa_autor-cherry-garrard","8":"pa_erscheinungsjahr-21621","9":"pa_region-arktis-antarktis-groenland-island","10":"pa_sprache-de","12":"first","13":"outofstock","14":"taxable","15":"shipping-taxable","16":"purchasable","17":"product-type-simple"},"_links":{"self":[{"href":"https:\/\/pizbube.ch\/en\/wp-json\/wp\/v2\/product\/151977","targetHints":{"allow":["GET"]}}],"collection":[{"href":"https:\/\/pizbube.ch\/en\/wp-json\/wp\/v2\/product"}],"about":[{"href":"https:\/\/pizbube.ch\/en\/wp-json\/wp\/v2\/types\/product"}],"wp:featuredmedia":[{"embeddable":true,"href":"https:\/\/pizbube.ch\/en\/wp-json\/wp\/v2\/media\/39320"}],"wp:attachment":[{"href":"https:\/\/pizbube.ch\/en\/wp-json\/wp\/v2\/media?parent=151977"}],"wp:term":[{"taxonomy":"product_brand","embeddable":true,"href":"https:\/\/pizbube.ch\/en\/wp-json\/wp\/v2\/product_brand?post=151977"},{"taxonomy":"product_cat","embeddable":true,"href":"https:\/\/pizbube.ch\/en\/wp-json\/wp\/v2\/product_cat?post=151977"},{"taxonomy":"product_tag","embeddable":true,"href":"https:\/\/pizbube.ch\/en\/wp-json\/wp\/v2\/product_tag?post=151977"}],"curies":[{"name":"wp","href":"https:\/\/api.w.org\/{rel}","templated":true}]}}