{"id":151982,"date":"2021-01-15T12:02:38","date_gmt":"2021-01-15T12:02:38","guid":{"rendered":"https:\/\/codengine3.ch\/?product=import-placeholder-for-201562"},"modified":"2021-01-15T12:02:42","modified_gmt":"2021-01-15T12:02:42","slug":"sommer-1816","status":"publish","type":"product","link":"https:\/\/pizbube.ch\/en\/shop\/sommer-1816\/","title":{"rendered":"Sommer 1816"},"content":{"rendered":"<p>Lord Byron und die Shelleys am Genfersee, \u00fcber Frankenstein, ihre Ausf\u00fcge in<br \/>\ndie Berge und andere Kapriolen: wie Byron, der einen Fuss nachzog, bei einer<br \/>\nBergtour gef\u00e4hrlich ins Rutschen kommt, wie Mary Shelleys Schauerroman<br \/>\nFrankenstein aus einem Wettbewerb geboren wird, wie Shelley sich bei einem<br \/>\nMontblanc-Ausflug ins G\u00e4stebuch des Hotels Ville de Londres in Chamonix als<br \/>\nDemokrat, Menschheitsverehrer und Atheist eintr\u00e4gt &#8211; Mielschs Vorrat an<br \/>\nlebendigen Einzelheiten scheint unersch\u00f6pflich.  <\/p>","protected":false},"excerpt":{"rendered":"<p>Lord Byron und die Shelleys am Genfersee, \u00fcber Frankenstein, ihre Ausf\u00fcge in die Berge und andere Kapriolen: wie Byron, der einen Fuss nachzog, bei einer Bergtour gef\u00e4hrlich ins Rutschen kommt, wie Mary Shelleys Schauerroman Frankenstein aus einem Wettbewerb geboren wird, wie Shelley sich bei einem Montblanc-Ausflug ins G\u00e4stebuch des Hotels Ville de Londres in Chamonix [&#8230;]\n","protected":false},"featured_media":28928,"template":"","meta":[],"product_brand":[],"product_cat":[21542],"product_tag":[],"class_list":{"0":"post-151982","1":"product","2":"type-product","3":"status-publish","4":"has-post-thumbnail","6":"product_cat-sachbuecher-dokumentationen","7":"pa_autor-mielsch","8":"pa_erscheinungsjahr-22060","9":"pa_region-schweiz","10":"pa_sprache-de","12":"first","13":"instock","14":"taxable","15":"shipping-taxable","16":"purchasable","17":"product-type-simple"},"_links":{"self":[{"href":"https:\/\/pizbube.ch\/en\/wp-json\/wp\/v2\/product\/151982","targetHints":{"allow":["GET"]}}],"collection":[{"href":"https:\/\/pizbube.ch\/en\/wp-json\/wp\/v2\/product"}],"about":[{"href":"https:\/\/pizbube.ch\/en\/wp-json\/wp\/v2\/types\/product"}],"wp:featuredmedia":[{"embeddable":true,"href":"https:\/\/pizbube.ch\/en\/wp-json\/wp\/v2\/media\/28928"}],"wp:attachment":[{"href":"https:\/\/pizbube.ch\/en\/wp-json\/wp\/v2\/media?parent=151982"}],"wp:term":[{"taxonomy":"product_brand","embeddable":true,"href":"https:\/\/pizbube.ch\/en\/wp-json\/wp\/v2\/product_brand?post=151982"},{"taxonomy":"product_cat","embeddable":true,"href":"https:\/\/pizbube.ch\/en\/wp-json\/wp\/v2\/product_cat?post=151982"},{"taxonomy":"product_tag","embeddable":true,"href":"https:\/\/pizbube.ch\/en\/wp-json\/wp\/v2\/product_tag?post=151982"}],"curies":[{"name":"wp","href":"https:\/\/api.w.org\/{rel}","templated":true}]}}