{"id":151983,"date":"2021-01-15T12:02:43","date_gmt":"2021-01-15T12:02:43","guid":{"rendered":"https:\/\/codengine3.ch\/?product=import-placeholder-for-204903"},"modified":"2021-01-15T14:37:09","modified_gmt":"2021-01-15T14:37:09","slug":"handbuch-der-1350-aktiven-vulkane-der-welt","status":"publish","type":"product","link":"https:\/\/pizbube.ch\/en\/shop\/handbuch-der-1350-aktiven-vulkane-der-welt\/","title":{"rendered":"Handbuch der 1350 aktiven Vulkane der Welt"},"content":{"rendered":"<p>Es gibt nach einheitlichem Muster einen kompletten \u00dcberblick \u00fcber alle Vulkane<br \/>\ndieser Erde, die definitionsgem\u00e4ss als aktiv gelten, und es beschreibt alle<br \/>\njene Feuerberge genauer, die in den vergangenen 2000 Jahren t\u00e4tig gewesen sind<br \/>\n\u00ad Region f\u00fcr Region, von Europa \u00fcber Vorder- und Zentralasien zum &#8218;Ring des<br \/>\nFeuers&#8216; rund um den Pazifik, und weiter zu den Vulkanen der Karibik, des<br \/>\nAtlantiks, des afrikanischen Kontinents und der Antarktis. Diese spannende<br \/>\nOrientierungshilfe, die keinerlei Vorwissen oder Fachkenntnisse voraussetzt,<br \/>\nist kein weiteres Lehrbuch zum Thema Vulkanismus. Vielmehr erg\u00e4nzt sie durch<br \/>\nihre Vollst\u00e4ndigkeit die zu diesem Thema bereits vorhandenen Fachb\u00fccher und<br \/>\nBildb\u00e4nde. Doch auch diejenigen, die nur diesen neuen Titel des Ott-Verlags<br \/>\nzur Hand nehmen, werden durch ein sorgf\u00e4ltig aufbereitetes Glossar mit den<br \/>\nwichtigsten Begriffen und Hintergrundinformationen vertraut gemacht. Dadurch<br \/>\nist dieses &#8218;Handbuch der 1350 aktiven Vulkane der Welt&#8216; f\u00fcr viele<br \/>\nInteressierte \u00ad also sowohl f\u00fcr Laien als auch f\u00fcr Fachleute \u00ad eine n\u00fctzliche<br \/>\nInformationsquelle.<\/p>","protected":false},"excerpt":{"rendered":"<p>Es gibt nach einheitlichem Muster einen kompletten \u00dcberblick \u00fcber alle Vulkane dieser Erde, die definitionsgem\u00e4ss als aktiv gelten, und es beschreibt alle jene Feuerberge genauer, die in den vergangenen 2000 Jahren t\u00e4tig gewesen sind \u00ad Region f\u00fcr Region, von Europa \u00fcber Vorder- und Zentralasien zum &#8218;Ring des Feuers&#8216; rund um den Pazifik, und weiter zu [&#8230;]\n","protected":false},"featured_media":33446,"template":"","meta":[],"product_brand":[],"product_cat":[21542],"product_tag":[],"class_list":{"0":"post-151983","1":"product","2":"type-product","3":"status-publish","4":"has-post-thumbnail","6":"product_cat-sachbuecher-dokumentationen","7":"pa_autor-frank","8":"pa_erscheinungsjahr-22292","9":"pa_region-uebrigers-europa","10":"pa_sprache-de","12":"first","13":"instock","14":"taxable","15":"shipping-taxable","16":"purchasable","17":"product-type-simple"},"_links":{"self":[{"href":"https:\/\/pizbube.ch\/en\/wp-json\/wp\/v2\/product\/151983","targetHints":{"allow":["GET"]}}],"collection":[{"href":"https:\/\/pizbube.ch\/en\/wp-json\/wp\/v2\/product"}],"about":[{"href":"https:\/\/pizbube.ch\/en\/wp-json\/wp\/v2\/types\/product"}],"wp:featuredmedia":[{"embeddable":true,"href":"https:\/\/pizbube.ch\/en\/wp-json\/wp\/v2\/media\/33446"}],"wp:attachment":[{"href":"https:\/\/pizbube.ch\/en\/wp-json\/wp\/v2\/media?parent=151983"}],"wp:term":[{"taxonomy":"product_brand","embeddable":true,"href":"https:\/\/pizbube.ch\/en\/wp-json\/wp\/v2\/product_brand?post=151983"},{"taxonomy":"product_cat","embeddable":true,"href":"https:\/\/pizbube.ch\/en\/wp-json\/wp\/v2\/product_cat?post=151983"},{"taxonomy":"product_tag","embeddable":true,"href":"https:\/\/pizbube.ch\/en\/wp-json\/wp\/v2\/product_tag?post=151983"}],"curies":[{"name":"wp","href":"https:\/\/api.w.org\/{rel}","templated":true}]}}