{"id":151984,"date":"2021-01-15T12:02:43","date_gmt":"2021-01-15T12:02:43","guid":{"rendered":"https:\/\/codengine3.ch\/?product=import-placeholder-for-203254"},"modified":"2021-01-15T12:55:32","modified_gmt":"2021-01-15T12:55:32","slug":"italiens-vulkane","status":"publish","type":"product","link":"https:\/\/pizbube.ch\/en\/shop\/italiens-vulkane\/","title":{"rendered":"Italiens Vulkane"},"content":{"rendered":"<p>Lava speiend oder nachts feurig funkelnd: Vulkane sind faszinierend. \u00c4u\u00dferst<br \/>\nspannend ist es, ihren Aktivit\u00e4ten aus der N\u00e4he zuzusehen. Schon zu Goethes<br \/>\nZeiten war die Reise zu den aktiven Vulkanen Italiens ein Klassiker- die<br \/>\nVulkantour vom Vesuv bis zum \u00c4tna ist es bis heute geblieben! Der erfahrene<br \/>\nVulkan-Kenner Rollo Steffens beschreibt ausf\u00fchrlich die imposantesten Touren<br \/>\nzwischen dem Golf von Neapel und der Mittelmeerinsel Sizilien. 144 Seiten, mit<br \/>\n120 Abbildungen.  <\/p>","protected":false},"excerpt":{"rendered":"<p>Lava speiend oder nachts feurig funkelnd: Vulkane sind faszinierend. \u00c4u\u00dferst spannend ist es, ihren Aktivit\u00e4ten aus der N\u00e4he zuzusehen. Schon zu Goethes Zeiten war die Reise zu den aktiven Vulkanen Italiens ein Klassiker- die Vulkantour vom Vesuv bis zum \u00c4tna ist es bis heute geblieben! Der erfahrene Vulkan-Kenner Rollo Steffens beschreibt ausf\u00fchrlich die imposantesten Touren [&#8230;]\n","protected":false},"featured_media":30824,"template":"","meta":[],"product_brand":[],"product_cat":[21544],"product_tag":[],"class_list":{"0":"post-151984","1":"product","2":"type-product","3":"status-publish","4":"has-post-thumbnail","6":"product_cat-fuehrerliteratur-alpin-sommer","7":"pa_autor-steffens","8":"pa_erscheinungsjahr-21920","9":"pa_region-italien","10":"pa_sprache-de","12":"first","13":"outofstock","14":"taxable","15":"shipping-taxable","16":"purchasable","17":"product-type-simple"},"_links":{"self":[{"href":"https:\/\/pizbube.ch\/en\/wp-json\/wp\/v2\/product\/151984","targetHints":{"allow":["GET"]}}],"collection":[{"href":"https:\/\/pizbube.ch\/en\/wp-json\/wp\/v2\/product"}],"about":[{"href":"https:\/\/pizbube.ch\/en\/wp-json\/wp\/v2\/types\/product"}],"wp:featuredmedia":[{"embeddable":true,"href":"https:\/\/pizbube.ch\/en\/wp-json\/wp\/v2\/media\/30824"}],"wp:attachment":[{"href":"https:\/\/pizbube.ch\/en\/wp-json\/wp\/v2\/media?parent=151984"}],"wp:term":[{"taxonomy":"product_brand","embeddable":true,"href":"https:\/\/pizbube.ch\/en\/wp-json\/wp\/v2\/product_brand?post=151984"},{"taxonomy":"product_cat","embeddable":true,"href":"https:\/\/pizbube.ch\/en\/wp-json\/wp\/v2\/product_cat?post=151984"},{"taxonomy":"product_tag","embeddable":true,"href":"https:\/\/pizbube.ch\/en\/wp-json\/wp\/v2\/product_tag?post=151984"}],"curies":[{"name":"wp","href":"https:\/\/api.w.org\/{rel}","templated":true}]}}