{"id":151988,"date":"2021-01-15T12:02:43","date_gmt":"2021-01-15T12:02:43","guid":{"rendered":"https:\/\/codengine3.ch\/?product=import-placeholder-for-204166"},"modified":"2021-01-15T14:30:30","modified_gmt":"2021-01-15T14:30:30","slug":"loetschen","status":"publish","type":"product","link":"https:\/\/pizbube.ch\/en\/shop\/loetschen\/","title":{"rendered":"L\u00f6tschen"},"content":{"rendered":"<p>L\u00f6tschen, das ist Landes- und Volkskunde des L\u00f6tschentales; Hedwig Anneler<br \/>\nhielt sie sich mehrere Jahre im L\u00f6tschental auf, wo sie sich eingehend mit<br \/>\ndessen Bev\u00f6lkerung und Geschichte auseinandersetzte. 1917 erschien die von<br \/>\nihrem Bruder Karl illustrierte Monographie L\u00f6tschen: Landes- und Volkskunde<br \/>\ndes L\u00f6tschentals.<br \/>\n34 x 25 cm. 360 SS, 2 Farbtafeln, 22 ganzseitige, 54 zeispaltige und 114<br \/>\neinspaltige Federzeichnungen, 10 Titel- und 9 Schlussvignetten, und eine<br \/>\nausfaltbare Karte im Anhang. Durchaus bebildert mit Holzgravuren. Reprint<\/p>","protected":false},"excerpt":{"rendered":"<p>L\u00f6tschen, das ist Landes- und Volkskunde des L\u00f6tschentales; Hedwig Anneler hielt sie sich mehrere Jahre im L\u00f6tschental auf, wo sie sich eingehend mit dessen Bev\u00f6lkerung und Geschichte auseinandersetzte. 1917 erschien die von ihrem Bruder Karl illustrierte Monographie L\u00f6tschen: Landes- und Volkskunde des L\u00f6tschentals. 34 x 25 cm. 360 SS, 2 Farbtafeln, 22 ganzseitige, 54 zeispaltige [&#8230;]\n","protected":false},"featured_media":31943,"template":"","meta":[],"product_brand":[],"product_cat":[21580],"product_tag":[],"class_list":{"0":"post-151988","1":"product","2":"type-product","3":"status-publish","4":"has-post-thumbnail","6":"product_cat-kunst-kultur","7":"pa_autor-anneler","8":"pa_erscheinungsjahr-1918-2006","9":"pa_region-schweiz","10":"pa_sprache-de","12":"first","13":"instock","14":"taxable","15":"shipping-taxable","16":"purchasable","17":"product-type-simple"},"_links":{"self":[{"href":"https:\/\/pizbube.ch\/en\/wp-json\/wp\/v2\/product\/151988","targetHints":{"allow":["GET"]}}],"collection":[{"href":"https:\/\/pizbube.ch\/en\/wp-json\/wp\/v2\/product"}],"about":[{"href":"https:\/\/pizbube.ch\/en\/wp-json\/wp\/v2\/types\/product"}],"wp:featuredmedia":[{"embeddable":true,"href":"https:\/\/pizbube.ch\/en\/wp-json\/wp\/v2\/media\/31943"}],"wp:attachment":[{"href":"https:\/\/pizbube.ch\/en\/wp-json\/wp\/v2\/media?parent=151988"}],"wp:term":[{"taxonomy":"product_brand","embeddable":true,"href":"https:\/\/pizbube.ch\/en\/wp-json\/wp\/v2\/product_brand?post=151988"},{"taxonomy":"product_cat","embeddable":true,"href":"https:\/\/pizbube.ch\/en\/wp-json\/wp\/v2\/product_cat?post=151988"},{"taxonomy":"product_tag","embeddable":true,"href":"https:\/\/pizbube.ch\/en\/wp-json\/wp\/v2\/product_tag?post=151988"}],"curies":[{"name":"wp","href":"https:\/\/api.w.org\/{rel}","templated":true}]}}