{"id":151990,"date":"2021-01-15T12:02:44","date_gmt":"2021-01-15T12:02:44","guid":{"rendered":"https:\/\/codengine3.ch\/?product=import-placeholder-for-201566"},"modified":"2021-01-15T12:02:47","modified_gmt":"2021-01-15T12:02:47","slug":"die-umweltgerechte-schutzhuette","status":"publish","type":"product","link":"https:\/\/pizbube.ch\/en\/shop\/die-umweltgerechte-schutzhuette\/","title":{"rendered":"Die umweltgerechte Schutzh\u00fctte"},"content":{"rendered":"<p>Dokumentation zur umweltgerechten Sanierung der Schutzh\u00fctten alpiner Vereine.  <\/p>\n<p>Die Studie, verfa\u00dft von Mag. Uwe Grinzinger, dokumentiert die Bem\u00fchungen der<br \/>\nalpinen Vereine zur umweltfreundlichen Ver- und Entsorgung ihrer Schutzh\u00fctten<br \/>\nin \u00d6sterreich. Sie richtet sich an Beh\u00f6rden und Sachverst\u00e4ndige sowie an<br \/>\nInteressierte in den alpinen Vereinen und in der breiten \u00d6ffentlichkeit.  <\/p>\n<p>Die Studie er\u00f6rtert, f\u00fcr den Laien und den Fachmann gleicherma\u00dfen lesenswert,<br \/>\nausf\u00fchrlich den momentanen Stand der Technik beim Umweltschutz auf<br \/>\nSchutzh\u00fctten in den Bereichen:<br \/>\nEnergie-, Wasser-, G\u00fcterversorgung<br \/>\nAbwasser- und Abfallentsorgung<br \/>\nBauen im Hochgebirge  <\/p>\n<p>Au\u00dferdem werden in der Studie &#8218;Umweltgerechte Schutzh\u00fctte&#8216; weiterhin<br \/>\nbestehende Problemkreise &#8211; speziell die Finanzierung von Ma\u00dfnahmen und<br \/>\nAuflagen zum Natur- und Umweltschutz &#8211; dargestellt. Neben zahlreichen k\u00fcrzeren<br \/>\nFallbeispielen von anderen H\u00fctten werden in der Studie acht ausgew\u00e4hlte H\u00fctten<br \/>\nund deren L\u00f6sungen am Umweltsektor ausf\u00fchrlich beschrieben.<\/p>","protected":false},"excerpt":{"rendered":"<p>Dokumentation zur umweltgerechten Sanierung der Schutzh\u00fctten alpiner Vereine. Die Studie, verfa\u00dft von Mag. Uwe Grinzinger, dokumentiert die Bem\u00fchungen der alpinen Vereine zur umweltfreundlichen Ver- und Entsorgung ihrer Schutzh\u00fctten in \u00d6sterreich. Sie richtet sich an Beh\u00f6rden und Sachverst\u00e4ndige sowie an Interessierte in den alpinen Vereinen und in der breiten \u00d6ffentlichkeit. Die Studie er\u00f6rtert, f\u00fcr den Laien [&#8230;]\n","protected":false},"featured_media":28932,"template":"","meta":[],"product_brand":[],"product_cat":[21542],"product_tag":[],"class_list":{"0":"post-151990","1":"product","2":"type-product","3":"status-publish","4":"has-post-thumbnail","6":"product_cat-sachbuecher-dokumentationen","7":"pa_autor-grinzinger","8":"pa_erscheinungsjahr-22150","9":"pa_region-oesterreich","10":"pa_sprache-de","12":"first","13":"outofstock","14":"taxable","15":"shipping-taxable","16":"purchasable","17":"product-type-simple"},"_links":{"self":[{"href":"https:\/\/pizbube.ch\/en\/wp-json\/wp\/v2\/product\/151990","targetHints":{"allow":["GET"]}}],"collection":[{"href":"https:\/\/pizbube.ch\/en\/wp-json\/wp\/v2\/product"}],"about":[{"href":"https:\/\/pizbube.ch\/en\/wp-json\/wp\/v2\/types\/product"}],"wp:featuredmedia":[{"embeddable":true,"href":"https:\/\/pizbube.ch\/en\/wp-json\/wp\/v2\/media\/28932"}],"wp:attachment":[{"href":"https:\/\/pizbube.ch\/en\/wp-json\/wp\/v2\/media?parent=151990"}],"wp:term":[{"taxonomy":"product_brand","embeddable":true,"href":"https:\/\/pizbube.ch\/en\/wp-json\/wp\/v2\/product_brand?post=151990"},{"taxonomy":"product_cat","embeddable":true,"href":"https:\/\/pizbube.ch\/en\/wp-json\/wp\/v2\/product_cat?post=151990"},{"taxonomy":"product_tag","embeddable":true,"href":"https:\/\/pizbube.ch\/en\/wp-json\/wp\/v2\/product_tag?post=151990"}],"curies":[{"name":"wp","href":"https:\/\/api.w.org\/{rel}","templated":true}]}}