{"id":151991,"date":"2021-01-15T12:02:44","date_gmt":"2021-01-15T12:02:44","guid":{"rendered":"https:\/\/codengine3.ch\/?product=import-placeholder-for-207027"},"modified":"2021-01-15T14:54:26","modified_gmt":"2021-01-15T14:54:26","slug":"wolkenhaeuser","status":"publish","type":"product","link":"https:\/\/pizbube.ch\/en\/shop\/wolkenhaeuser\/","title":{"rendered":"Wolkenh\u00e4user"},"content":{"rendered":"<p>Die 30 spektakul\u00e4rsten H\u00fcttenziele in den Alpen  <\/p>\n<p>Dieser traumhaft bebilderte Tourenf\u00fchrer pr\u00e4sentiert 30 spektakul\u00e4r zwischen<br \/>\nHimmel und Erde gelegene Alpenh\u00fctten. Mal gipfelnah, mal extrem exponiert &#8211; in<br \/>\ndiesen H\u00fctten in Deutschland, \u00d6sterreich, Italien und Slowenien lassen sich<br \/>\nNatur und Elemente noch unverstellt und unmittelbar erleben. Alle Touren sind<br \/>\nausf\u00fchrlich mit allen wichtigen Infos beschrieben, Specials zu Traditionen,<br \/>\nNatur und Kulinaria und detaillierte Karten erg\u00e4nzen den Band.  <\/p>","protected":false},"excerpt":{"rendered":"<p>Die 30 spektakul\u00e4rsten H\u00fcttenziele in den Alpen Dieser traumhaft bebilderte Tourenf\u00fchrer pr\u00e4sentiert 30 spektakul\u00e4r zwischen Himmel und Erde gelegene Alpenh\u00fctten. Mal gipfelnah, mal extrem exponiert &#8211; in diesen H\u00fctten in Deutschland, \u00d6sterreich, Italien und Slowenien lassen sich Natur und Elemente noch unverstellt und unmittelbar erleben. Alle Touren sind ausf\u00fchrlich mit allen wichtigen Infos beschrieben, Specials [&#8230;]\n","protected":false},"featured_media":36606,"template":"","meta":[],"product_brand":[],"product_cat":[21542],"product_tag":[],"class_list":{"0":"post-151991","1":"product","2":"type-product","3":"status-publish","4":"has-post-thumbnail","6":"product_cat-sachbuecher-dokumentationen","7":"pa_autor-zahel","8":"pa_erscheinungsjahr-21621","9":"pa_region-deutschland","10":"pa_sprache-de","12":"first","13":"instock","14":"taxable","15":"shipping-taxable","16":"purchasable","17":"product-type-simple"},"_links":{"self":[{"href":"https:\/\/pizbube.ch\/en\/wp-json\/wp\/v2\/product\/151991","targetHints":{"allow":["GET"]}}],"collection":[{"href":"https:\/\/pizbube.ch\/en\/wp-json\/wp\/v2\/product"}],"about":[{"href":"https:\/\/pizbube.ch\/en\/wp-json\/wp\/v2\/types\/product"}],"wp:featuredmedia":[{"embeddable":true,"href":"https:\/\/pizbube.ch\/en\/wp-json\/wp\/v2\/media\/36606"}],"wp:attachment":[{"href":"https:\/\/pizbube.ch\/en\/wp-json\/wp\/v2\/media?parent=151991"}],"wp:term":[{"taxonomy":"product_brand","embeddable":true,"href":"https:\/\/pizbube.ch\/en\/wp-json\/wp\/v2\/product_brand?post=151991"},{"taxonomy":"product_cat","embeddable":true,"href":"https:\/\/pizbube.ch\/en\/wp-json\/wp\/v2\/product_cat?post=151991"},{"taxonomy":"product_tag","embeddable":true,"href":"https:\/\/pizbube.ch\/en\/wp-json\/wp\/v2\/product_tag?post=151991"}],"curies":[{"name":"wp","href":"https:\/\/api.w.org\/{rel}","templated":true}]}}