{"id":151993,"date":"2021-01-15T12:02:44","date_gmt":"2021-01-15T12:02:44","guid":{"rendered":"https:\/\/codengine3.ch\/?product=import-placeholder-for-205205"},"modified":"2021-01-15T14:39:28","modified_gmt":"2021-01-15T14:39:28","slug":"equilibrium-harald-berger-ein-bildband","status":"publish","type":"product","link":"https:\/\/pizbube.ch\/en\/shop\/equilibrium-harald-berger-ein-bildband\/","title":{"rendered":"Equilibrium Harald Berger &#8211; Ein Bildband"},"content":{"rendered":"<p>In den letzten Jahren wurde er nicht nur dreimal hintereinander Weltmeister im<br \/>\nEisklettern, sondern konnte auch die weltweit schwierigsten Mixedrouten in der<br \/>\nSchweiz, Norwegen und Kanada punkten. Jedoch auch Erstbegehungen schwieriger<br \/>\nlanger Wasserf\u00e4lle, ebenfalls in Norwegen und Kanada, standen auf dem<br \/>\nProgramm. Im Sommer 2003 konnte er die namhaften alpinen Sportkletterrouten<br \/>\n&#8218;End of Silence&#8216; (8b), Feuerh\u00f6rndl, von Thomas Huber und &#8218;New Age&#8216; (8a+),<br \/>\nR\u00e4tikon, von Beat Kammerlander punkten. Im Sp\u00e4tsommer 2004 konnte er seine<br \/>\nRoutenliste mit &#8218;Des Kaisers neue Kleider&#8216; (8b+), Wilder Kaiser, erweitern,<br \/>\nund im Sommer 05 rundete er so genannte &#8218;Trilogie&#8216; der drei schwersten alpinen<br \/>\nKletterouten (End of Silence, Des Kaisers neue Kleider, Silbergeier) mit<br \/>\n&#8218;Silbergeier&#8216;, R\u00e4tikon, (8b+) ab. Am 20.12.2006 verungl\u00fcckte Harald t\u00f6dlich<br \/>\nbeim Eisklettertraining.  <\/p>\n<p>Hari und der Fotograph Hermann Erber wollten immer schon ein Buch \u00fcber das<br \/>\nEisklettern machen. Hari hat immer wieder davon gesprochen, dass das ein<br \/>\nTraumprojekt von ihm war.<br \/>\nErber und Kirsten Buchmann verwirklichten diesen Traum f\u00fcr Hari. Gemeinsam<br \/>\nbegleiten sie Hari mit Hermanns einzigartigen Bildern noch einmal durch die<br \/>\nTrilogie (\u00d6sterreich und Schweiz), Norwegen, Kanada, USA, Chile und<br \/>\nMadagaskar.  <\/p>\n<p>Das Buch ist ein Andenken an Hari und eine Hommage an das Reisen, die Berge<br \/>\nund den Klettersport in all seinen Facetten. Nicht die sportlichen<br \/>\nH\u00f6chstleistungen stehen im Vordergrund, sondern die Erinnerungen an eine<br \/>\nwunderbare Zeit.  <\/p>\n<p>Der Gesamterl\u00f6s wird auf ein Konto, welches der Salzburger Bergf\u00fchrerverband<br \/>\nverwaltet, eingezahlt, sodass im Falle einer \u00e4hnlichen Situation anderen<br \/>\nMenschen schnell und unb\u00fcrokratisch geholfen werden kann.  <\/p>","protected":false},"excerpt":{"rendered":"<p>In den letzten Jahren wurde er nicht nur dreimal hintereinander Weltmeister im Eisklettern, sondern konnte auch die weltweit schwierigsten Mixedrouten in der Schweiz, Norwegen und Kanada punkten. Jedoch auch Erstbegehungen schwieriger langer Wasserf\u00e4lle, ebenfalls in Norwegen und Kanada, standen auf dem Programm. Im Sommer 2003 konnte er die namhaften alpinen Sportkletterrouten &#8218;End of Silence&#8216; (8b), [&#8230;]\n","protected":false},"featured_media":33843,"template":"","meta":[],"product_brand":[],"product_cat":[21542],"product_tag":[],"class_list":{"0":"post-151993","1":"product","2":"type-product","3":"status-publish","4":"has-post-thumbnail","6":"product_cat-sachbuecher-dokumentationen","7":"pa_autor-erber-buchmann","8":"pa_erscheinungsjahr-21842","9":"pa_region-oesterreich","10":"pa_sprache-de","12":"first","13":"outofstock","14":"taxable","15":"shipping-taxable","16":"purchasable","17":"product-type-simple"},"_links":{"self":[{"href":"https:\/\/pizbube.ch\/en\/wp-json\/wp\/v2\/product\/151993","targetHints":{"allow":["GET"]}}],"collection":[{"href":"https:\/\/pizbube.ch\/en\/wp-json\/wp\/v2\/product"}],"about":[{"href":"https:\/\/pizbube.ch\/en\/wp-json\/wp\/v2\/types\/product"}],"wp:featuredmedia":[{"embeddable":true,"href":"https:\/\/pizbube.ch\/en\/wp-json\/wp\/v2\/media\/33843"}],"wp:attachment":[{"href":"https:\/\/pizbube.ch\/en\/wp-json\/wp\/v2\/media?parent=151993"}],"wp:term":[{"taxonomy":"product_brand","embeddable":true,"href":"https:\/\/pizbube.ch\/en\/wp-json\/wp\/v2\/product_brand?post=151993"},{"taxonomy":"product_cat","embeddable":true,"href":"https:\/\/pizbube.ch\/en\/wp-json\/wp\/v2\/product_cat?post=151993"},{"taxonomy":"product_tag","embeddable":true,"href":"https:\/\/pizbube.ch\/en\/wp-json\/wp\/v2\/product_tag?post=151993"}],"curies":[{"name":"wp","href":"https:\/\/api.w.org\/{rel}","templated":true}]}}