{"id":151995,"date":"2021-01-15T12:02:44","date_gmt":"2021-01-15T12:02:44","guid":{"rendered":"https:\/\/codengine3.ch\/?product=import-placeholder-for-204817"},"modified":"2021-01-15T14:36:29","modified_gmt":"2021-01-15T14:36:29","slug":"emotional-landscapes","status":"publish","type":"product","link":"https:\/\/pizbube.ch\/en\/shop\/emotional-landscapes\/","title":{"rendered":"Emotional Landscapes"},"content":{"rendered":"<p>Emotional Landscapes, a story of the worlds most far away and most difficult<br \/>\nBoulders, the wildlife of Australia, the African steppe, the beautyness of<br \/>\ntropical islands, where giant rocks are meeting the ocean, the cliffs of<br \/>\nVietnam and the mediterranean see, the indian flair, big snowy mountains and<br \/>\nbeautiful beaches with perfect waves.  <\/p>\n<p>Dieses Buch ist eine Arbeit mit Bildern und Erinnerungen, die sich \u00fcber die<br \/>\nletzten Jahre angeh\u00e4uft haben. Jahre des intensi-ven Reisens nach Asien,<br \/>\nNord-, S\u00fcd &#8211; und Lateinamerika, Indien, Australien, Ozeanien, Europa und in<br \/>\nmeiner Heimat \u00d6sterreich. Unsere Welt ist zum globalen Dorf erschlossen, mit<br \/>\nRiesenv\u00f6-geln, schnellen Autos, Z\u00fcgen und Schiffen. Gestern in den Tropen mit<br \/>\nBadeshorts, morgen im tief verschneiten Winter der Alpen. Jeder Ort mit seinen<br \/>\nBewohnern, Menschen wie Tieren, vermittelt ein eigenes Gef\u00fchl des Lebens.<br \/>\nDabei machte ich Be-kanntschaft mit einem Korallenriff, wo sich Wellen<br \/>\n\u00fcberschla-gen, mit einer indischen Familie, mit einem K\u00e4nguruh-J\u00e4ger irgendwo<br \/>\nim australischen Busch, mit Schlangen, mit frischem Pulverschnee, mit<br \/>\nverschiedensten Felsformationen, mit den W\u00fcsten und den Steppen und mit den<br \/>\nWeltmeeren.<br \/>\nViele Bilder habe ich mit einer kleinen und alten &#8218;Lomostil&#8216;-Kamera<br \/>\nfotografiert, viele sind von meiner Schwester Uli, von Andi Hechenberger und<br \/>\nvon Freunden und Fotographen mit denen ich unterwegs war.<br \/>\nImagin\u00e4re Bilder in meinem Kopf verbunden mit Gef\u00fchlen, so speichere ich<br \/>\nErinnerungen ab. Zuhause im stillen K\u00e4mmerchen habe ich mein Archiv<br \/>\naufgearbeitet, meine Erinnerungen rekon-struiert und versucht alles zu einem<br \/>\nGebilde zu verschmelzen. Ein gebundenes Buch zusammen zu fassen war f\u00fcr mich<br \/>\nein spezielles Ereignis, etwas Besonderes, quasi eine aus dem eigenen Gehirn<br \/>\ngezogene Kopie. Starke Momente die sich als Erinnerung einbrennen. Die<br \/>\nVorherrschaft des Emotionalen vor dem Rationalen.<br \/>\nAuf lange Texte habe ich verzichtet. Es ist ein reinrassiges Bilderbuch mit<br \/>\nentweder einem Bild \u00fcber die Doppelseite oder eines links und eines auf der<br \/>\nrechten Seite. Die &#8218;Texte&#8216; sind in Form von Titel und Untertitel im Bild<br \/>\neingegossen, um den Zusammenhang mit den speziellen &#8218;unsichtbaren&#8216; Gef\u00fchlen zu<br \/>\nerzeugen. F\u00fcr den Betrachter soll es eine Inspiration und ein visueller Genuss<br \/>\nsein, und zum tr\u00e4umen einladen  <\/p>\n<p>168 colored pages,<br \/>\npictures full to all sides, closed 130&#215;180 mm, opened 130&#215;360 mm, Panorama<br \/>\n130&#215;700 mm, cover in Velour<\/p>","protected":false},"excerpt":{"rendered":"<p>Emotional Landscapes, a story of the worlds most far away and most difficult Boulders, the wildlife of Australia, the African steppe, the beautyness of tropical islands, where giant rocks are meeting the ocean, the cliffs of Vietnam and the mediterranean see, the indian flair, big snowy mountains and beautiful beaches with perfect waves. Dieses Buch [&#8230;]\n","protected":false},"featured_media":33337,"template":"","meta":[],"product_brand":[],"product_cat":[21542],"product_tag":[],"class_list":{"0":"post-151995","1":"product","2":"type-product","3":"status-publish","4":"has-post-thumbnail","6":"product_cat-sachbuecher-dokumentationen","7":"pa_autor-loskot","8":"pa_erscheinungsjahr-21842","9":"pa_region-oesterreich","10":"pa_sprache-en","12":"first","13":"outofstock","14":"taxable","15":"shipping-taxable","16":"purchasable","17":"product-type-simple"},"_links":{"self":[{"href":"https:\/\/pizbube.ch\/en\/wp-json\/wp\/v2\/product\/151995","targetHints":{"allow":["GET"]}}],"collection":[{"href":"https:\/\/pizbube.ch\/en\/wp-json\/wp\/v2\/product"}],"about":[{"href":"https:\/\/pizbube.ch\/en\/wp-json\/wp\/v2\/types\/product"}],"wp:featuredmedia":[{"embeddable":true,"href":"https:\/\/pizbube.ch\/en\/wp-json\/wp\/v2\/media\/33337"}],"wp:attachment":[{"href":"https:\/\/pizbube.ch\/en\/wp-json\/wp\/v2\/media?parent=151995"}],"wp:term":[{"taxonomy":"product_brand","embeddable":true,"href":"https:\/\/pizbube.ch\/en\/wp-json\/wp\/v2\/product_brand?post=151995"},{"taxonomy":"product_cat","embeddable":true,"href":"https:\/\/pizbube.ch\/en\/wp-json\/wp\/v2\/product_cat?post=151995"},{"taxonomy":"product_tag","embeddable":true,"href":"https:\/\/pizbube.ch\/en\/wp-json\/wp\/v2\/product_tag?post=151995"}],"curies":[{"name":"wp","href":"https:\/\/api.w.org\/{rel}","templated":true}]}}