{"id":151996,"date":"2021-01-15T12:02:44","date_gmt":"2021-01-15T12:02:44","guid":{"rendered":"https:\/\/codengine3.ch\/?product=import-placeholder-for-203387"},"modified":"2021-01-15T14:22:46","modified_gmt":"2021-01-15T14:22:46","slug":"modane-monts-d-ambin-bardonecchia-val-di-susa-no-12","status":"publish","type":"product","link":"https:\/\/pizbube.ch\/en\/shop\/modane-monts-d-ambin-bardonecchia-val-di-susa-no-12\/","title":{"rendered":"Modane Monts d&#8216; Ambin Bardonecchia Val di Susa No. 12"},"content":{"rendered":"<p>Alpen ohne Grenzen \/ Alps without frontiers: Wanderweg vom Genfersee bis ans<br \/>\nMittelmeer, immer entlang der Italienisch\/ Franz\u00f6sichen Grenze. Kurzf\u00fchrer mit<br \/>\nallen Infos und Landkarte im Massstab 1: 25 000 (Top-IGN Qualit\u00e4t und gute<br \/>\nZusammenschnitte!)<br \/>\nBlatt\u00fcbersicht s. Abbildung; No. 12  <\/p>","protected":false},"excerpt":{"rendered":"<p>Alpen ohne Grenzen \/ Alps without frontiers: Wanderweg vom Genfersee bis ans Mittelmeer, immer entlang der Italienisch\/ Franz\u00f6sichen Grenze. Kurzf\u00fchrer mit allen Infos und Landkarte im Massstab 1: 25 000 (Top-IGN Qualit\u00e4t und gute Zusammenschnitte!) Blatt\u00fcbersicht s. Abbildung; No. 12<\/p>","protected":false},"featured_media":30987,"template":"","meta":[],"product_brand":[],"product_cat":[21543],"product_tag":[],"class_list":{"0":"post-151996","1":"product","2":"type-product","3":"status-publish","4":"has-post-thumbnail","6":"product_cat-landkarten","7":"pa_autor-ign","8":"pa_erscheinungsjahr-21750","9":"pa_region-frankreich","10":"pa_sprache-d","11":"pa_sprache-e","13":"first","14":"outofstock","15":"taxable","16":"shipping-taxable","17":"purchasable","18":"product-type-simple"},"_links":{"self":[{"href":"https:\/\/pizbube.ch\/en\/wp-json\/wp\/v2\/product\/151996","targetHints":{"allow":["GET"]}}],"collection":[{"href":"https:\/\/pizbube.ch\/en\/wp-json\/wp\/v2\/product"}],"about":[{"href":"https:\/\/pizbube.ch\/en\/wp-json\/wp\/v2\/types\/product"}],"wp:featuredmedia":[{"embeddable":true,"href":"https:\/\/pizbube.ch\/en\/wp-json\/wp\/v2\/media\/30987"}],"wp:attachment":[{"href":"https:\/\/pizbube.ch\/en\/wp-json\/wp\/v2\/media?parent=151996"}],"wp:term":[{"taxonomy":"product_brand","embeddable":true,"href":"https:\/\/pizbube.ch\/en\/wp-json\/wp\/v2\/product_brand?post=151996"},{"taxonomy":"product_cat","embeddable":true,"href":"https:\/\/pizbube.ch\/en\/wp-json\/wp\/v2\/product_cat?post=151996"},{"taxonomy":"product_tag","embeddable":true,"href":"https:\/\/pizbube.ch\/en\/wp-json\/wp\/v2\/product_tag?post=151996"}],"curies":[{"name":"wp","href":"https:\/\/api.w.org\/{rel}","templated":true}]}}