{"id":152002,"date":"2021-01-15T12:02:45","date_gmt":"2021-01-15T12:02:45","guid":{"rendered":"https:\/\/codengine3.ch\/?product=import-placeholder-for-206734"},"modified":"2025-04-01T09:16:05","modified_gmt":"2025-04-01T07:16:05","slug":"la-cascade-de-glace-sinitier-et-se-perfectionner","status":"publish","type":"product","link":"https:\/\/pizbube.ch\/en\/shop\/la-cascade-de-glace-sinitier-et-se-perfectionner\/","title":{"rendered":"La cascade de glace &#8211; S&#8217;initier et se perfectionner"},"content":{"rendered":"<p>Ce guide technique, largement illustr\u00e9 en photos et dessins, s\u2019adresse \u00e0 des<br \/>\ngrimpeurs qui veulent d\u00e9marrer et se perfectionner dans la pratique de la<br \/>\ncascade de glace. Bons conseils, astuces du professionnel, Philippe Batoux<br \/>\nnous livre toutes les cl\u00e9s pour un apprentissage r\u00e9ussi et une progression<br \/>\ngarantie.<\/p>\n<p>Comme pour tout ouvrage de la collection \u00ab Solo \u00bb, une grande importance est<br \/>\ndonn\u00e9e aux photos et aux dessins pour expliquer le propos technique. Une ou<br \/>\nplusieurs images comment\u00e9es sont souvent plus claires qu&#8217;un long discours.<\/p>\n<p>Sommaire:<\/p>\n<p>Chapitre 1 \/ L\u2019environnement<br \/>\n&#8211; Le froid, le vent, la neige, l\u2019humidit\u00e9<br \/>\n&#8211; O\u00f9 pratiquer ?<br \/>\n&#8211; La glace, ses diff\u00e9rents types et diff\u00e9rentes structures ; son \u00e9volution<br \/>\n&#8211; Les cotations, comment \u00e7a marche, comment les interpr\u00e9ter<\/p>\n<p>Chapitre 2 \/ Les techniques de base<br \/>\n&#8211; Pr\u00e9paration physique, entra\u00eenement et alimentation<br \/>\n&#8211; La veille du d\u00e9part, que faut-il faire pour choisir sa cascade ?<br \/>\n&#8211; L\u2019approche, au pied de l\u2019objectif, le retour<br \/>\n&#8211; Le mat\u00e9riel en d\u00e9tail, son entretien<br \/>\n&#8211; la gestuelle de progression<br \/>\n&#8211; les relais<br \/>\n&#8211; la descente<br \/>\n&#8211; Man\u0153uvres sp\u00e9ciales<\/p>\n<p>Chapitre 3 \/ Strat\u00e9gie, gestion du risque<br \/>\n&#8211; Le facteur humain, les conditions<br \/>\n&#8211; Exemples concrets d\u2019erreurs ou d\u2019accidents<\/p>\n<p>Chapitre 4 \/ Les diff\u00e9rents types de pratiques<br \/>\n&#8211; Goulottes<br \/>\n&#8211; Goulottes et mixte<br \/>\n&#8211; Cascade de glace<br \/>\n&#8211; Cascades difficiles : free-standing, dry-tooling, mixte<\/p>\n<p>Chapitre 5\/ Exemples pratiques avec une goulotte et une cascade<\/p>","protected":false},"excerpt":{"rendered":"<p>Ce guide technique, largement illustr\u00e9 en photos et dessins, s\u2019adresse \u00e0 des grimpeurs qui veulent d\u00e9marrer et se perfectionner dans la pratique de la cascade de glace. Bons conseils, astuces du professionnel, Philippe Batoux nous livre toutes les cl\u00e9s pour un apprentissage r\u00e9ussi et une progression garantie. Comme pour tout ouvrage de la collection \u00ab [&#8230;]\n","protected":false},"featured_media":35971,"template":"","meta":[],"product_brand":[],"product_cat":[21538],"product_tag":[],"class_list":{"0":"post-152002","1":"product","2":"type-product","3":"status-publish","4":"has-post-thumbnail","6":"product_cat-lehrbuecher","7":"pa_autor-batoux","8":"pa_erscheinungsjahr-21568","9":"pa_region-alpin-winter","10":"pa_sprache-fr","12":"first","13":"outofstock","14":"taxable","15":"shipping-taxable","16":"purchasable","17":"product-type-simple"},"_links":{"self":[{"href":"https:\/\/pizbube.ch\/en\/wp-json\/wp\/v2\/product\/152002","targetHints":{"allow":["GET"]}}],"collection":[{"href":"https:\/\/pizbube.ch\/en\/wp-json\/wp\/v2\/product"}],"about":[{"href":"https:\/\/pizbube.ch\/en\/wp-json\/wp\/v2\/types\/product"}],"wp:featuredmedia":[{"embeddable":true,"href":"https:\/\/pizbube.ch\/en\/wp-json\/wp\/v2\/media\/35971"}],"wp:attachment":[{"href":"https:\/\/pizbube.ch\/en\/wp-json\/wp\/v2\/media?parent=152002"}],"wp:term":[{"taxonomy":"product_brand","embeddable":true,"href":"https:\/\/pizbube.ch\/en\/wp-json\/wp\/v2\/product_brand?post=152002"},{"taxonomy":"product_cat","embeddable":true,"href":"https:\/\/pizbube.ch\/en\/wp-json\/wp\/v2\/product_cat?post=152002"},{"taxonomy":"product_tag","embeddable":true,"href":"https:\/\/pizbube.ch\/en\/wp-json\/wp\/v2\/product_tag?post=152002"}],"curies":[{"name":"wp","href":"https:\/\/api.w.org\/{rel}","templated":true}]}}