{"id":152003,"date":"2021-01-15T12:02:45","date_gmt":"2021-01-15T12:02:45","guid":{"rendered":"https:\/\/codengine3.ch\/?product=import-placeholder-for-201676"},"modified":"2025-01-23T14:14:56","modified_gmt":"2025-01-23T13:14:56","slug":"cascades-autour-du-mont-blanc-tome-1","status":"publish","type":"product","link":"https:\/\/pizbube.ch\/en\/shop\/cascades-autour-du-mont-blanc-tome-1\/","title":{"rendered":"Cascades autour du Mont Blanc, Tome 1"},"content":{"rendered":"<p>Vall\u00e9 de Chamonix, Vall\u00e9 de l&#8217;Eau Noire, Vall\u00e9 de Trient;<br \/>\navec belles photos et topos<\/p>\n<p>Selected waterfall ice climbing in Chamonix, the Vallee de l&#8217;Eau Noire &amp; the<br \/>\nVallee de Trient.<br \/>\nFrench text, with photo-diagrams throughout.<\/p>","protected":false},"excerpt":{"rendered":"<p>Vall\u00e9 de Chamonix, Vall\u00e9 de l&#8217;Eau Noire, Vall\u00e9 de Trient; avec belles photos et topos Selected waterfall ice climbing in Chamonix, the Vallee de l&#8217;Eau Noire &amp; the Vallee de Trient. French text, with photo-diagrams throughout.<\/p>","protected":false},"featured_media":178227,"template":"","meta":[],"product_brand":[],"product_cat":[21540],"product_tag":[],"class_list":{"0":"post-152003","1":"product","2":"type-product","3":"status-publish","4":"has-post-thumbnail","6":"product_cat-fuehrerliteratur-alpin-winter","7":"pa_autor-damilano-perroux","8":"pa_erscheinungsjahr-22060","9":"pa_region-frankreich","10":"pa_sprache-fr","12":"first","13":"instock","14":"taxable","15":"shipping-taxable","16":"purchasable","17":"product-type-simple"},"_links":{"self":[{"href":"https:\/\/pizbube.ch\/en\/wp-json\/wp\/v2\/product\/152003","targetHints":{"allow":["GET"]}}],"collection":[{"href":"https:\/\/pizbube.ch\/en\/wp-json\/wp\/v2\/product"}],"about":[{"href":"https:\/\/pizbube.ch\/en\/wp-json\/wp\/v2\/types\/product"}],"wp:featuredmedia":[{"embeddable":true,"href":"https:\/\/pizbube.ch\/en\/wp-json\/wp\/v2\/media\/178227"}],"wp:attachment":[{"href":"https:\/\/pizbube.ch\/en\/wp-json\/wp\/v2\/media?parent=152003"}],"wp:term":[{"taxonomy":"product_brand","embeddable":true,"href":"https:\/\/pizbube.ch\/en\/wp-json\/wp\/v2\/product_brand?post=152003"},{"taxonomy":"product_cat","embeddable":true,"href":"https:\/\/pizbube.ch\/en\/wp-json\/wp\/v2\/product_cat?post=152003"},{"taxonomy":"product_tag","embeddable":true,"href":"https:\/\/pizbube.ch\/en\/wp-json\/wp\/v2\/product_tag?post=152003"}],"curies":[{"name":"wp","href":"https:\/\/api.w.org\/{rel}","templated":true}]}}