{"id":152004,"date":"2021-01-15T12:02:45","date_gmt":"2021-01-15T12:02:45","guid":{"rendered":"https:\/\/codengine3.ch\/?product=import-placeholder-for-201575"},"modified":"2021-01-15T12:02:49","modified_gmt":"2021-01-15T12:02:49","slug":"cala-gonone-cartoguida-di-arrampicata","status":"publish","type":"product","link":"https:\/\/pizbube.ch\/en\/shop\/cala-gonone-cartoguida-di-arrampicata\/","title":{"rendered":"Cala Gonone &#8211; Cartoguida di arrampicata"},"content":{"rendered":"<p>Cartoguida di arrampicata 1: 15 000<br \/>\nmap and climbing guide<br \/>\n650 vie\/ routes  <\/p>\n<p>Bringt alle Klettergebiete von Cala Gonone auf Sardinien auf den neuesten<br \/>\nStand (Oktober 2005);<br \/>\n650 Routen in 21 Sektoren,<br \/>\nTopografische Karte im Ma\u00dfstab 1:15.000 f\u00fcr das gesamte Gebiet,<br \/>\nAlle Zustiege, Trekking- und Mountainbiketouren rund um Cala Gonone,<br \/>\nN\u00fctzliche Telefonnummern und Adressen<\/p>","protected":false},"excerpt":{"rendered":"<p>Cartoguida di arrampicata 1: 15 000 map and climbing guide 650 vie\/ routes Bringt alle Klettergebiete von Cala Gonone auf Sardinien auf den neuesten Stand (Oktober 2005); 650 Routen in 21 Sektoren, Topografische Karte im Ma\u00dfstab 1:15.000 f\u00fcr das gesamte Gebiet, Alle Zustiege, Trekking- und Mountainbiketouren rund um Cala Gonone, N\u00fctzliche Telefonnummern und Adressen<\/p>","protected":false},"featured_media":28944,"template":"","meta":[],"product_brand":[],"product_cat":[21539],"product_tag":[],"class_list":{"0":"post-152004","1":"product","2":"type-product","3":"status-publish","4":"has-post-thumbnail","6":"product_cat-fuehrerliteratur-sportklettern-bouldern","7":"pa_autor-oviglia","8":"pa_erscheinungsjahr-21776","9":"pa_region-italien","10":"pa_sprache-in-en","12":"first","13":"instock","14":"taxable","15":"shipping-taxable","16":"purchasable","17":"product-type-simple"},"_links":{"self":[{"href":"https:\/\/pizbube.ch\/en\/wp-json\/wp\/v2\/product\/152004","targetHints":{"allow":["GET"]}}],"collection":[{"href":"https:\/\/pizbube.ch\/en\/wp-json\/wp\/v2\/product"}],"about":[{"href":"https:\/\/pizbube.ch\/en\/wp-json\/wp\/v2\/types\/product"}],"wp:featuredmedia":[{"embeddable":true,"href":"https:\/\/pizbube.ch\/en\/wp-json\/wp\/v2\/media\/28944"}],"wp:attachment":[{"href":"https:\/\/pizbube.ch\/en\/wp-json\/wp\/v2\/media?parent=152004"}],"wp:term":[{"taxonomy":"product_brand","embeddable":true,"href":"https:\/\/pizbube.ch\/en\/wp-json\/wp\/v2\/product_brand?post=152004"},{"taxonomy":"product_cat","embeddable":true,"href":"https:\/\/pizbube.ch\/en\/wp-json\/wp\/v2\/product_cat?post=152004"},{"taxonomy":"product_tag","embeddable":true,"href":"https:\/\/pizbube.ch\/en\/wp-json\/wp\/v2\/product_tag?post=152004"}],"curies":[{"name":"wp","href":"https:\/\/api.w.org\/{rel}","templated":true}]}}