{"id":152006,"date":"2021-01-15T12:02:45","date_gmt":"2021-01-15T12:02:45","guid":{"rendered":"https:\/\/codengine3.ch\/?product=import-placeholder-for-201576"},"modified":"2021-01-15T12:02:50","modified_gmt":"2021-01-15T12:02:50","slug":"arlberger-skitourenfuehrer","status":"publish","type":"product","link":"https:\/\/pizbube.ch\/en\/shop\/arlberger-skitourenfuehrer\/","title":{"rendered":"Arlberger Skitourenf\u00fchrer"},"content":{"rendered":"<p>38 Skigipfel mit insgesamt 63 beschriebenen Abfahrten.  <\/p>\n<p>Unterteilt in die Regionen St. Anton, Lech, Z\u00fcrs, Stuben und Sonnenkopf bei<br \/>\nKl\u00f6sterle.<\/p>\n<p>Aufstiegszeiten 1 bis 3 Stunden.<br \/>\nFast alle Anstiege mit vorheriger Liftben\u00fctzung, viele Touren beginnen nach<br \/>\nvorheriger Variantenabfahrt von den jeweiligen Bergstationen. 200 Seiten, 240<br \/>\nFarbabbildungen mit eingezeichnetem Routenverlauf, 3-D Karten zu jeder Route<\/p>\n<p>\u00dcberarbeitete Neuausgabe 2010; 200 Seiten  <\/p>","protected":false},"excerpt":{"rendered":"<p>38 Skigipfel mit insgesamt 63 beschriebenen Abfahrten. Unterteilt in die Regionen St. Anton, Lech, Z\u00fcrs, Stuben und Sonnenkopf bei Kl\u00f6sterle. Aufstiegszeiten 1 bis 3 Stunden. Fast alle Anstiege mit vorheriger Liftben\u00fctzung, viele Touren beginnen nach vorheriger Variantenabfahrt von den jeweiligen Bergstationen. 200 Seiten, 240 Farbabbildungen mit eingezeichnetem Routenverlauf, 3-D Karten zu jeder Route \u00dcberarbeitete Neuausgabe [&#8230;]\n","protected":false},"featured_media":38180,"template":"","meta":[],"product_brand":[],"product_cat":[21540],"product_tag":[],"class_list":{"0":"post-152006","1":"product","2":"type-product","3":"status-publish","4":"has-post-thumbnail","6":"product_cat-fuehrerliteratur-alpin-winter","7":"pa_autor-thurner","8":"pa_erscheinungsjahr-21830","9":"pa_region-oesterreich","10":"pa_sprache-de","12":"first","13":"instock","14":"taxable","15":"shipping-taxable","16":"purchasable","17":"product-type-simple"},"_links":{"self":[{"href":"https:\/\/pizbube.ch\/en\/wp-json\/wp\/v2\/product\/152006","targetHints":{"allow":["GET"]}}],"collection":[{"href":"https:\/\/pizbube.ch\/en\/wp-json\/wp\/v2\/product"}],"about":[{"href":"https:\/\/pizbube.ch\/en\/wp-json\/wp\/v2\/types\/product"}],"wp:featuredmedia":[{"embeddable":true,"href":"https:\/\/pizbube.ch\/en\/wp-json\/wp\/v2\/media\/38180"}],"wp:attachment":[{"href":"https:\/\/pizbube.ch\/en\/wp-json\/wp\/v2\/media?parent=152006"}],"wp:term":[{"taxonomy":"product_brand","embeddable":true,"href":"https:\/\/pizbube.ch\/en\/wp-json\/wp\/v2\/product_brand?post=152006"},{"taxonomy":"product_cat","embeddable":true,"href":"https:\/\/pizbube.ch\/en\/wp-json\/wp\/v2\/product_cat?post=152006"},{"taxonomy":"product_tag","embeddable":true,"href":"https:\/\/pizbube.ch\/en\/wp-json\/wp\/v2\/product_tag?post=152006"}],"curies":[{"name":"wp","href":"https:\/\/api.w.org\/{rel}","templated":true}]}}