{"id":152019,"date":"2021-01-15T12:02:51","date_gmt":"2021-01-15T12:02:51","guid":{"rendered":"https:\/\/codengine3.ch\/?product=import-placeholder-for-201581"},"modified":"2021-01-15T12:02:54","modified_gmt":"2021-01-15T12:02:54","slug":"randonnees-en-dauphine","status":"publish","type":"product","link":"https:\/\/pizbube.ch\/en\/shop\/randonnees-en-dauphine\/","title":{"rendered":"Randonn\u00e9es en Dauphin\u00e9"},"content":{"rendered":"<p>pr\u00e9sente les plus classiques des randonn\u00e9es de la r\u00e9gion grenobleoise:<br \/>\nMatterhorngeschichtenercors, Oisans, Chartreuse et Belledonne<\/p>","protected":false},"excerpt":{"rendered":"<p>pr\u00e9sente les plus classiques des randonn\u00e9es de la r\u00e9gion grenobleoise: Matterhorngeschichtenercors, Oisans, Chartreuse et Belledonne<\/p>","protected":false},"featured_media":45070,"template":"","meta":[],"product_brand":[],"product_cat":[21605],"product_tag":[],"class_list":{"0":"post-152019","1":"product","2":"type-product","3":"status-publish","4":"has-post-thumbnail","6":"product_cat-wanderfuehrer-trekking","7":"pa_autor-sombardier","8":"pa_erscheinungsjahr-22151","9":"pa_region-frankreich","10":"pa_sprache-fr","12":"first","13":"instock","14":"taxable","15":"shipping-taxable","16":"purchasable","17":"product-type-simple"},"_links":{"self":[{"href":"https:\/\/pizbube.ch\/en\/wp-json\/wp\/v2\/product\/152019","targetHints":{"allow":["GET"]}}],"collection":[{"href":"https:\/\/pizbube.ch\/en\/wp-json\/wp\/v2\/product"}],"about":[{"href":"https:\/\/pizbube.ch\/en\/wp-json\/wp\/v2\/types\/product"}],"wp:featuredmedia":[{"embeddable":true,"href":"https:\/\/pizbube.ch\/en\/wp-json\/wp\/v2\/media\/45070"}],"wp:attachment":[{"href":"https:\/\/pizbube.ch\/en\/wp-json\/wp\/v2\/media?parent=152019"}],"wp:term":[{"taxonomy":"product_brand","embeddable":true,"href":"https:\/\/pizbube.ch\/en\/wp-json\/wp\/v2\/product_brand?post=152019"},{"taxonomy":"product_cat","embeddable":true,"href":"https:\/\/pizbube.ch\/en\/wp-json\/wp\/v2\/product_cat?post=152019"},{"taxonomy":"product_tag","embeddable":true,"href":"https:\/\/pizbube.ch\/en\/wp-json\/wp\/v2\/product_tag?post=152019"}],"curies":[{"name":"wp","href":"https:\/\/api.w.org\/{rel}","templated":true}]}}