{"id":152020,"date":"2021-01-15T12:02:51","date_gmt":"2021-01-15T12:02:51","guid":{"rendered":"https:\/\/codengine3.ch\/?product=import-placeholder-for-204103"},"modified":"2021-01-15T14:29:51","modified_gmt":"2021-01-15T14:29:51","slug":"dans-le-parc-national-des-ecrins","status":"publish","type":"product","link":"https:\/\/pizbube.ch\/en\/shop\/dans-le-parc-national-des-ecrins\/","title":{"rendered":"Dans le Parc national des Ecrins"},"content":{"rendered":"<p>120 itin\u00e9raires de randonn\u00e9e alpine. La randonn\u00e9e sur des sentiers balis\u00e9s ou<br \/>\nen terrain vari\u00e9 est un moyen privil\u00e9gi\u00e9 pour l&#8217;exploration du parc national.<br \/>\nFran\u00e7ois Labande propose dans ce livre 120 itin\u00e9raires remarquables, dans un<br \/>\nmassif qu&#8217;il parcourt \u00e0 pied depuis des d\u00e9cennies. Chaque secteur, chaque<br \/>\nvall\u00e9e, chaque refuge du parc national sont ainsi visit\u00e9s afin de permettre la<br \/>\nd\u00e9couverte du monde magique de la haute montagne.<br \/>\nLa description des itin\u00e9raires est pr\u00e9c\u00e9d\u00e9e d&#8217;une fiche technique pr\u00e9cise<br \/>\nindiquant aussi les possibilit\u00e9s d&#8217;acc\u00e8s par les transports publics et<br \/>\ncompl\u00e9t\u00e9e par un croquis sch\u00e9matique inspir\u00e9 de la carte topographique de la<br \/>\nr\u00e9gion.<br \/>\nCet ouvrage est publi\u00e9 en collaboration avec le Parc national des Ecrins.  <\/p>","protected":false},"excerpt":{"rendered":"<p>120 itin\u00e9raires de randonn\u00e9e alpine. La randonn\u00e9e sur des sentiers balis\u00e9s ou en terrain vari\u00e9 est un moyen privil\u00e9gi\u00e9 pour l&#8217;exploration du parc national. Fran\u00e7ois Labande propose dans ce livre 120 itin\u00e9raires remarquables, dans un massif qu&#8217;il parcourt \u00e0 pied depuis des d\u00e9cennies. Chaque secteur, chaque vall\u00e9e, chaque refuge du parc national sont ainsi visit\u00e9s [&#8230;]\n","protected":false},"featured_media":31855,"template":"","meta":[],"product_brand":[],"product_cat":[21605],"product_tag":[],"class_list":{"0":"post-152020","1":"product","2":"type-product","3":"status-publish","4":"has-post-thumbnail","6":"product_cat-wanderfuehrer-trekking","7":"pa_autor-labande","8":"pa_erscheinungsjahr-21763","9":"pa_region-frankreich","10":"pa_sprache-fr","12":"first","13":"instock","14":"taxable","15":"shipping-taxable","16":"purchasable","17":"product-type-simple"},"_links":{"self":[{"href":"https:\/\/pizbube.ch\/en\/wp-json\/wp\/v2\/product\/152020","targetHints":{"allow":["GET"]}}],"collection":[{"href":"https:\/\/pizbube.ch\/en\/wp-json\/wp\/v2\/product"}],"about":[{"href":"https:\/\/pizbube.ch\/en\/wp-json\/wp\/v2\/types\/product"}],"wp:featuredmedia":[{"embeddable":true,"href":"https:\/\/pizbube.ch\/en\/wp-json\/wp\/v2\/media\/31855"}],"wp:attachment":[{"href":"https:\/\/pizbube.ch\/en\/wp-json\/wp\/v2\/media?parent=152020"}],"wp:term":[{"taxonomy":"product_brand","embeddable":true,"href":"https:\/\/pizbube.ch\/en\/wp-json\/wp\/v2\/product_brand?post=152020"},{"taxonomy":"product_cat","embeddable":true,"href":"https:\/\/pizbube.ch\/en\/wp-json\/wp\/v2\/product_cat?post=152020"},{"taxonomy":"product_tag","embeddable":true,"href":"https:\/\/pizbube.ch\/en\/wp-json\/wp\/v2\/product_tag?post=152020"}],"curies":[{"name":"wp","href":"https:\/\/api.w.org\/{rel}","templated":true}]}}