{"id":152021,"date":"2021-01-15T12:02:51","date_gmt":"2021-01-15T12:02:51","guid":{"rendered":"https:\/\/codengine3.ch\/?product=import-placeholder-for-204249"},"modified":"2024-04-17T10:18:51","modified_gmt":"2024-04-17T08:18:51","slug":"dauphine-west","status":"publish","type":"product","link":"https:\/\/pizbube.ch\/en\/shop\/dauphine-west\/","title":{"rendered":"Dauphin\u00e9 West"},"content":{"rendered":"<p>Vercors \u00b7 Dr\u00f4me proven\u00e7ale \u00b7 Bu\u00ebch \u00b7 D\u00e9voluy<\/p>\n<p><span class=\"value\">Weite Hochebenen neben messerscharfen Felsabbr\u00fcchen, wilde Schluchten und H\u00f6hlen, Eichenw\u00e4lder und Garriguegestr\u00fcpp, weltentr\u00fcckte D\u00f6rfer und lebhafte M\u00e4rkte \u2013 die westliche Dauphin\u00e9 wartet mit einer ungeheuren Vielfalt auf. Das Tourengebiet des Rother Wanderf\u00fchrers Dauphin\u00e9 West erstreckt sich zwischen Grenoble und Sisteron, \u00f6stlich begrenzt durch den Flusslauf der Drac und westlich durch die Rhone. Besucht werden das eindrucksvolle Kalkfelsplateau des Vercors-Naturparks, das Dr\u00f4megebiet, das Bu\u00ebch mit seinen vortrefflichen Aussichtslogen sowie die fast hochalpin anmutende Kalkbastion des D\u00e9voluy-Massivs.<\/span><\/p>\n<p>Die Autorin Iris K\u00fcrschner, die sich in Frankreich ebenso zu Hause f\u00fchlt wie in Deutschland und der Schweiz, hat bei der Auswahl der 50 sch\u00f6nsten Touren besonderen Wert auf Abwechslung gelegt. Nicht selten vermischt sich auf ein und demselben Ausflug mediterranes Flair mit alpinem Charakter. Das Spektrum reicht von einfachen Wanderungen bis zu anspruchsvollen Hochgebirgstouren, um dem Gusto der unterschiedlichsten Wandertypen und Konditionen gerecht zu werden. Charakteristisch f\u00fcr die Region sind spektakul\u00e4re Gratrouten (von leicht bis anspruchsvoll) mit grandioser Sicht auf die Hochalpen, aber auch wildromantische Canyonwanderungen. Die h\u00f6chsten Gipfel, wie Obiou und Grand Ferrand, erfordern eine gewisse Bergerfahrung, wobei die Reize dieser kargen Hochregion auch auf einer beschaulichen Talwanderung genossen werden k\u00f6nnen.<\/p>\n<p>Ausf\u00fchrliche Wegbeschreibungen, detaillierte Kartenausschnitte sowie aussagekr\u00e4ftige H\u00f6henprofile machen alle Tourenvorschl\u00e4ge leicht und sicher nachvollziehbar. Die farbige Schwierigkeitsbewertung erleichtert die Auswahl der Ziele und zahlreiche brillante Farbfotos wecken die Wanderlust. F\u00fcr die 3., aktualisierte Auflage stehen nun auch GPS-Daten zum Download bereit.<\/p>\n<p>50 H\u00f6henprofile, 50 Wanderk\u00e4rtchen im Ma\u00dfstab 1:15.000 bis 1:125.000, eine \u00dcbersichtskarte im Ma\u00dfstab 1:800.000<\/p>\n<p>3. aktualis. Auflage 2022<br \/>\n168 Seiten<\/p>\n<p>&nbsp;<\/p>","protected":false},"excerpt":{"rendered":"<p>Vercors \u00b7 Dr\u00f4me proven\u00e7ale \u00b7 Bu\u00ebch \u00b7 D\u00e9voluy Weite Hochebenen neben messerscharfen Felsabbr\u00fcchen, wilde Schluchten und H\u00f6hlen, Eichenw\u00e4lder und Garriguegestr\u00fcpp, weltentr\u00fcckte D\u00f6rfer und lebhafte M\u00e4rkte \u2013 die westliche Dauphin\u00e9 wartet mit einer ungeheuren Vielfalt auf. Das Tourengebiet des Rother Wanderf\u00fchrers Dauphin\u00e9 West erstreckt sich zwischen Grenoble und Sisteron, \u00f6stlich begrenzt durch den Flusslauf der Drac [&#8230;]\n","protected":false},"featured_media":159201,"template":"","meta":[],"product_brand":[],"product_cat":[21605],"product_tag":[],"class_list":{"0":"post-152021","1":"product","2":"type-product","3":"status-publish","4":"has-post-thumbnail","6":"product_cat-wanderfuehrer-trekking","7":"pa_autor-kuerschner","8":"pa_erscheinungsjahr-27013","9":"pa_region-frankreich","10":"pa_sprache-de","12":"first","13":"instock","14":"taxable","15":"shipping-taxable","16":"purchasable","17":"product-type-simple"},"_links":{"self":[{"href":"https:\/\/pizbube.ch\/en\/wp-json\/wp\/v2\/product\/152021","targetHints":{"allow":["GET"]}}],"collection":[{"href":"https:\/\/pizbube.ch\/en\/wp-json\/wp\/v2\/product"}],"about":[{"href":"https:\/\/pizbube.ch\/en\/wp-json\/wp\/v2\/types\/product"}],"wp:featuredmedia":[{"embeddable":true,"href":"https:\/\/pizbube.ch\/en\/wp-json\/wp\/v2\/media\/159201"}],"wp:attachment":[{"href":"https:\/\/pizbube.ch\/en\/wp-json\/wp\/v2\/media?parent=152021"}],"wp:term":[{"taxonomy":"product_brand","embeddable":true,"href":"https:\/\/pizbube.ch\/en\/wp-json\/wp\/v2\/product_brand?post=152021"},{"taxonomy":"product_cat","embeddable":true,"href":"https:\/\/pizbube.ch\/en\/wp-json\/wp\/v2\/product_cat?post=152021"},{"taxonomy":"product_tag","embeddable":true,"href":"https:\/\/pizbube.ch\/en\/wp-json\/wp\/v2\/product_tag?post=152021"}],"curies":[{"name":"wp","href":"https:\/\/api.w.org\/{rel}","templated":true}]}}