{"id":152028,"date":"2021-01-15T12:02:52","date_gmt":"2021-01-15T12:02:52","guid":{"rendered":"https:\/\/codengine3.ch\/?product=import-placeholder-for-203566"},"modified":"2021-01-15T14:24:31","modified_gmt":"2021-01-15T14:24:31","slug":"steig-oder-stirb-gestaendnisse-eines-bergsuechtigen","status":"publish","type":"product","link":"https:\/\/pizbube.ch\/en\/shop\/steig-oder-stirb-gestaendnisse-eines-bergsuechtigen\/","title":{"rendered":"Steig oder stirb Gest\u00e4ndnisse eines Bergs\u00fcchtigen"},"content":{"rendered":"<p>Das radikale, provokante Bekenntnis eines der besten amerikanischen Extrem-<br \/>\nAlpinisten, ein rauhes Buch \u00fcber die lebensgef\u00e4hrliche Sucht nach dem Berg.<br \/>\nAls einer der radikalsten Alpinisten ist er x-mal durch die H\u00f6lle gegangen.<br \/>\nKlettern bedeutet f\u00fcr ihn Anarchie und Hingabe. Twights preisgekr\u00f6ntes Buch<br \/>\ngeh\u00f6rt zum Ehrlichsten, was Bergliteratur heute zu bieten hat. Ich trainierte.<br \/>\nIch bestrafte mich. Wenn ich mich leiden lie\u00df, w\u00fcrde mich das auf die<br \/>\nschwierigsten Touren in gro\u00dfer H\u00f6he vorbereiten, dachte ich. Ich schlief auf<br \/>\ndem Boden. Ich schleppte Eis mit blo\u00dfen H\u00e4nden. Ich h\u00e4mmerte mit ihnen auf<br \/>\nBetonw\u00e4nde ein. Ich rannte Treppen hinauf und hinunter, bis ich mich \u00fcbergab.<\/p>\n<p>Und ich zerst\u00f6rte Beziehungen, um mich an das Gef\u00fchl des Scheiterns zu<br \/>\ngew\u00f6hnen? Niemand beschreibt die Sucht nach dem Berg w\u00fctender, und seine<br \/>\nSprache ist mindestens ebenso kompromi\u00dflos wie seine Leidenschaft. Jetzt<br \/>\nerscheinen erstmals auf deutsch Mark Twights aufregendsten Reportagen, die<br \/>\nseine \u00fcber 15j\u00e4hrige Karriere dokumentieren. (Taschenbuchausgabe, erweiterte<br \/>\nAusg. 2011)  <\/p>","protected":false},"excerpt":{"rendered":"<p>Das radikale, provokante Bekenntnis eines der besten amerikanischen Extrem- Alpinisten, ein rauhes Buch \u00fcber die lebensgef\u00e4hrliche Sucht nach dem Berg. Als einer der radikalsten Alpinisten ist er x-mal durch die H\u00f6lle gegangen. Klettern bedeutet f\u00fcr ihn Anarchie und Hingabe. Twights preisgekr\u00f6ntes Buch geh\u00f6rt zum Ehrlichsten, was Bergliteratur heute zu bieten hat. Ich trainierte. Ich bestrafte [&#8230;]\n","protected":false},"featured_media":31209,"template":"","meta":[],"product_brand":[],"product_cat":[21542],"product_tag":[],"class_list":{"0":"post-152028","1":"product","2":"type-product","3":"status-publish","4":"has-post-thumbnail","6":"product_cat-sachbuecher-dokumentationen","7":"pa_autor-twight","8":"pa_erscheinungsjahr-21610","9":"pa_region-deutschland","10":"pa_sprache-de","12":"first","13":"outofstock","14":"taxable","15":"shipping-taxable","16":"purchasable","17":"product-type-simple"},"_links":{"self":[{"href":"https:\/\/pizbube.ch\/en\/wp-json\/wp\/v2\/product\/152028","targetHints":{"allow":["GET"]}}],"collection":[{"href":"https:\/\/pizbube.ch\/en\/wp-json\/wp\/v2\/product"}],"about":[{"href":"https:\/\/pizbube.ch\/en\/wp-json\/wp\/v2\/types\/product"}],"wp:featuredmedia":[{"embeddable":true,"href":"https:\/\/pizbube.ch\/en\/wp-json\/wp\/v2\/media\/31209"}],"wp:attachment":[{"href":"https:\/\/pizbube.ch\/en\/wp-json\/wp\/v2\/media?parent=152028"}],"wp:term":[{"taxonomy":"product_brand","embeddable":true,"href":"https:\/\/pizbube.ch\/en\/wp-json\/wp\/v2\/product_brand?post=152028"},{"taxonomy":"product_cat","embeddable":true,"href":"https:\/\/pizbube.ch\/en\/wp-json\/wp\/v2\/product_cat?post=152028"},{"taxonomy":"product_tag","embeddable":true,"href":"https:\/\/pizbube.ch\/en\/wp-json\/wp\/v2\/product_tag?post=152028"}],"curies":[{"name":"wp","href":"https:\/\/api.w.org\/{rel}","templated":true}]}}