{"id":152030,"date":"2021-01-15T12:02:52","date_gmt":"2021-01-15T12:02:52","guid":{"rendered":"https:\/\/codengine3.ch\/?product=import-placeholder-for-202474"},"modified":"2021-01-15T12:36:34","modified_gmt":"2021-01-15T12:36:34","slug":"alpine-kulturen-cultures-alpines","status":"publish","type":"product","link":"https:\/\/pizbube.ch\/en\/shop\/alpine-kulturen-cultures-alpines\/","title":{"rendered":"Alpine Kulturen Cultures alpines"},"content":{"rendered":"<p>Reihe: Geschichte der Alpen &#8211; Histoire des Alpes &#8211; Storia delle Alpi. Band 11.<br \/>\nDie vorgelegten Beitr\u00e4ge n\u00e4hern sich dem Thema der popul\u00e4ren Kulturen durch<br \/>\nderen Ausdrucksformen: Musik, Tanz, Bilder, Gegenst\u00e4nde der materiellen<br \/>\nKultur, Erz\u00e4hlungen und m\u00fcndliche \u00dcberlieferung. So lassen sich die<br \/>\nBedeutungen und Entwicklungen der alpinen Kulturen rekonstruieren und auch die<br \/>\nRolle, die sie \u00fcber die Jahrhunderte hinweg in der Beziehung zur Aussenwelt<br \/>\nspielten.<br \/>\nDie verschiedenen Lekt\u00fcren und methodischen Ans\u00e4tze der Beitr\u00e4ge erlauben es,<br \/>\nein komplexes Bild der Geschichte der alpinen Popul\u00e4rkulturen zu entwerfen.<br \/>\nSie waren gepr\u00e4gt von Vielfalt und Kreativit\u00e4t und hatten die F\u00e4higkeit zur<br \/>\nlokalen Assimilation und Modulation von externen Modellen. Die kulturellen<br \/>\nAusdrucksformen widerspiegelt aber auch die Vorstellungen, die das Umland auf<br \/>\ndie Alpen projizierte und die zur Folklorisierung von urspr\u00fcnglichen Formen<br \/>\nf\u00fchren konnten.<br \/>\nIm Grunde geht es um die Beziehung der alpinen Welt zur Andersartigkeit und zu<br \/>\nden Blicken von aussen.  <\/p>","protected":false},"excerpt":{"rendered":"<p>Reihe: Geschichte der Alpen &#8211; Histoire des Alpes &#8211; Storia delle Alpi. Band 11. Die vorgelegten Beitr\u00e4ge n\u00e4hern sich dem Thema der popul\u00e4ren Kulturen durch deren Ausdrucksformen: Musik, Tanz, Bilder, Gegenst\u00e4nde der materiellen Kultur, Erz\u00e4hlungen und m\u00fcndliche \u00dcberlieferung. So lassen sich die Bedeutungen und Entwicklungen der alpinen Kulturen rekonstruieren und auch die Rolle, die sie [&#8230;]\n","protected":false},"featured_media":29864,"template":"","meta":[],"product_brand":[],"product_cat":[21580],"product_tag":[],"class_list":{"0":"post-152030","1":"product","2":"type-product","3":"status-publish","4":"has-post-thumbnail","6":"product_cat-kunst-kultur","7":"pa_autor-furter-et-alt","8":"pa_erscheinungsjahr-21763","9":"pa_region-schweiz","10":"pa_sprache-d","11":"pa_sprache-f","12":"pa_sprache-i","14":"first","15":"instock","16":"taxable","17":"shipping-taxable","18":"purchasable","19":"product-type-simple"},"_links":{"self":[{"href":"https:\/\/pizbube.ch\/en\/wp-json\/wp\/v2\/product\/152030","targetHints":{"allow":["GET"]}}],"collection":[{"href":"https:\/\/pizbube.ch\/en\/wp-json\/wp\/v2\/product"}],"about":[{"href":"https:\/\/pizbube.ch\/en\/wp-json\/wp\/v2\/types\/product"}],"wp:featuredmedia":[{"embeddable":true,"href":"https:\/\/pizbube.ch\/en\/wp-json\/wp\/v2\/media\/29864"}],"wp:attachment":[{"href":"https:\/\/pizbube.ch\/en\/wp-json\/wp\/v2\/media?parent=152030"}],"wp:term":[{"taxonomy":"product_brand","embeddable":true,"href":"https:\/\/pizbube.ch\/en\/wp-json\/wp\/v2\/product_brand?post=152030"},{"taxonomy":"product_cat","embeddable":true,"href":"https:\/\/pizbube.ch\/en\/wp-json\/wp\/v2\/product_cat?post=152030"},{"taxonomy":"product_tag","embeddable":true,"href":"https:\/\/pizbube.ch\/en\/wp-json\/wp\/v2\/product_tag?post=152030"}],"curies":[{"name":"wp","href":"https:\/\/api.w.org\/{rel}","templated":true}]}}