{"id":152034,"date":"2021-01-15T12:02:52","date_gmt":"2021-01-15T12:02:52","guid":{"rendered":"https:\/\/codengine3.ch\/?product=import-placeholder-for-201589"},"modified":"2021-01-15T12:02:56","modified_gmt":"2021-01-15T12:02:56","slug":"kletterziele-bayrische-alpen-nordtirol","status":"publish","type":"product","link":"https:\/\/pizbube.ch\/en\/shop\/kletterziele-bayrische-alpen-nordtirol\/","title":{"rendered":"Kletterziele Bayrische Alpen Nordtirol"},"content":{"rendered":"<p>Der erste multimediale Topo-Auswahlf\u00fchrer zu den Bayerischen Alpen und<br \/>\nNordtirol pr\u00e4sentiert 135 empfehlenswerte alpine Kletterrouten im<br \/>\nSchwierigkeitsbereich III bis VII &#8211; alle mit sorgf\u00e4ltig ausgearbeiteten Topos,<br \/>\nWandfotos mit eingetragenem Routenverlauf, pr\u00e4zisen Routenbeschreibungen nach<br \/>\nUIAA-Richtlinien, \u00dcbersichtskarten und Kartenausschnitten im Ma\u00dfstab 1: 50 000<br \/>\nsowie jeder Menge vertonter Bildserien und \u00fcber 600 Fotos.<br \/>\nDie Tourenvorschl\u00e4ge beinhalten alle wichtigen Angaben wie L\u00e4nge des Zu- und<br \/>\nAbstiegs, Dauer der Tour, Absicherungsm\u00f6glichkeiten u.v.m.<br \/>\nRichard Goedeke hat f\u00fcr diese TourenDisk-CD Kletterrouten in den<br \/>\nGebirgsgruppen Bayerische Voralpen, Wetterstein, Mieminger Kette, Karwendel,<br \/>\nRofan, Wilder Kaiser, Loferer Steinberge, Berchtesgadener Alpen und Hochk\u00f6nig<br \/>\nausgesucht. Bei der Routenauswahl wurde besonders darauf geachtet, ein<br \/>\nm\u00f6glichst weites Spektrum an Klettereien abzudecken. So finden sich lohnende<br \/>\nEinsteigerrouten im III. und IV. Schwierigkeitsgrad ebenso wie extreme Routen<br \/>\nan den gro\u00dfen W\u00e4nden, moderne Touren mit Sportklettercharakter genauso wie<br \/>\nber\u00fchmte Klassiker oder so mancher Geheimtipp des Autors.<br \/>\nSystemanforderungen: Windows 95 \/ Windows 98 \/ Windows 2000 \/ Windows NT,<br \/>\nGrafikkarte mit High Color und einer minimalen Aufl\u00f6sung von 800 x 600 Pixel,<br \/>\n16 MB RAM, CD-Laufwerk, Soundkarte (optional)<\/p>","protected":false},"excerpt":{"rendered":"<p>Der erste multimediale Topo-Auswahlf\u00fchrer zu den Bayerischen Alpen und Nordtirol pr\u00e4sentiert 135 empfehlenswerte alpine Kletterrouten im Schwierigkeitsbereich III bis VII &#8211; alle mit sorgf\u00e4ltig ausgearbeiteten Topos, Wandfotos mit eingetragenem Routenverlauf, pr\u00e4zisen Routenbeschreibungen nach UIAA-Richtlinien, \u00dcbersichtskarten und Kartenausschnitten im Ma\u00dfstab 1: 50 000 sowie jeder Menge vertonter Bildserien und \u00fcber 600 Fotos. Die Tourenvorschl\u00e4ge beinhalten alle [&#8230;]\n","protected":false},"featured_media":45070,"template":"","meta":[],"product_brand":[],"product_cat":[21628],"product_tag":[],"class_list":{"0":"post-152034","1":"product","2":"type-product","3":"status-publish","4":"has-post-thumbnail","6":"product_cat-video-dvd-multimedia","7":"pa_autor-goedeke","8":"pa_erscheinungsjahr-22242","9":"pa_region-deutschland","10":"pa_sprache-de","12":"first","13":"instock","14":"taxable","15":"shipping-taxable","16":"purchasable","17":"product-type-simple"},"_links":{"self":[{"href":"https:\/\/pizbube.ch\/en\/wp-json\/wp\/v2\/product\/152034","targetHints":{"allow":["GET"]}}],"collection":[{"href":"https:\/\/pizbube.ch\/en\/wp-json\/wp\/v2\/product"}],"about":[{"href":"https:\/\/pizbube.ch\/en\/wp-json\/wp\/v2\/types\/product"}],"wp:featuredmedia":[{"embeddable":true,"href":"https:\/\/pizbube.ch\/en\/wp-json\/wp\/v2\/media\/45070"}],"wp:attachment":[{"href":"https:\/\/pizbube.ch\/en\/wp-json\/wp\/v2\/media?parent=152034"}],"wp:term":[{"taxonomy":"product_brand","embeddable":true,"href":"https:\/\/pizbube.ch\/en\/wp-json\/wp\/v2\/product_brand?post=152034"},{"taxonomy":"product_cat","embeddable":true,"href":"https:\/\/pizbube.ch\/en\/wp-json\/wp\/v2\/product_cat?post=152034"},{"taxonomy":"product_tag","embeddable":true,"href":"https:\/\/pizbube.ch\/en\/wp-json\/wp\/v2\/product_tag?post=152034"}],"curies":[{"name":"wp","href":"https:\/\/api.w.org\/{rel}","templated":true}]}}