{"id":152035,"date":"2021-01-15T12:02:52","date_gmt":"2021-01-15T12:02:52","guid":{"rendered":"https:\/\/codengine3.ch\/?product=import-placeholder-for-207656"},"modified":"2025-01-04T14:53:09","modified_gmt":"2025-01-04T13:53:09","slug":"kletterfuehrer-bayerische-alpen-band-3","status":"publish","type":"product","link":"https:\/\/pizbube.ch\/en\/shop\/kletterfuehrer-bayerische-alpen-band-3\/","title":{"rendered":"Kletterf\u00fchrer Bayerische Alpen Band 3"},"content":{"rendered":"<p>Kletterf\u00fchrer Bayerische Alpen Band 3 \u2013 von Bayrischzell bis Benediktbeuern<\/p>\n<p class=\"Textbody\">Im dritten Band der Kletterf\u00fchrer-Reihe der Bayerischen Voralpen pr\u00e4sentiert der Autor Markus Stadler die besten Kletterziele der M\u00fcnchner Hausberge zwischen Loisach und Leitzach. Neben talnahen Kletterg\u00e4rten wie bei Bad Heilbrunn. Lenggries oder in der Jachenau, finden sich auch viele h\u00f6her gelegene Sportkletterziele am Brauneck, am Spitzingsee oder am Schreistein. Schwerpunkt des Buches bilden aber ganz klar die traditionsreichen Voralpenfelsen von der Benediktenwand \u00fcber Ro\u00df- und Buchstein, Leonhardstein, Plankenstein und Taubenstein bis zu den Ruchenk\u00f6pfen. Viele \u2013 meist sanierte \u2013 Klassiker locken hier genauso, wie unz\u00e4hlige, gut abgesicherte Sportkletterrouten in allen Schwierigkeitsgraden.<\/p>\n<p class=\"Textbody\">Nachdem die erste Auflage von 2014 bereits seit l\u00e4ngerem vergriffen war, hat der Autor mit tatkr\u00e4ftiger Unterst\u00fctzung der besten Gebietskenner alle Gebiete wieder auf den aktuellen Stand gebracht. Obwohl keine v\u00f6llig neuen Felsen beschrieben werden, sind \u00fcber 100 neue Routen hinzugekommen und der Umfang des Kletterf\u00fchrers ist um fast 70 Seiten gewachsen. Somit bietet dieses Buch die optimale Basis f\u00fcr unvergessliche Klettererlebnisse in den Bayerischen Bergen.<\/p>\n<p class=\"Textbody\">Dem F\u00fchrer liegt ein Downloadcode f\u00fcr eine kostenlose Anwendung f\u00fcr iOS und Android bei.<br \/>\nIhr bekommt damit alle Bayerische-Alpen-Topos als App f\u00fcr euer Smartphone gratis dazu.<\/p>\n<p>2. Auflage 2021, 372 Seiten, 148 x 185 mm, Softcover, komplett 4 Farbig<\/p>","protected":false},"excerpt":{"rendered":"<p><a href=\"https:\/\/pizbube.ch\/wp-content\/uploads\/2021\/01\/PDF_Bayerische_Alpen_Band_3_Leseprobe.pdf\">PDF_Bayerische_Alpen_Band_3_Leseprobe<\/a><\/p>","protected":false},"featured_media":156485,"template":"","meta":[],"product_brand":[],"product_cat":[21539],"product_tag":[],"class_list":{"0":"post-152035","1":"product","2":"type-product","3":"status-publish","4":"has-post-thumbnail","6":"product_cat-fuehrerliteratur-sportklettern-bouldern","7":"pa_autor-stadler","8":"pa_erscheinungsjahr-25440","9":"pa_region-deutschland","10":"pa_sprache-de","12":"first","13":"outofstock","14":"taxable","15":"shipping-taxable","16":"purchasable","17":"product-type-simple"},"_links":{"self":[{"href":"https:\/\/pizbube.ch\/en\/wp-json\/wp\/v2\/product\/152035","targetHints":{"allow":["GET"]}}],"collection":[{"href":"https:\/\/pizbube.ch\/en\/wp-json\/wp\/v2\/product"}],"about":[{"href":"https:\/\/pizbube.ch\/en\/wp-json\/wp\/v2\/types\/product"}],"wp:featuredmedia":[{"embeddable":true,"href":"https:\/\/pizbube.ch\/en\/wp-json\/wp\/v2\/media\/156485"}],"wp:attachment":[{"href":"https:\/\/pizbube.ch\/en\/wp-json\/wp\/v2\/media?parent=152035"}],"wp:term":[{"taxonomy":"product_brand","embeddable":true,"href":"https:\/\/pizbube.ch\/en\/wp-json\/wp\/v2\/product_brand?post=152035"},{"taxonomy":"product_cat","embeddable":true,"href":"https:\/\/pizbube.ch\/en\/wp-json\/wp\/v2\/product_cat?post=152035"},{"taxonomy":"product_tag","embeddable":true,"href":"https:\/\/pizbube.ch\/en\/wp-json\/wp\/v2\/product_tag?post=152035"}],"curies":[{"name":"wp","href":"https:\/\/api.w.org\/{rel}","templated":true}]}}