{"id":152037,"date":"2021-01-15T12:02:53","date_gmt":"2021-01-15T12:02:53","guid":{"rendered":"https:\/\/codengine3.ch\/?product=import-placeholder-for-205096"},"modified":"2021-01-15T14:38:40","modified_gmt":"2021-01-15T14:38:40","slug":"ins-licht","status":"publish","type":"product","link":"https:\/\/pizbube.ch\/en\/shop\/ins-licht\/","title":{"rendered":"Ins Licht"},"content":{"rendered":"<p>Aus den Kohlegruben Englands auf die Gipfel der Welt.  <\/p>\n<p>Wie schon sein Gro\u00dfvater und sein Va\u00adter arbeitet Andy Cave seit seinem 16.<br \/>\nLebensjahr in mehr als 1000 Meter Tiefe. An den Wochenenden schafft er sich<br \/>\nden n\u00f6tigen Ausgleich durch erste Klet\u00adtertouren. Immer mehr entfernt er sich<br \/>\nvon den anderen, die in ihm wegen seiner Passion einen Spinner sehen. Doch<br \/>\nCave vollbringt das Au\u00dfer\u00ador\u00addentliche: den Aufstieg an die Spitze der<br \/>\ninternationalen Berg\u00adsteigerszene. Nach den Alpen, wo er mehrere neue Rou\u00adten<br \/>\nlegt, zieht es ihn in den Himalaja; dort bezwingt er elf der schwierigsten<br \/>\nGipfel. 1997 gelingt ihm in einer Vierergruppe die erste Besteigung des<br \/>\nChangabang \u00fcber die gef\u00fcrchtete Nordwand. Dann aber rei\u00dft beim Ab\u00adstieg eine<br \/>\nLawine seinen Freund Brendan in den Tod.  <\/p>","protected":false},"excerpt":{"rendered":"<p>Aus den Kohlegruben Englands auf die Gipfel der Welt. Wie schon sein Gro\u00dfvater und sein Va\u00adter arbeitet Andy Cave seit seinem 16. Lebensjahr in mehr als 1000 Meter Tiefe. An den Wochenenden schafft er sich den n\u00f6tigen Ausgleich durch erste Klet\u00adtertouren. Immer mehr entfernt er sich von den anderen, die in ihm wegen seiner Passion [&#8230;]\n","protected":false},"featured_media":33702,"template":"","meta":[],"product_brand":[],"product_cat":[21542],"product_tag":[],"class_list":{"0":"post-152037","1":"product","2":"type-product","3":"status-publish","4":"has-post-thumbnail","6":"product_cat-sachbuecher-dokumentationen","7":"pa_autor-cave","8":"pa_erscheinungsjahr-21842","9":"pa_region-grossbritannien-scottland","10":"pa_sprache-de","12":"first","13":"outofstock","14":"taxable","15":"shipping-taxable","16":"purchasable","17":"product-type-simple"},"_links":{"self":[{"href":"https:\/\/pizbube.ch\/en\/wp-json\/wp\/v2\/product\/152037","targetHints":{"allow":["GET"]}}],"collection":[{"href":"https:\/\/pizbube.ch\/en\/wp-json\/wp\/v2\/product"}],"about":[{"href":"https:\/\/pizbube.ch\/en\/wp-json\/wp\/v2\/types\/product"}],"wp:featuredmedia":[{"embeddable":true,"href":"https:\/\/pizbube.ch\/en\/wp-json\/wp\/v2\/media\/33702"}],"wp:attachment":[{"href":"https:\/\/pizbube.ch\/en\/wp-json\/wp\/v2\/media?parent=152037"}],"wp:term":[{"taxonomy":"product_brand","embeddable":true,"href":"https:\/\/pizbube.ch\/en\/wp-json\/wp\/v2\/product_brand?post=152037"},{"taxonomy":"product_cat","embeddable":true,"href":"https:\/\/pizbube.ch\/en\/wp-json\/wp\/v2\/product_cat?post=152037"},{"taxonomy":"product_tag","embeddable":true,"href":"https:\/\/pizbube.ch\/en\/wp-json\/wp\/v2\/product_tag?post=152037"}],"curies":[{"name":"wp","href":"https:\/\/api.w.org\/{rel}","templated":true}]}}