{"id":152043,"date":"2021-01-15T12:02:58","date_gmt":"2021-01-15T12:02:58","guid":{"rendered":"https:\/\/codengine3.ch\/?product=import-placeholder-for-205647"},"modified":"2025-01-25T15:22:18","modified_gmt":"2025-01-25T14:22:18","slug":"sierra-de-guadarrama-wanderungen-in-den-hausbergen-von-madrid","status":"publish","type":"product","link":"https:\/\/pizbube.ch\/en\/shop\/sierra-de-guadarrama-wanderungen-in-den-hausbergen-von-madrid\/","title":{"rendered":"Sierra de Guadarrama &#8211; Wanderungen in den Hausbergen von Madrid"},"content":{"rendered":"<p>La Pedriza &#8211; Pe\u00f1alara &#8211; Cuerda Larga &#8211; La Mujer Muerta<\/p>\n<p>Die Gipfel der Sierra de Guadarrama, auch bekannt als die &#8218;Sierra de Madrid&#8216;,<br \/>\nerheben sich ca. 50 km nordwestlich der Metropole Madrid und erstrecken sich<br \/>\nvon San Lorenzo de El Escorial im S\u00fcden \u00fcber eine Entfernung von 100 km bis<br \/>\nhin zum Puerto de Somosierra, dem n\u00f6rdlichsten Teil des Gebirgszuges.<br \/>\nVergleichbar mit den M\u00fcnchner Hausbergen bietet diese klassische<br \/>\nBergsteigergegend im Herzen Spaniens ein ideales und nahe gelegenes<br \/>\nAusflugsziel nicht nur f\u00fcr Erholung suchende St\u00e4dter.<\/p>\n<p>Die Sierra de Guadarrama hat ihren urspr\u00fcnglichen Charakter noch nicht<br \/>\nverloren. Einsame Berggipfel, idyllische kleine Ortschaften, malerische Seen,<br \/>\nbizarre Felsformationen in der La Pedriza und sch\u00f6ne Flusst\u00e4ler wie das Valle<br \/>\ndel Lozoya und das Tal des Rio Manzanares locken den Wanderer in diese<br \/>\neindrucksvolle Landschaft.<\/p>\n<p>Auf 50 ausgew\u00e4hlten Berg- und Wandertouren mit unterschiedlichen<br \/>\nSchwierigkeitsstufen erschlie\u00dft dieser Rother Wanderf\u00fchrer die einzelnen<br \/>\nGebirgszonen der westlichen, \u00f6stlichen und n\u00f6rdlichen Guadarrama, das Gebiet<br \/>\ndes Pe\u00f1alara, sowie das beeindruckende Granitsteinmassiv der La Pedriza del<br \/>\nManzanares, eines der bekanntesten Klettergebiete Spaniens. Neben klassischen<br \/>\nGenusswanderungen am etwa 80 Kilometer langen Hauptkamm der Sierra werden auch<br \/>\nanspruchsvolle Gipfeltouren und bequeme Wanderungen auf markierten Wegen und<br \/>\neinsamen Pfaden in den Seitenk\u00e4mmen und kleineren Gebirgsz\u00fcgen beschrieben.<\/p>\n<p>Der Autor J\u00fcrgen Bogner lebt in Madrid und kennt seine Hausberge wie kaum ein<br \/>\nanderer &#8211; freuen Sie sich also auf \u00e4u\u00dferst abwechslungsreiche und spannende<br \/>\nTouren! Ausf\u00fchrliche Wegbeschreibungen, detaillierte Kartenausschnitte mit<br \/>\neingezeichnetem Routenverlauf sowie aussagekr\u00e4ftige H\u00f6henprofile mit Etappen-<br \/>\npunkten, Einkehrm\u00f6glichkeiten und Unterk\u00fcnften, machen alle Vorschl\u00e4ge leicht<br \/>\nund sicher nachvoll-ziehbar. Zahlreiche Farbfotos und Tipps zu<br \/>\nSehensw\u00fcrdigkeiten laden zur Entdeckung dieser Region ein.<\/p>","protected":false},"excerpt":{"rendered":"<p>La Pedriza &#8211; Pe\u00f1alara &#8211; Cuerda Larga &#8211; La Mujer Muerta Die Gipfel der Sierra de Guadarrama, auch bekannt als die &#8218;Sierra de Madrid&#8216;, erheben sich ca. 50 km nordwestlich der Metropole Madrid und erstrecken sich von San Lorenzo de El Escorial im S\u00fcden \u00fcber eine Entfernung von 100 km bis hin zum Puerto de [&#8230;]\n","protected":false},"featured_media":34434,"template":"","meta":[],"product_brand":[],"product_cat":[21605],"product_tag":[],"class_list":{"0":"post-152043","1":"product","2":"type-product","3":"status-publish","4":"has-post-thumbnail","6":"product_cat-wanderfuehrer-trekking","7":"pa_autor-bogner","8":"pa_erscheinungsjahr-21693","9":"pa_region-spanien","10":"pa_sprache-de","12":"first","13":"outofstock","14":"taxable","15":"shipping-taxable","16":"purchasable","17":"product-type-simple"},"_links":{"self":[{"href":"https:\/\/pizbube.ch\/en\/wp-json\/wp\/v2\/product\/152043","targetHints":{"allow":["GET"]}}],"collection":[{"href":"https:\/\/pizbube.ch\/en\/wp-json\/wp\/v2\/product"}],"about":[{"href":"https:\/\/pizbube.ch\/en\/wp-json\/wp\/v2\/types\/product"}],"wp:featuredmedia":[{"embeddable":true,"href":"https:\/\/pizbube.ch\/en\/wp-json\/wp\/v2\/media\/34434"}],"wp:attachment":[{"href":"https:\/\/pizbube.ch\/en\/wp-json\/wp\/v2\/media?parent=152043"}],"wp:term":[{"taxonomy":"product_brand","embeddable":true,"href":"https:\/\/pizbube.ch\/en\/wp-json\/wp\/v2\/product_brand?post=152043"},{"taxonomy":"product_cat","embeddable":true,"href":"https:\/\/pizbube.ch\/en\/wp-json\/wp\/v2\/product_cat?post=152043"},{"taxonomy":"product_tag","embeddable":true,"href":"https:\/\/pizbube.ch\/en\/wp-json\/wp\/v2\/product_tag?post=152043"}],"curies":[{"name":"wp","href":"https:\/\/api.w.org\/{rel}","templated":true}]}}