{"id":152044,"date":"2021-01-15T12:02:58","date_gmt":"2021-01-15T12:02:58","guid":{"rendered":"https:\/\/codengine3.ch\/?product=import-placeholder-for-205959"},"modified":"2021-01-15T14:45:14","modified_gmt":"2021-01-15T14:45:14","slug":"freeride-madrid-descensos-en-guadarrama","status":"publish","type":"product","link":"https:\/\/pizbube.ch\/en\/shop\/freeride-madrid-descensos-en-guadarrama\/","title":{"rendered":"Freeride Madrid. Descensos en Guadarrama"},"content":{"rendered":"<p>Freeride Madrid es adem\u00e1s una interesante lectura donde se habla de la<br \/>\nhistoria del esqu\u00ed en Guadarrama, desde los or\u00edgenes hace m\u00e1s de un siglo<br \/>\nhasta los tiempos actuales. Tambi\u00e9n es una obra muy completa que habla del<br \/>\nrelieve, geolog\u00eda, nivolog\u00eda, meteorolog\u00eda y curiosidades de las zonas por<br \/>\ndonde discurren los descensos y sus aproximaciones.<\/p>\n<p>Sin olvidar una detallado estudio de los principales peligros y consejos para<br \/>\nevitarlos a la hora de practicar esqu\u00ed de dificultad en estas modestas<br \/>\nmonta\u00f1as, muy cercanas para los madrile\u00f1os y muchas veces infravaloradas, pero<br \/>\nque tienen una cara exigente tal como descubriremos a trav\u00e9s de sus p\u00e1ginas.  <\/p>\n<p>Espectaculares y sorprendentes fotograf\u00edas a\u00f1aden una nota de sensibilidad a<br \/>\nesta gu\u00eda pr\u00e1ctica, mostr\u00e1ndonos una impresionante Sierra de Guadarrama.<\/p>","protected":false},"excerpt":{"rendered":"<p>Freeride Madrid es adem\u00e1s una interesante lectura donde se habla de la historia del esqu\u00ed en Guadarrama, desde los or\u00edgenes hace m\u00e1s de un siglo hasta los tiempos actuales. Tambi\u00e9n es una obra muy completa que habla del relieve, geolog\u00eda, nivolog\u00eda, meteorolog\u00eda y curiosidades de las zonas por donde discurren los descensos y sus aproximaciones. [&#8230;]\n","protected":false},"featured_media":34823,"template":"","meta":[],"product_brand":[],"product_cat":[21540],"product_tag":[],"class_list":{"0":"post-152044","1":"product","2":"type-product","3":"status-publish","4":"has-post-thumbnail","6":"product_cat-fuehrerliteratur-alpin-winter","7":"pa_autor-ribas-pantoja","8":"pa_erscheinungsjahr-21693","9":"pa_region-spanien","10":"pa_sprache-sp","12":"first","13":"instock","14":"taxable","15":"shipping-taxable","16":"purchasable","17":"product-type-simple"},"_links":{"self":[{"href":"https:\/\/pizbube.ch\/en\/wp-json\/wp\/v2\/product\/152044","targetHints":{"allow":["GET"]}}],"collection":[{"href":"https:\/\/pizbube.ch\/en\/wp-json\/wp\/v2\/product"}],"about":[{"href":"https:\/\/pizbube.ch\/en\/wp-json\/wp\/v2\/types\/product"}],"wp:featuredmedia":[{"embeddable":true,"href":"https:\/\/pizbube.ch\/en\/wp-json\/wp\/v2\/media\/34823"}],"wp:attachment":[{"href":"https:\/\/pizbube.ch\/en\/wp-json\/wp\/v2\/media?parent=152044"}],"wp:term":[{"taxonomy":"product_brand","embeddable":true,"href":"https:\/\/pizbube.ch\/en\/wp-json\/wp\/v2\/product_brand?post=152044"},{"taxonomy":"product_cat","embeddable":true,"href":"https:\/\/pizbube.ch\/en\/wp-json\/wp\/v2\/product_cat?post=152044"},{"taxonomy":"product_tag","embeddable":true,"href":"https:\/\/pizbube.ch\/en\/wp-json\/wp\/v2\/product_tag?post=152044"}],"curies":[{"name":"wp","href":"https:\/\/api.w.org\/{rel}","templated":true}]}}