{"id":152046,"date":"2021-01-15T12:02:58","date_gmt":"2021-01-15T12:02:58","guid":{"rendered":"https:\/\/codengine3.ch\/?product=import-placeholder-for-203678"},"modified":"2022-07-23T14:42:31","modified_gmt":"2022-07-23T12:42:31","slug":"unten-und-oben-tb","status":"publish","type":"product","link":"https:\/\/pizbube.ch\/en\/shop\/unten-und-oben-tb\/","title":{"rendered":"Unten und oben TB"},"content":{"rendered":"<p>Nicht die grossen Abenteuer in Felsw\u00e4nden und auf Gipfeln, vielmehr kleine<br \/>\nnicht allt\u00e4gliche Ereignisse, bizarre Zuf\u00e4lle, Pannen und unvergleichliche<br \/>\nBegegnungen rund ums Bergsteigen stehen im Mittelpunkt dieses Buches.<\/p>\n<p>Der weltber\u00fchmte S\u00fcdtiroler Bergsteiger Hans Kammerlander zeigt den Lesern<br \/>\neine sehr menschliche Seite seines extremen Sports. Berggeschichten. 12 s\/w.<br \/>\nAbb.; Taschenbuchausgabe<\/p>\n<p>Hans Kammerlander, 1956 in Ahornach, S\u00fcdtirol, geboren, Extrembergsteiger,<br \/>\nBergf\u00fchrer und Skilehrer, unternahm rund f\u00fcnfzig Erst- und sechzig<br \/>\nAlleinbegehungen in den Dolomiten und Alpen und bezwang die h\u00f6chsten Berge der<br \/>\nWelt, darunter zw\u00f6lf Achttausender. Er ist Autor mehrerer erfolgreicher B\u00fccher<br \/>\n(\u00bbBergs\u00fcchtig\u00ab u.a.) und berichtet in Vortr\u00e4gen von seinen Expeditionen. Hans<br \/>\nKammerlander lebt in Ahornach, S\u00fcdtirol.<\/p>","protected":false},"excerpt":{"rendered":"<p>Nicht die grossen Abenteuer in Felsw\u00e4nden und auf Gipfeln, vielmehr kleine nicht allt\u00e4gliche Ereignisse, bizarre Zuf\u00e4lle, Pannen und unvergleichliche Begegnungen rund ums Bergsteigen stehen im Mittelpunkt dieses Buches. Der weltber\u00fchmte S\u00fcdtiroler Bergsteiger Hans Kammerlander zeigt den Lesern eine sehr menschliche Seite seines extremen Sports. Berggeschichten. 12 s\/w. Abb.; Taschenbuchausgabe Hans Kammerlander, 1956 in Ahornach, S\u00fcdtirol, [&#8230;]\n","protected":false},"featured_media":31335,"template":"","meta":[],"product_brand":[],"product_cat":[21629],"product_tag":[],"class_list":{"0":"post-152046","1":"product","2":"type-product","3":"status-publish","4":"has-post-thumbnail","6":"product_cat-belletristik","7":"pa_autor-kammerlander","8":"pa_erscheinungsjahr-21571","9":"pa_region-deutschland","10":"pa_sprache-de","12":"first","13":"instock","14":"taxable","15":"shipping-taxable","16":"purchasable","17":"product-type-simple"},"_links":{"self":[{"href":"https:\/\/pizbube.ch\/en\/wp-json\/wp\/v2\/product\/152046","targetHints":{"allow":["GET"]}}],"collection":[{"href":"https:\/\/pizbube.ch\/en\/wp-json\/wp\/v2\/product"}],"about":[{"href":"https:\/\/pizbube.ch\/en\/wp-json\/wp\/v2\/types\/product"}],"wp:featuredmedia":[{"embeddable":true,"href":"https:\/\/pizbube.ch\/en\/wp-json\/wp\/v2\/media\/31335"}],"wp:attachment":[{"href":"https:\/\/pizbube.ch\/en\/wp-json\/wp\/v2\/media?parent=152046"}],"wp:term":[{"taxonomy":"product_brand","embeddable":true,"href":"https:\/\/pizbube.ch\/en\/wp-json\/wp\/v2\/product_brand?post=152046"},{"taxonomy":"product_cat","embeddable":true,"href":"https:\/\/pizbube.ch\/en\/wp-json\/wp\/v2\/product_cat?post=152046"},{"taxonomy":"product_tag","embeddable":true,"href":"https:\/\/pizbube.ch\/en\/wp-json\/wp\/v2\/product_tag?post=152046"}],"curies":[{"name":"wp","href":"https:\/\/api.w.org\/{rel}","templated":true}]}}