{"id":152048,"date":"2021-01-15T12:02:58","date_gmt":"2021-01-15T12:02:58","guid":{"rendered":"https:\/\/codengine3.ch\/?product=import-placeholder-for-208251"},"modified":"2024-07-03T08:54:59","modified_gmt":"2024-07-03T06:54:59","slug":"hans-kammerlander-hoehen-und-tiefen-meines-lebens","status":"publish","type":"product","link":"https:\/\/pizbube.ch\/en\/shop\/hans-kammerlander-hoehen-und-tiefen-meines-lebens\/","title":{"rendered":"Hans Kammerlander \u2013 H\u00f6hen und Tiefen meines Lebens"},"content":{"rendered":"<p>Autobiografie in Gespr\u00e4chen<\/p>\n<p>Er fuhr als erster Mensch auf Skiern vom Everest und bezwang fast alle<br \/>\nAchttausender. Hans Kammerlander erlebte spektakul\u00e4re Erfolge an den h\u00f6chsten<br \/>\nGipfeln der Welt, doch zugleich pr\u00e4gten bittere Tiefschl\u00e4ge sein Leben:<br \/>\nKameraden, die er am Berg verlor, oder ein t\u00f6dlicher Autounfall, den er selbst<br \/>\nverschuldete.<\/p>\n<p>F\u00fcr den Sechzigj\u00e4hrigen ist die Zeit gekommen, gemeinsam mit den Journalisten<br \/>\nVerena Duregger und Mario Vigl R\u00fcckschau zu halten. Dabei spricht er nicht nur<br \/>\n\u00fcber alpine Rekorde, sondern auch \u00fcber Themen, die ihn privat besch\u00e4ftigen. Er<br \/>\nreflektiert \u00fcber Egoismus und Ehrlichkeit, Freude und Schmerz, erz\u00e4hlt, wie<br \/>\nihn die Geburt seiner Tochter ver\u00e4ndert hat und was er sich von der Zukunft<br \/>\nerhofft \u2013 denn sein Weg zu den h\u00f6chsten Bergen ist l\u00e4ngst nicht vorbei.<\/p>\n<p>Eine grundehrliche Autobiografie, die den Extrembergsteiger von ganz neuen<br \/>\nSeiten zeigt.<\/p>\n<p>Taschenbuchausgabe 2023<\/p>","protected":false},"excerpt":{"rendered":"<p>Autobiografie in Gespr\u00e4chen Er fuhr als erster Mensch auf Skiern vom Everest und bezwang fast alle Achttausender. Hans Kammerlander erlebte spektakul\u00e4re Erfolge an den h\u00f6chsten Gipfeln der Welt, doch zugleich pr\u00e4gten bittere Tiefschl\u00e4ge sein Leben: Kameraden, die er am Berg verlor, oder ein t\u00f6dlicher Autounfall, den er selbst verschuldete. F\u00fcr den Sechzigj\u00e4hrigen ist die Zeit [&#8230;]\n","protected":false},"featured_media":173732,"template":"","meta":[],"product_brand":[],"product_cat":[21542],"product_tag":[],"class_list":{"0":"post-152048","1":"product","2":"type-product","3":"status-publish","4":"has-post-thumbnail","6":"product_cat-sachbuecher-dokumentationen","7":"pa_autor-duregger-kammerlander-vigl","8":"pa_erscheinungsjahr-27129","9":"pa_region-italien","10":"pa_sprache-de","12":"first","13":"instock","14":"taxable","15":"shipping-taxable","16":"purchasable","17":"product-type-simple"},"_links":{"self":[{"href":"https:\/\/pizbube.ch\/en\/wp-json\/wp\/v2\/product\/152048","targetHints":{"allow":["GET"]}}],"collection":[{"href":"https:\/\/pizbube.ch\/en\/wp-json\/wp\/v2\/product"}],"about":[{"href":"https:\/\/pizbube.ch\/en\/wp-json\/wp\/v2\/types\/product"}],"wp:featuredmedia":[{"embeddable":true,"href":"https:\/\/pizbube.ch\/en\/wp-json\/wp\/v2\/media\/173732"}],"wp:attachment":[{"href":"https:\/\/pizbube.ch\/en\/wp-json\/wp\/v2\/media?parent=152048"}],"wp:term":[{"taxonomy":"product_brand","embeddable":true,"href":"https:\/\/pizbube.ch\/en\/wp-json\/wp\/v2\/product_brand?post=152048"},{"taxonomy":"product_cat","embeddable":true,"href":"https:\/\/pizbube.ch\/en\/wp-json\/wp\/v2\/product_cat?post=152048"},{"taxonomy":"product_tag","embeddable":true,"href":"https:\/\/pizbube.ch\/en\/wp-json\/wp\/v2\/product_tag?post=152048"}],"curies":[{"name":"wp","href":"https:\/\/api.w.org\/{rel}","templated":true}]}}