{"id":152050,"date":"2021-01-15T12:02:58","date_gmt":"2021-01-15T12:02:58","guid":{"rendered":"https:\/\/codengine3.ch\/?product=import-placeholder-for-201597"},"modified":"2021-01-15T12:03:02","modified_gmt":"2021-01-15T12:03:02","slug":"8000-jahre-walliser-gletschergeschichte","status":"publish","type":"product","link":"https:\/\/pizbube.ch\/en\/shop\/8000-jahre-walliser-gletschergeschichte\/","title":{"rendered":"8000 Jahre Walliser Gletschergeschichte"},"content":{"rendered":"<p>\nEin Beitrag zur Erforschung des Klimaverlaufs in der Nacheiszeit  <\/p>\n<p>Unser Leben ist wesentlich vom Klima bestimmt und schon kleinere Schwankungen<br \/>\nk\u00f6nnen unsere Umwelt nachhaltig ver\u00e4ndern! Bis heute kann die Wissenschaft<br \/>\nnoch keine allgemeing\u00fcltige Antwort darauf geben, welche Ursachen letztendlich<br \/>\nzu den Ver\u00e4nderungen f\u00fchren. Doch insbesondere in den Gletschern liegen<br \/>\nInformationen verborgen, die es den Forschern erm\u00f6glicht, das Klima der<br \/>\nvergangenen Jahrtausende zu rekonstruieren und allf\u00e4llige Gesetzm\u00e4ssigkeiten<br \/>\nzu erkennen.  <\/p>\n<p>Die zwei in den siebziger Jahren verfassten Dissertationen leisten einen<br \/>\nBeitrag zur Erforschung des Klimaverlaufs in der Nacheiszeit, indem sie<br \/>\nmehrere im Wallis liegende Gletscher untersuchen. Den Schwerpunkt setzten sie<br \/>\ndabei beim Nachweis fossiler B\u00f6den in Mor\u00e4neninnenw\u00e4nden und im Vergleich von<br \/>\nH\u00f6lzern aus Mor\u00e4nen und Gletschern mit heute wachsenden B\u00e4umen. Eine<br \/>\ninteressante wissenschaftliche Publikation, die dem Leser Einblicke in die<br \/>\nErforschung der Gletscher bietet, wie sie vor mehr als zwanzig Jahren<br \/>\nbetrieben wurde. Die Arbeiten sind jeweils mit aufschlussreichen Skizzen und<br \/>\nPhotos erg\u00e4nzt.  <\/p>\n<p>156 Seiten, 40 Fotos schwarz-weiss, 10 Farbfotos, 95 Zeichnungen, 3 farbige<br \/>\nZeichnunegn, 18 Tabellen  <\/p>","protected":false},"excerpt":{"rendered":"<ul>\n<li><b>INFO: Vergriffen, keine Neuauflage\/Nachdruck<b><\/li>\n<\/ul>","protected":false},"featured_media":28965,"template":"","meta":[],"product_brand":[],"product_cat":[21542],"product_tag":[],"class_list":{"0":"post-152050","1":"product","2":"type-product","3":"status-publish","4":"has-post-thumbnail","6":"product_cat-sachbuecher-dokumentationen","7":"pa_autor-roethlisberger-schneebeli","8":"pa_erscheinungsjahr-22698","9":"pa_region-schweiz","10":"pa_sprache-de","12":"first","13":"outofstock","14":"taxable","15":"shipping-taxable","16":"purchasable","17":"product-type-simple"},"_links":{"self":[{"href":"https:\/\/pizbube.ch\/en\/wp-json\/wp\/v2\/product\/152050","targetHints":{"allow":["GET"]}}],"collection":[{"href":"https:\/\/pizbube.ch\/en\/wp-json\/wp\/v2\/product"}],"about":[{"href":"https:\/\/pizbube.ch\/en\/wp-json\/wp\/v2\/types\/product"}],"wp:featuredmedia":[{"embeddable":true,"href":"https:\/\/pizbube.ch\/en\/wp-json\/wp\/v2\/media\/28965"}],"wp:attachment":[{"href":"https:\/\/pizbube.ch\/en\/wp-json\/wp\/v2\/media?parent=152050"}],"wp:term":[{"taxonomy":"product_brand","embeddable":true,"href":"https:\/\/pizbube.ch\/en\/wp-json\/wp\/v2\/product_brand?post=152050"},{"taxonomy":"product_cat","embeddable":true,"href":"https:\/\/pizbube.ch\/en\/wp-json\/wp\/v2\/product_cat?post=152050"},{"taxonomy":"product_tag","embeddable":true,"href":"https:\/\/pizbube.ch\/en\/wp-json\/wp\/v2\/product_tag?post=152050"}],"curies":[{"name":"wp","href":"https:\/\/api.w.org\/{rel}","templated":true}]}}