{"id":152054,"date":"2021-01-15T12:02:59","date_gmt":"2021-01-15T12:02:59","guid":{"rendered":"https:\/\/codengine3.ch\/?product=import-placeholder-for-203439"},"modified":"2021-01-15T14:23:20","modified_gmt":"2021-01-15T14:23:20","slug":"sommets-cent-ans-d-aventure-en-montagne","status":"publish","type":"product","link":"https:\/\/pizbube.ch\/en\/shop\/sommets-cent-ans-d-aventure-en-montagne\/","title":{"rendered":"SOMMETS CENT ANS D&#8216; AVENTURE EN MONTAGNE"},"content":{"rendered":"<p>L&#8217;incroyable aventure de l&#8217;alpinisme et des explorations g\u00e9ographiques en<br \/>\nmontagne \u00e0 travers le monde, en pr\u00e8s de cent ans de photographies historiques.<br \/>\nPlus de 270 photographies issues des archives photographiques du mus\u00e9e<br \/>\nnational de la Montagne de Turin. C&#8217;est au fil des photographies les plus<br \/>\ndiverses &#8211; vieux tirages noir et blanc, diapositives, n\u00e9gatifs, albums, cartes<br \/>\npostales et \u00e9l\u00e9gants clich\u00e9s d&#8217;\u00e9poque &#8211; que nous est racont\u00e9e dans cet ouvrage<br \/>\nl&#8217;\u00e9tonnante histoire de l&#8217;alpinisme, ainsi que celle des montagnards et<br \/>\nexplorateurs passionn\u00e9s ayant eu le courage de partir \u00e0 l&#8217;assaut des sommets<br \/>\nles plus p\u00e9rilleux. Beau livre (cartonn\u00e9), 288 p.  <\/p>","protected":false},"excerpt":{"rendered":"<p>L&#8217;incroyable aventure de l&#8217;alpinisme et des explorations g\u00e9ographiques en montagne \u00e0 travers le monde, en pr\u00e8s de cent ans de photographies historiques. Plus de 270 photographies issues des archives photographiques du mus\u00e9e national de la Montagne de Turin. C&#8217;est au fil des photographies les plus diverses &#8211; vieux tirages noir et blanc, diapositives, n\u00e9gatifs, albums, [&#8230;]\n","protected":false},"featured_media":31049,"template":"","meta":[],"product_brand":[],"product_cat":[21580],"product_tag":[],"class_list":{"0":"post-152054","1":"product","2":"type-product","3":"status-publish","4":"has-post-thumbnail","6":"product_cat-kunst-kultur","7":"pa_autor-audisio","8":"pa_erscheinungsjahr-21920","9":"pa_region-frankreich","10":"pa_sprache-fr","12":"first","13":"outofstock","14":"taxable","15":"shipping-taxable","16":"purchasable","17":"product-type-simple"},"_links":{"self":[{"href":"https:\/\/pizbube.ch\/en\/wp-json\/wp\/v2\/product\/152054","targetHints":{"allow":["GET"]}}],"collection":[{"href":"https:\/\/pizbube.ch\/en\/wp-json\/wp\/v2\/product"}],"about":[{"href":"https:\/\/pizbube.ch\/en\/wp-json\/wp\/v2\/types\/product"}],"wp:featuredmedia":[{"embeddable":true,"href":"https:\/\/pizbube.ch\/en\/wp-json\/wp\/v2\/media\/31049"}],"wp:attachment":[{"href":"https:\/\/pizbube.ch\/en\/wp-json\/wp\/v2\/media?parent=152054"}],"wp:term":[{"taxonomy":"product_brand","embeddable":true,"href":"https:\/\/pizbube.ch\/en\/wp-json\/wp\/v2\/product_brand?post=152054"},{"taxonomy":"product_cat","embeddable":true,"href":"https:\/\/pizbube.ch\/en\/wp-json\/wp\/v2\/product_cat?post=152054"},{"taxonomy":"product_tag","embeddable":true,"href":"https:\/\/pizbube.ch\/en\/wp-json\/wp\/v2\/product_tag?post=152054"}],"curies":[{"name":"wp","href":"https:\/\/api.w.org\/{rel}","templated":true}]}}