{"id":152055,"date":"2021-01-15T12:02:59","date_gmt":"2021-01-15T12:02:59","guid":{"rendered":"https:\/\/codengine3.ch\/?product=import-placeholder-for-201601"},"modified":"2021-01-15T12:03:03","modified_gmt":"2021-01-15T12:03:03","slug":"lhomme-et-lanimal-sauvage-mensch-und-wildtiere","status":"publish","type":"product","link":"https:\/\/pizbube.ch\/en\/shop\/lhomme-et-lanimal-sauvage-mensch-und-wildtiere\/","title":{"rendered":"L&#8217;homme et l&#8217;animal sauvage &#8211; Mensch und Wildtiere"},"content":{"rendered":"<p>Geschichte der Alpen \u2013 Histoire des Alpes \u2013 Storia delle Alpi. Band 15  <\/p>\n<p>Die Koexistenz zwischen Menschen und wilden Tieren war im Alpenraum w\u00e4hrend<br \/>\nlanger Zeit von einem Antagonismus und von einer wirtschaftlichen<br \/>\nVerwertbarkeit gepr\u00e4gt. Repr\u00e4sentationen und Symbole schufen dabei ein<br \/>\nungleiches Verh\u00e4ltnis. Zunehmende Eingriffe des Menschen in die nat\u00fcrliche<br \/>\nUmwelt haben dieses Verh\u00e4ltnis ver\u00e4ndert. Wildtiere, einst an den Randzonen<br \/>\nder menschlichen R\u00e4ume akzeptiert oder toleriert, sind heute zu<br \/>\nsch\u00fctzenswerten Objekten geworden in einem fragilen Gleichgewicht zwischen<br \/>\neiner neuen \u00f6kologischen Empfindsamkeit und dem Wunsch, die Alpengebiete als<br \/>\nmenschlichen Lebensraum zu erhalten.  <\/p>\n<p>La coexistence de l&#8217;homme et des animaux sauvages dans les Alpes a longtemps<br \/>\n\u00e9t\u00e9 marqu\u00e9e par des antagonismes qui se sont cristallis\u00e9s dans une multitude<br \/>\nde repr\u00e9sentations culturelles. Aujourd&#8217;hui, l&#8217;ing\u00e9rence grandissante de<br \/>\nl&#8217;homme dans le milieu naturel a transform\u00e9 ce rapport. Autrefois accept\u00e9s (ou<br \/>\ntol\u00e9r\u00e9s) sur les marges des espaces anthropis\u00e9s, les animaux sauvage sont<br \/>\ndevenus des esp\u00e8ces a prot\u00e9ger \u00e0 l&#8217;int\u00e9rieur d&#8217;un \u00e9quilibre fragile entre<br \/>\nnouvelles sensibilit\u00e9s \u00e9cologiques et volont\u00e9 de pr\u00e9server la montagne en tant<br \/>\nqu&#8217;espace de vie humain.  <\/p>","protected":false},"excerpt":{"rendered":"<p>Geschichte der Alpen \u2013 Histoire des Alpes \u2013 Storia delle Alpi. Band 15 Die Koexistenz zwischen Menschen und wilden Tieren war im Alpenraum w\u00e4hrend langer Zeit von einem Antagonismus und von einer wirtschaftlichen Verwertbarkeit gepr\u00e4gt. Repr\u00e4sentationen und Symbole schufen dabei ein ungleiches Verh\u00e4ltnis. Zunehmende Eingriffe des Menschen in die nat\u00fcrliche Umwelt haben dieses Verh\u00e4ltnis ver\u00e4ndert. [&#8230;]\n","protected":false},"featured_media":28968,"template":"","meta":[],"product_brand":[],"product_cat":[21542],"product_tag":[],"class_list":{"0":"post-152055","1":"product","2":"type-product","3":"status-publish","4":"has-post-thumbnail","6":"product_cat-sachbuecher-dokumentationen","7":"pa_autor-furter-head-koenig-lorenzetti","8":"pa_erscheinungsjahr-21830","9":"pa_region-schweiz","10":"pa_sprache-d","11":"pa_sprache-f","13":"first","14":"instock","15":"taxable","16":"shipping-taxable","17":"purchasable","18":"product-type-simple"},"_links":{"self":[{"href":"https:\/\/pizbube.ch\/en\/wp-json\/wp\/v2\/product\/152055","targetHints":{"allow":["GET"]}}],"collection":[{"href":"https:\/\/pizbube.ch\/en\/wp-json\/wp\/v2\/product"}],"about":[{"href":"https:\/\/pizbube.ch\/en\/wp-json\/wp\/v2\/types\/product"}],"wp:featuredmedia":[{"embeddable":true,"href":"https:\/\/pizbube.ch\/en\/wp-json\/wp\/v2\/media\/28968"}],"wp:attachment":[{"href":"https:\/\/pizbube.ch\/en\/wp-json\/wp\/v2\/media?parent=152055"}],"wp:term":[{"taxonomy":"product_brand","embeddable":true,"href":"https:\/\/pizbube.ch\/en\/wp-json\/wp\/v2\/product_brand?post=152055"},{"taxonomy":"product_cat","embeddable":true,"href":"https:\/\/pizbube.ch\/en\/wp-json\/wp\/v2\/product_cat?post=152055"},{"taxonomy":"product_tag","embeddable":true,"href":"https:\/\/pizbube.ch\/en\/wp-json\/wp\/v2\/product_tag?post=152055"}],"curies":[{"name":"wp","href":"https:\/\/api.w.org\/{rel}","templated":true}]}}