{"id":152057,"date":"2021-01-15T12:02:59","date_gmt":"2021-01-15T12:02:59","guid":{"rendered":"https:\/\/codengine3.ch\/?product=import-placeholder-for-202092"},"modified":"2021-01-15T12:33:18","modified_gmt":"2021-01-15T12:33:18","slug":"tiere-der-alpen","status":"publish","type":"product","link":"https:\/\/pizbube.ch\/en\/shop\/tiere-der-alpen\/","title":{"rendered":"Tiere der Alpen"},"content":{"rendered":"<p>Grossformatige Dokumentation mit Aufnahmen von mehrfach ausgezeichneten Natur-<br \/>\nfotografen. Katalog mit Kurzinformationen \u00fcber rund 200 Tierarten. Der<br \/>\nwundersch\u00f6ne, grossformatige Bildband entf\u00fchrt den Leser und Betrachter in die<br \/>\nvielf\u00e4ltige Bergwelt der Alpen mit seiner grossartigen Fauna.<br \/>\nKatalog mit Kurzinformationen \u00fcber rund 200 S\u00e4ugetier- und Vogelarten, 182<br \/>\nFarbaufnahmen, 17 Strichzeichnungen.<\/p>","protected":false},"excerpt":{"rendered":"<p>Grossformatige Dokumentation mit Aufnahmen von mehrfach ausgezeichneten Natur- fotografen. Katalog mit Kurzinformationen \u00fcber rund 200 Tierarten. Der wundersch\u00f6ne, grossformatige Bildband entf\u00fchrt den Leser und Betrachter in die vielf\u00e4ltige Bergwelt der Alpen mit seiner grossartigen Fauna. Katalog mit Kurzinformationen \u00fcber rund 200 S\u00e4ugetier- und Vogelarten, 182 Farbaufnahmen, 17 Strichzeichnungen.<\/p>","protected":false},"featured_media":29476,"template":"","meta":[],"product_brand":[],"product_cat":[21542],"product_tag":[],"class_list":{"0":"post-152057","1":"product","2":"type-product","3":"status-publish","4":"has-post-thumbnail","6":"product_cat-sachbuecher-dokumentationen","7":"pa_autor-cantini-ferrera-turcatti","8":"pa_erscheinungsjahr-21750","9":"pa_region-fauna-flora-geologie-glaziologie","10":"pa_sprache-de","12":"first","13":"instock","14":"taxable","15":"shipping-taxable","16":"purchasable","17":"product-type-simple"},"_links":{"self":[{"href":"https:\/\/pizbube.ch\/en\/wp-json\/wp\/v2\/product\/152057","targetHints":{"allow":["GET"]}}],"collection":[{"href":"https:\/\/pizbube.ch\/en\/wp-json\/wp\/v2\/product"}],"about":[{"href":"https:\/\/pizbube.ch\/en\/wp-json\/wp\/v2\/types\/product"}],"wp:featuredmedia":[{"embeddable":true,"href":"https:\/\/pizbube.ch\/en\/wp-json\/wp\/v2\/media\/29476"}],"wp:attachment":[{"href":"https:\/\/pizbube.ch\/en\/wp-json\/wp\/v2\/media?parent=152057"}],"wp:term":[{"taxonomy":"product_brand","embeddable":true,"href":"https:\/\/pizbube.ch\/en\/wp-json\/wp\/v2\/product_brand?post=152057"},{"taxonomy":"product_cat","embeddable":true,"href":"https:\/\/pizbube.ch\/en\/wp-json\/wp\/v2\/product_cat?post=152057"},{"taxonomy":"product_tag","embeddable":true,"href":"https:\/\/pizbube.ch\/en\/wp-json\/wp\/v2\/product_tag?post=152057"}],"curies":[{"name":"wp","href":"https:\/\/api.w.org\/{rel}","templated":true}]}}