{"id":152058,"date":"2021-01-15T12:02:59","date_gmt":"2021-01-15T12:02:59","guid":{"rendered":"https:\/\/codengine3.ch\/?product=import-placeholder-for-203221"},"modified":"2021-01-15T12:55:14","modified_gmt":"2021-01-15T12:55:14","slug":"die-alpen-gaemse","status":"publish","type":"product","link":"https:\/\/pizbube.ch\/en\/shop\/die-alpen-gaemse\/","title":{"rendered":"Die Alpen G\u00e4mse"},"content":{"rendered":"<p>Leben und Verhalten der G\u00e4msen bergen bis heute Unentdecktes: so ist die<br \/>\nregelm\u00e4ssige Aktivit\u00e4t um Mitternacht erst seit kurzer Zeit bekannt. Auch<br \/>\nkennen sich G\u00e4msen pers\u00f6nlich, aber die Wissenschaft steht noch weit entfernt<br \/>\nvom Beweis. Im Fr\u00fchsommer betreiben G\u00e4msen Kinderhorte, die bisherigen<br \/>\nG\u00e4msb\u00fccher erw\u00e4hnen dies kaum. Berggr\u00e4te spielen eine wichtige Rolle im Leben<br \/>\nder G\u00e4msen.<\/p>\n<p>Wir sind unterwegs mit dem Biologen und Naturfotografen Peter W. Baumann.<br \/>\nDurch seine Kamera erleben wir die G\u00e4mse bei Paarung, Geburt und Tod, den<br \/>\nLuchs auf G\u00e4msjagd, die B\u00f6cke beim Kampf. Das Buch erschliesst mit traumhaften<br \/>\nFarbfotos und thematischen Kurztexten das Leben der G\u00e4mse.<\/p>","protected":false},"excerpt":{"rendered":"<p>Leben und Verhalten der G\u00e4msen bergen bis heute Unentdecktes: so ist die regelm\u00e4ssige Aktivit\u00e4t um Mitternacht erst seit kurzer Zeit bekannt. Auch kennen sich G\u00e4msen pers\u00f6nlich, aber die Wissenschaft steht noch weit entfernt vom Beweis. Im Fr\u00fchsommer betreiben G\u00e4msen Kinderhorte, die bisherigen G\u00e4msb\u00fccher erw\u00e4hnen dies kaum. Berggr\u00e4te spielen eine wichtige Rolle im Leben der G\u00e4msen. [&#8230;]\n","protected":false},"featured_media":30778,"template":"","meta":[],"product_brand":[],"product_cat":[21542],"product_tag":[],"class_list":{"0":"post-152058","1":"product","2":"type-product","3":"status-publish","4":"has-post-thumbnail","6":"product_cat-sachbuecher-dokumentationen","7":"pa_autor-baumann","8":"pa_erscheinungsjahr-21920","9":"pa_region-fauna-flora-geologie-glaziologie","10":"pa_sprache-de","12":"first","13":"instock","14":"taxable","15":"shipping-taxable","16":"purchasable","17":"product-type-simple"},"_links":{"self":[{"href":"https:\/\/pizbube.ch\/en\/wp-json\/wp\/v2\/product\/152058","targetHints":{"allow":["GET"]}}],"collection":[{"href":"https:\/\/pizbube.ch\/en\/wp-json\/wp\/v2\/product"}],"about":[{"href":"https:\/\/pizbube.ch\/en\/wp-json\/wp\/v2\/types\/product"}],"wp:featuredmedia":[{"embeddable":true,"href":"https:\/\/pizbube.ch\/en\/wp-json\/wp\/v2\/media\/30778"}],"wp:attachment":[{"href":"https:\/\/pizbube.ch\/en\/wp-json\/wp\/v2\/media?parent=152058"}],"wp:term":[{"taxonomy":"product_brand","embeddable":true,"href":"https:\/\/pizbube.ch\/en\/wp-json\/wp\/v2\/product_brand?post=152058"},{"taxonomy":"product_cat","embeddable":true,"href":"https:\/\/pizbube.ch\/en\/wp-json\/wp\/v2\/product_cat?post=152058"},{"taxonomy":"product_tag","embeddable":true,"href":"https:\/\/pizbube.ch\/en\/wp-json\/wp\/v2\/product_tag?post=152058"}],"curies":[{"name":"wp","href":"https:\/\/api.w.org\/{rel}","templated":true}]}}