{"id":152065,"date":"2021-01-15T12:03:00","date_gmt":"2021-01-15T12:03:00","guid":{"rendered":"https:\/\/codengine3.ch\/?product=import-placeholder-for-203666"},"modified":"2023-02-08T11:47:03","modified_gmt":"2023-02-08T10:47:03","slug":"slowakei-slovakia-1-280-000","status":"publish","type":"product","link":"https:\/\/pizbube.ch\/en\/shop\/slowakei-slovakia-1-280-000\/","title":{"rendered":"slowakei slovakia 1: 280 000"},"content":{"rendered":"<p><span class=\"value\">Hochrei\u00dffeste und 100% wasserfeste Landkarte &#171;Slowakei&#187; aus der Serie world mapping project.<\/p>\n<p>Reise Know-How Landkarten zeichnen sich durch besonders stabiles Kunststoffpapier aus, das beschreibbar ist wie Papier, sogar mit Bleistift. Der Pappumschlag ist abnehmbar, so dass sich die Karte bequem in jede Tasche stecken l\u00e4sst. Eine Schutzh\u00fclle ist nicht erforderlich. Die kartografische Darstellung konzentriert sich auf die wichtigsten Informationen f\u00fcr Reisende und ist besonders gut lesbar. Statt einer Schummerung werden farbige H\u00f6henschichten verwendet.<\/p>\n<p>Ausstattung: &#8211; H\u00f6henlinien mit H\u00f6henangaben; &#8211; Farbige H\u00f6henschichten; &#8211; Klassifiziertes Stra\u00dfennetz mit Entfernungsangaben; &#8211; Sehensw\u00fcrdigkeiten; &#8211; Ausf\u00fchrlicher Ortsindex; &#8211; GPS-genau; &#8211; L\u00e4ngen- und Breitengrade; &#8211; UTM-Gitter; &#8211; F\u00fcnfsprachige Legende (deutsch, englisch, franz\u00f6sisch, spanisch, russisch). Handliches Format: 70&#215;100 cm, 2-seitig bedruckt.<\/span><\/p>","protected":false},"excerpt":{"rendered":"<p>Hochrei\u00dffeste und 100% wasserfeste Landkarte &#171;Slowakei&#187; aus der Serie world mapping project. Reise Know-How Landkarten zeichnen sich durch besonders stabiles Kunststoffpapier aus, das beschreibbar ist wie Papier, sogar mit Bleistift. Der Pappumschlag ist abnehmbar, so dass sich die Karte bequem in jede Tasche stecken l\u00e4sst. Eine Schutzh\u00fclle ist nicht erforderlich. Die kartografische Darstellung konzentriert sich [&#8230;]\n","protected":false},"featured_media":166046,"template":"","meta":[],"product_brand":[],"product_cat":[21543],"product_tag":[],"class_list":{"0":"post-152065","1":"product","2":"type-product","3":"status-publish","4":"has-post-thumbnail","6":"product_cat-landkarten","7":"pa_autor-reise-know-how","8":"pa_erscheinungsjahr-21546","9":"pa_region-osteuropa","10":"pa_sprache-d","11":"pa_sprache-e","13":"first","14":"instock","15":"taxable","16":"shipping-taxable","17":"purchasable","18":"product-type-simple"},"_links":{"self":[{"href":"https:\/\/pizbube.ch\/en\/wp-json\/wp\/v2\/product\/152065","targetHints":{"allow":["GET"]}}],"collection":[{"href":"https:\/\/pizbube.ch\/en\/wp-json\/wp\/v2\/product"}],"about":[{"href":"https:\/\/pizbube.ch\/en\/wp-json\/wp\/v2\/types\/product"}],"wp:featuredmedia":[{"embeddable":true,"href":"https:\/\/pizbube.ch\/en\/wp-json\/wp\/v2\/media\/166046"}],"wp:attachment":[{"href":"https:\/\/pizbube.ch\/en\/wp-json\/wp\/v2\/media?parent=152065"}],"wp:term":[{"taxonomy":"product_brand","embeddable":true,"href":"https:\/\/pizbube.ch\/en\/wp-json\/wp\/v2\/product_brand?post=152065"},{"taxonomy":"product_cat","embeddable":true,"href":"https:\/\/pizbube.ch\/en\/wp-json\/wp\/v2\/product_cat?post=152065"},{"taxonomy":"product_tag","embeddable":true,"href":"https:\/\/pizbube.ch\/en\/wp-json\/wp\/v2\/product_tag?post=152065"}],"curies":[{"name":"wp","href":"https:\/\/api.w.org\/{rel}","templated":true}]}}