{"id":152066,"date":"2021-01-15T12:03:00","date_gmt":"2021-01-15T12:03:00","guid":{"rendered":"https:\/\/codengine3.ch\/?product=import-placeholder-for-204976"},"modified":"2021-01-15T14:37:44","modified_gmt":"2021-01-15T14:37:44","slug":"hohe-tatra-berg-und-wanderfuehrer","status":"publish","type":"product","link":"https:\/\/pizbube.ch\/en\/shop\/hohe-tatra-berg-und-wanderfuehrer\/","title":{"rendered":"Hohe Tatra Berg- und Wanderf\u00fchrer"},"content":{"rendered":"<p>4 B\u00e4nde \u00fcber das Gebirge der Nordslowakei; Reihe Slowakei Bd.2\/1-3\/2<br \/>\nGelbe Wand und Gr\u00fcner See &#8211; die unbekannte Bergwelt  <\/p>\n<p>Hohe Tatra, Kleine Fatra, Grosse Fatra, Chocgebirge, Niedere Tatra,<br \/>\nSlowakisches Paradies.<br \/>\ninsgesamt 966 S., 37 schw.-w. Abb. 2., \u00fcberarb. Aufl. m. Fotos sowie Ktn.- u.<br \/>\nAnstiegs-Skizzen<\/p>","protected":false},"excerpt":{"rendered":"<p>4 B\u00e4nde \u00fcber das Gebirge der Nordslowakei; Reihe Slowakei Bd.2\/1-3\/2 Gelbe Wand und Gr\u00fcner See &#8211; die unbekannte Bergwelt Hohe Tatra, Kleine Fatra, Grosse Fatra, Chocgebirge, Niedere Tatra, Slowakisches Paradies. insgesamt 966 S., 37 schw.-w. Abb. 2., \u00fcberarb. Aufl. m. Fotos sowie Ktn.- u. Anstiegs-Skizzen<\/p>","protected":false},"featured_media":33543,"template":"","meta":[],"product_brand":[],"product_cat":[21544],"product_tag":[],"class_list":{"0":"post-152066","1":"product","2":"type-product","3":"status-publish","4":"has-post-thumbnail","6":"product_cat-fuehrerliteratur-alpin-sommer","7":"pa_autor-hochberger","8":"pa_erscheinungsjahr-22246","9":"pa_region-osteuropa","10":"pa_sprache-de","12":"first","13":"outofstock","14":"taxable","15":"shipping-taxable","16":"purchasable","17":"product-type-simple"},"_links":{"self":[{"href":"https:\/\/pizbube.ch\/en\/wp-json\/wp\/v2\/product\/152066","targetHints":{"allow":["GET"]}}],"collection":[{"href":"https:\/\/pizbube.ch\/en\/wp-json\/wp\/v2\/product"}],"about":[{"href":"https:\/\/pizbube.ch\/en\/wp-json\/wp\/v2\/types\/product"}],"wp:featuredmedia":[{"embeddable":true,"href":"https:\/\/pizbube.ch\/en\/wp-json\/wp\/v2\/media\/33543"}],"wp:attachment":[{"href":"https:\/\/pizbube.ch\/en\/wp-json\/wp\/v2\/media?parent=152066"}],"wp:term":[{"taxonomy":"product_brand","embeddable":true,"href":"https:\/\/pizbube.ch\/en\/wp-json\/wp\/v2\/product_brand?post=152066"},{"taxonomy":"product_cat","embeddable":true,"href":"https:\/\/pizbube.ch\/en\/wp-json\/wp\/v2\/product_cat?post=152066"},{"taxonomy":"product_tag","embeddable":true,"href":"https:\/\/pizbube.ch\/en\/wp-json\/wp\/v2\/product_tag?post=152066"}],"curies":[{"name":"wp","href":"https:\/\/api.w.org\/{rel}","templated":true}]}}